{"id":735,"date":"2021-05-17T18:56:11","date_gmt":"2021-05-17T18:56:11","guid":{"rendered":"https:\/\/avadawebsites.wpengine.com\/dentist\/?page_id=735"},"modified":"2025-06-05T14:01:30","modified_gmt":"2025-06-05T14:01:30","slug":"dentist-home","status":"publish","type":"page","link":"https:\/\/tarina.sedu.fi\/","title":{"rendered":"Kotisivu"},"content":{"rendered":"<p><div class=\"fusion-fullwidth fullwidth-box fusion-builder-row-1 fusion-flex-container nonhundred-percent-fullwidth non-hundred-percent-height-scrolling\" style=\"--awb-border-radius-top-left:0px;--awb-border-radius-top-right:0px;--awb-border-radius-bottom-right:0px;--awb-border-radius-bottom-left:0px;--awb-padding-top:0px;--awb-padding-bottom:90px;--awb-padding-left:0px;--awb-flex-wrap:wrap;\" ><div class=\"fusion-builder-row fusion-row fusion-flex-align-items-stretch fusion-flex-justify-content-center fusion-flex-content-wrap\" style=\"max-width:1144px;margin-left: calc(-4% \/ 2 );margin-right: calc(-4% \/ 2 );\"><div class=\"fusion-layout-column fusion_builder_column fusion-builder-column-0 fusion_builder_column_3_5 3_5 fusion-flex-column\" style=\"--awb-bg-blend:overlay;--awb-bg-size:cover;--awb-width-large:60%;--awb-margin-top-large:2%;--awb-spacing-right-large:3.2%;--awb-margin-bottom-large:2%;--awb-spacing-left-large:3.2%;--awb-width-medium:100%;--awb-spacing-right-medium:1.92%;--awb-spacing-left-medium:1.92%;--awb-width-small:100%;--awb-spacing-right-small:1.92%;--awb-spacing-left-small:1.92%;\"><div class=\"fusion-column-wrapper fusion-flex-justify-content-flex-start fusion-content-layout-column\"><div class=\"fusion-text fusion-text-1\"><\/div><\/div><\/div><div class=\"fusion-layout-column fusion_builder_column fusion-builder-column-1 fusion_builder_column_1_1 1_1 fusion-flex-column\" style=\"--awb-padding-left:12px;--awb-bg-size:cover;--awb-width-large:100%;--awb-margin-top-large:0px;--awb-spacing-right-large:1.92%;--awb-margin-bottom-large:20px;--awb-spacing-left-large:1.92%;--awb-width-medium:100%;--awb-order-medium:0;--awb-spacing-right-medium:1.92%;--awb-spacing-left-medium:1.92%;--awb-width-small:100%;--awb-order-small:0;--awb-spacing-right-small:1.92%;--awb-spacing-left-small:1.92%;\"><div class=\"fusion-column-wrapper fusion-column-has-shadow fusion-flex-justify-content-flex-start fusion-content-layout-column\"><div class=\"fusion-text fusion-text-2\"><h2><span style=\"color: #000000;\"><strong>20-vuotias Sedu kehittyy vastuullisesti yhteisty\u00f6ss\u00e4 ty\u00f6el\u00e4m\u00e4n kanssa<\/strong><\/span><\/h2>\n<\/div><\/div><\/div><div class=\"fusion-layout-column fusion_builder_column fusion-builder-column-2 fusion_builder_column_1_2 1_2 fusion-flex-column\" style=\"--awb-padding-left:12px;--awb-bg-size:cover;--awb-width-large:50%;--awb-margin-top-large:0px;--awb-spacing-right-large:3.84%;--awb-margin-bottom-large:20px;--awb-spacing-left-large:3.072%;--awb-width-medium:100%;--awb-order-medium:0;--awb-spacing-right-medium:1.92%;--awb-spacing-left-medium:1.92%;--awb-width-small:100%;--awb-order-small:0;--awb-spacing-right-small:1.92%;--awb-spacing-left-small:1.92%;\"><div class=\"fusion-column-wrapper fusion-column-has-shadow fusion-flex-justify-content-flex-start fusion-content-layout-column\"><div class=\"fusion-text fusion-text-3\" style=\"--awb-text-font-family:&quot;Metropolis_regular&quot;;--awb-text-font-style:normal;--awb-text-font-weight:400;\"><p style=\"font-size: 18px; font-family: Metropolis_regular;\" data-fusion-font=\"true\"><strong>Sein\u00e4joen koulutuskuntayhtym\u00e4n johtaja, rehtori Pasi Artikainen kuvaa 20-vuotiasta Sedua vastuulliseksi kumppaniksi.<\/strong><\/p>\n<p style=\"font-size: 18px; font-family: Metropolis_regular;\" data-fusion-font=\"true\">Ty\u00f6el\u00e4m\u00e4n kanssa teht\u00e4v\u00e4 yhteisty\u00f6 on laajaa, ja ammatillisen koulutuksen uudistus, reformi v. 2018 syvensi sit\u00e4. Sedun rekistereiss\u00e4 on noin 7000 ty\u00f6nantajaa, jotka ovat tarjonneet opiskelijoille ty\u00f6paikalla oppimisen paikan. Ne uhkakuvat, joita maalailtiin reformin aikaan, eiv\u00e4t ole toteutuneet.<\/p>\n<p style=\"font-size: 18px; font-family: Metropolis_regular;\" data-fusion-font=\"true\">Suomalaisen koulutusj\u00e4rjestelm\u00e4n vahvuus on se, ett\u00e4 meill\u00e4 toimitaan tiiviiss\u00e4 kontaktissa ty\u00f6el\u00e4m\u00e4n kanssa verrattuna esim. Italiaan. Siell\u00e4 yritysjohto kysyi, miksi pit\u00e4isi tehd\u00e4 yhteisty\u00f6t\u00e4 oppilaitosten kanssa. Yhteisty\u00f6st\u00e4 hy\u00f6tyv\u00e4t kaikki osapuolet; yli puolet Sedun opiskelijoista ty\u00f6llistyy koulutussopimuspaikkaansa. Ty\u00f6nantajat nimesiv\u00e4t t\u00e4m\u00e4n yhdeksi parhaimmista keinoista rekrytoida uutta ty\u00f6voimaa Sein\u00e4joen ammattikorkeakoulun kev\u00e4\u00e4ll\u00e4 2025 toteuttamassa tutkimuksessa.<\/p>\n<p style=\"font-size: 18px; font-family: Metropolis_regular;\" data-fusion-font=\"true\"><strong>Sedua pit\u00e4v\u00e4t liikkeess\u00e4 paitsi talous ja rakentaminen my\u00f6s koulutusleikkaukset<span style=\"font-size: 18px; font-family: Metropolis_regular;\" data-fusion-font=\"true\">.\u00a0<\/span><\/strong><\/p>\n<blockquote>\n<p style=\"font-size: 18px; font-family: Metropolis_regular;\" data-fusion-font=\"true\">Meid\u00e4n teht\u00e4v\u00e4mme on pysy\u00e4 selvill\u00e4 siit\u00e4, mit\u00e4 meid\u00e4n alueella tapahtuu. Meid\u00e4n tulee kouluttaa tekij\u00f6it\u00e4 niille aloille, joita Etel\u00e4-Pohjanmaalla tarvitaan, Artikainen painottaa.<\/p>\n<\/blockquote>\n<p><strong><span style=\"font-size: 18px; font-family: Metropolis_regular;\" data-fusion-font=\"true\">Kun Sedu on monialainen, seurattavia valtakunnallisia ja alueellisia trendej\u00e4 riitt\u00e4\u00e4.<\/span><\/strong><\/p>\n<blockquote>\n<p style=\"font-size: 18px; font-family: Metropolis_regular;\" data-fusion-font=\"true\">Merkkej\u00e4, joihin pit\u00e4isi vastata, on aika paljon. Toki strategia ohjaa meid\u00e4n valintoja. Yksi esimerkki megatrendeist\u00e4 on vihre\u00e4 siirtym\u00e4, sit\u00e4 me seuraamme ja sen vaikutuksia osaamiseen. Lis\u00e4- ja t\u00e4ydennyskoulutustarpeissa k\u00e4\u00e4nnyt\u00e4\u00e4n meid\u00e4n puoleemme, Artikainen selvent\u00e4\u00e4.<\/p>\n<\/blockquote>\n<p><strong><span style=\"font-size: 18px; font-family: Metropolis_regular;\" data-fusion-font=\"true\">Etel\u00e4-Pohjanmaan kansainv\u00e4listyminen on voimistunut ihan viime vuosina. Sedussa opiskelee entist\u00e4 enemm\u00e4n eritaustaisia ihmisi\u00e4.<\/span><\/strong><\/p>\n<blockquote>\n<p style=\"font-size: 18px; font-family: Metropolis_regular;\" data-fusion-font=\"true\">Sedun pit\u00e4\u00e4 pysty\u00e4 viem\u00e4\u00e4n n\u00e4it\u00e4 ihmisi\u00e4 eteenp\u00e4in; vierastan ajattelua, ett\u00e4 he j\u00e4isiv\u00e4t sis\u00e4\u00e4ntuloammatteihin. Meid\u00e4n teht\u00e4v\u00e4mme on kouluttaa heit\u00e4 niin, ett\u00e4 he voivat ty\u00f6paikoillaan edet\u00e4 kympeiksi, asiantuntijoiksi ja uralla my\u00f6s muihin teht\u00e4viin. On t\u00e4rke\u00e4\u00e4, ett\u00e4 he integroituvat t\u00e4nne hyvin, Artikainen sanoo.<\/p>\n<\/blockquote>\n<\/div><\/div><\/div><div class=\"fusion-layout-column fusion_builder_column fusion-builder-column-3 fusion_builder_column_1_2 1_2 fusion-flex-column fusion-flex-align-self-stretch\" style=\"--awb-padding-left:89px;--awb-bg-blend:overlay;--awb-bg-size:cover;--awb-width-large:50%;--awb-margin-top-large:3px;--awb-spacing-right-large:0%;--awb-margin-bottom-large:20px;--awb-spacing-left-large:0%;--awb-width-medium:100%;--awb-spacing-right-medium:1.92%;--awb-spacing-left-medium:1.92%;--awb-width-small:100%;--awb-spacing-right-small:1.92%;--awb-spacing-left-small:1.92%;\"><div class=\"fusion-column-wrapper fusion-flex-justify-content-flex-start fusion-content-layout-column\"><div class=\"fusion-image-element \" style=\"--awb-caption-title-font-family:var(--h2_typography-font-family);--awb-caption-title-font-weight:var(--h2_typography-font-weight);--awb-caption-title-font-style:var(--h2_typography-font-style);--awb-caption-title-size:var(--h2_typography-font-size);--awb-caption-title-transform:var(--h2_typography-text-transform);--awb-caption-title-line-height:var(--h2_typography-line-height);--awb-caption-title-letter-spacing:var(--h2_typography-letter-spacing);\"><span class=\" fusion-imageframe imageframe-none imageframe-1 hover-type-none\"><img decoding=\"async\" width=\"1920\" height=\"2880\" title=\"Pasi\" src=\"data:image\/svg+xml,%3Csvg%20xmlns%3D%27http%3A%2F%2Fwww.w3.org%2F2000%2Fsvg%27%20width%3D%271920%27%20height%3D%272880%27%20viewBox%3D%270%200%201920%202880%27%3E%3Crect%20width%3D%271920%27%20height%3D%272880%27%20fill-opacity%3D%220%22%2F%3E%3C%2Fsvg%3E\" data-orig-src=\"https:\/\/tarina.sedu.fi\/wp-content\/uploads\/2025\/05\/Pasi.png\" alt class=\"lazyload img-responsive wp-image-2156\"\/><\/span><\/div><\/div><\/div><\/div><\/div><div class=\"fusion-fullwidth fullwidth-box fusion-builder-row-2 fusion-flex-container has-pattern-background has-mask-background nonhundred-percent-fullwidth non-hundred-percent-height-scrolling\" style=\"--awb-border-radius-top-left:0px;--awb-border-radius-top-right:0px;--awb-border-radius-bottom-right:0px;--awb-border-radius-bottom-left:0px;--awb-padding-top:0px;--awb-padding-bottom:0px;--awb-flex-wrap:wrap;\" ><div class=\"fusion-builder-row fusion-row fusion-flex-align-items-flex-start fusion-flex-content-wrap\" style=\"max-width:1144px;margin-left: calc(-4% \/ 2 );margin-right: calc(-4% \/ 2 );\"><div class=\"fusion-layout-column fusion_builder_column fusion-builder-column-4 fusion_builder_column_1_1 1_1 fusion-flex-column\" style=\"--awb-bg-size:cover;--awb-width-large:100%;--awb-margin-top-large:0px;--awb-spacing-right-large:1.92%;--awb-margin-bottom-large:20px;--awb-spacing-left-large:1.92%;--awb-width-medium:100%;--awb-order-medium:0;--awb-spacing-right-medium:1.92%;--awb-spacing-left-medium:1.92%;--awb-width-small:100%;--awb-order-small:0;--awb-spacing-right-small:1.92%;--awb-spacing-left-small:1.92%;\"><div class=\"fusion-column-wrapper fusion-column-has-shadow fusion-flex-justify-content-flex-start fusion-content-layout-column\"><div class=\"fusion-video fusion-youtube\" style=\"--awb-max-width:600px;--awb-max-height:360px;\"><div class=\"video-shortcode\"><lite-youtube videoid=\"se5HQJlZmf8\" class=\"landscape\" params=\"wmode=transparent&autoplay=1&enablejsapi=1\" title=\"YouTube video player 1\" width=\"600\" height=\"360\" data-thumbnail-size=\"auto\" data-no-cookie=\"on\"><\/lite-youtube><\/div><\/div><\/div><\/div><div class=\"fusion-layout-column fusion_builder_column fusion-builder-column-5 fusion_builder_column_3_5 3_5 fusion-flex-column\" style=\"--awb-bg-size:cover;--awb-width-large:60%;--awb-margin-top-large:0px;--awb-spacing-right-large:3.2%;--awb-margin-bottom-large:20px;--awb-spacing-left-large:3.2%;--awb-width-medium:100%;--awb-order-medium:0;--awb-spacing-right-medium:1.92%;--awb-spacing-left-medium:1.92%;--awb-width-small:100%;--awb-order-small:0;--awb-spacing-right-small:1.92%;--awb-spacing-left-small:1.92%;\"><div class=\"fusion-column-wrapper fusion-column-has-shadow fusion-flex-justify-content-flex-start fusion-content-layout-column\"><div class=\"fusion-text fusion-text-4\"><p style=\"font-size: 10px; font-family: Metropolis_regular;\" data-fusion-font=\"true\"><em><span style=\"font-size: 12pt;\" data-fusion-font=\"true\">Kuntayhtym\u00e4n johtaja Pasi Artikainen ottaa kantaa teko\u00e4lyn mahdollisuuksiin ammatillisessa koulutuksessa.<\/span><\/em><\/p>\n<\/div><\/div><\/div><\/div><\/div><div class=\"fusion-fullwidth fullwidth-box fusion-builder-row-3 fusion-flex-container has-pattern-background has-mask-background nonhundred-percent-fullwidth non-hundred-percent-height-scrolling\" style=\"--awb-border-radius-top-left:0px;--awb-border-radius-top-right:0px;--awb-border-radius-bottom-right:0px;--awb-border-radius-bottom-left:0px;--awb-flex-wrap:wrap;\" ><div class=\"fusion-builder-row fusion-row fusion-flex-align-items-flex-start fusion-flex-content-wrap\" style=\"max-width:1144px;margin-left: calc(-4% \/ 2 );margin-right: calc(-4% \/ 2 );\"><div class=\"fusion-layout-column fusion_builder_column fusion-builder-column-6 fusion_builder_column_5_6 5_6 fusion-flex-column\" style=\"--awb-bg-size:cover;--awb-width-large:83.333333333333%;--awb-margin-top-large:0px;--awb-spacing-right-large:2.304%;--awb-margin-bottom-large:20px;--awb-spacing-left-large:2.304%;--awb-width-medium:100%;--awb-order-medium:0;--awb-spacing-right-medium:1.92%;--awb-spacing-left-medium:1.92%;--awb-width-small:100%;--awb-order-small:0;--awb-spacing-right-small:1.92%;--awb-spacing-left-small:1.92%;\"><div class=\"fusion-column-wrapper fusion-column-has-shadow fusion-flex-justify-content-flex-start fusion-content-layout-column\"><div class=\"fusion-image-element \" style=\"--awb-caption-title-font-family:var(--h2_typography-font-family);--awb-caption-title-font-weight:var(--h2_typography-font-weight);--awb-caption-title-font-style:var(--h2_typography-font-style);--awb-caption-title-size:var(--h2_typography-font-size);--awb-caption-title-transform:var(--h2_typography-text-transform);--awb-caption-title-line-height:var(--h2_typography-line-height);--awb-caption-title-letter-spacing:var(--h2_typography-letter-spacing);\"><span class=\" fusion-imageframe imageframe-dropshadow imageframe-2 hover-type-none\" style=\"-webkit-box-shadow: 5px 5px 9px var(--awb-color7);box-shadow: 5px 5px 9px var(--awb-color7);\"><img decoding=\"async\" width=\"3508\" height=\"2067\" title=\"Kuvio1_Sedu2024_FI\" src=\"data:image\/svg+xml,%3Csvg%20xmlns%3D%27http%3A%2F%2Fwww.w3.org%2F2000%2Fsvg%27%20width%3D%273508%27%20height%3D%272067%27%20viewBox%3D%270%200%203508%202067%27%3E%3Crect%20width%3D%273508%27%20height%3D%272067%27%20fill-opacity%3D%220%22%2F%3E%3C%2Fsvg%3E\" data-orig-src=\"https:\/\/tarina.sedu.fi\/wp-content\/uploads\/2025\/05\/Kuvio1_Sedu2024_FI.png\" alt class=\"lazyload img-responsive wp-image-1049\"\/><\/span><\/div><div class=\"fusion-separator fusion-full-width-sep\" style=\"align-self: center;margin-left: auto;margin-right: auto;width:100%;\"><div class=\"fusion-separator-border sep-shadow\" style=\"--awb-height:20px;--awb-amount:20px;background:radial-gradient(ellipse at 50% -50% , var(--awb-color3) 0px, rgba(255, 255, 255, 0) 80%) repeat scroll 0 0 rgba(0, 0, 0, 0);background:-webkit-radial-gradient(ellipse at 50% -50% , var(--awb-color3) 0px, rgba(255, 255, 255, 0) 80%) repeat scroll 0 0 rgba(0, 0, 0, 0);background:-moz-radial-gradient(ellipse at 50% -50% , var(--awb-color3) 0px, rgba(255, 255, 255, 0) 80%) repeat scroll 0 0 rgba(0, 0, 0, 0);background:-o-radial-gradient(ellipse at 50% -50% , var(--awb-color3) 0px, rgba(255, 255, 255, 0) 80%) repeat scroll 0 0 rgba(0, 0, 0, 0);\"><\/div><\/div><\/div><\/div><\/div><\/div><\/p>\n","protected":false},"excerpt":{"rendered":"","protected":false},"author":4,"featured_media":0,"parent":0,"menu_order":0,"comment_status":"closed","ping_status":"closed","template":"100-width.php","meta":{"footnotes":""},"class_list":["post-735","page","type-page","status-publish","hentry"],"_links":{"self":[{"href":"https:\/\/tarina.sedu.fi\/index.php\/wp-json\/wp\/v2\/pages\/735","targetHints":{"allow":["GET"]}}],"collection":[{"href":"https:\/\/tarina.sedu.fi\/index.php\/wp-json\/wp\/v2\/pages"}],"about":[{"href":"https:\/\/tarina.sedu.fi\/index.php\/wp-json\/wp\/v2\/types\/page"}],"author":[{"embeddable":true,"href":"https:\/\/tarina.sedu.fi\/index.php\/wp-json\/wp\/v2\/users\/4"}],"replies":[{"embeddable":true,"href":"https:\/\/tarina.sedu.fi\/index.php\/wp-json\/wp\/v2\/comments?post=735"}],"version-history":[{"count":61,"href":"https:\/\/tarina.sedu.fi\/index.php\/wp-json\/wp\/v2\/pages\/735\/revisions"}],"predecessor-version":[{"id":2391,"href":"https:\/\/tarina.sedu.fi\/index.php\/wp-json\/wp\/v2\/pages\/735\/revisions\/2391"}],"wp:attachment":[{"href":"https:\/\/tarina.sedu.fi\/index.php\/wp-json\/wp\/v2\/media?parent=735"}],"curies":[{"name":"wp","href":"https:\/\/api.w.org\/{rel}","templated":true}]}}