{"id":2381,"date":"2025-06-05T12:20:37","date_gmt":"2025-06-05T12:20:37","guid":{"rendered":"https:\/\/tarina.sedu.fi\/?page_id=2381"},"modified":"2025-06-05T12:20:42","modified_gmt":"2025-06-05T12:20:42","slug":"maarakennusala","status":"publish","type":"page","link":"https:\/\/tarina.sedu.fi\/index.php\/maarakennusala\/","title":{"rendered":"maarakennusala"},"content":{"rendered":"<div class=\"fusion-fullwidth fullwidth-box fusion-builder-row-1 fusion-flex-container has-pattern-background has-mask-background nonhundred-percent-fullwidth non-hundred-percent-height-scrolling\" style=\"--awb-border-radius-top-left:0px;--awb-border-radius-top-right:0px;--awb-border-radius-bottom-right:0px;--awb-border-radius-bottom-left:0px;--awb-flex-wrap:wrap;\" ><div class=\"fusion-builder-row fusion-row fusion-flex-align-items-flex-start fusion-flex-content-wrap\" style=\"max-width:1144px;margin-left: calc(-4% \/ 2 );margin-right: calc(-4% \/ 2 );\"><div class=\"fusion-layout-column fusion_builder_column fusion-builder-column-0 fusion_builder_column_1_2 1_2 fusion-flex-column\" style=\"--awb-bg-size:cover;--awb-width-large:50%;--awb-margin-top-large:0px;--awb-spacing-right-large:3.84%;--awb-margin-bottom-large:20px;--awb-spacing-left-large:3.84%;--awb-width-medium:100%;--awb-order-medium:0;--awb-spacing-right-medium:1.92%;--awb-spacing-left-medium:1.92%;--awb-width-small:100%;--awb-order-small:0;--awb-spacing-right-small:1.92%;--awb-spacing-left-small:1.92%;\"><div class=\"fusion-column-wrapper fusion-column-has-shadow fusion-flex-justify-content-flex-start fusion-content-layout-column\"><div class=\"fusion-text fusion-text-1\"><p><span style=\"font-size: 18pt;\"><strong>Joonas Muurim\u00e4ki<\/strong><\/span><\/p>\n<p>Seduun Ilmajoen kampukselle v. 2021<\/p>\n<p>koulutus:<br \/>\n2022 rakennustekniikan insin\u00f6\u00f6ri (AMK), SeAMK Oy<br \/>\n2010 rakennusalan perustutkinto, maarakennuskoneenkuljettaja<\/p>\n<p><strong>Onnistuminen<\/strong><\/p>\n<p>Olemme kehitt\u00e4neet maarakennusalalle 3D-tutkinnonosakoulutuksen sek\u00e4 vahvistaneet opettajien osaamista koneohjauksessa. 3D-koneohjaus on maarakennuskoneenkuljettajan \u201dapuk\u00e4si\u201d. Koulutuksen kehitt\u00e4minen oli my\u00f6s osa omaa opinn\u00e4ytety\u00f6t\u00e4ni.<br \/>\nKun saamme hankittua lis\u00e4\u00e4 kalustoa, mahdollisuudet tarjota aiheeseen liittyv\u00e4\u00e4 lis\u00e4- ja t\u00e4ydennyskoulutusta paranevat entisest\u00e4\u00e4n.<\/p>\n<p>Maatalouden vesitalouteen liittyv\u00e4ss\u00e4 <u>VESKU-hankkeessa<\/u> (linkki t\u00e4nne: <a href=\"https:\/\/sedu.fi\/hanke\/vesku-vesitalouskoulutuksen-uudistaminen\/\">VESKU &#8211; Vesitalouskoulutuksen uudistaminen &#8211; Sedu<\/a>) olemme hankkineet mittalaitteita, jotka mahdollistavat koulutukseen osallistuville harjoittelun oikeissa olosuhteissa.<br \/>\nL\u00f6ysimme my\u00f6s oikeat asiantuntijat toteuttamaan maatalouden vesitalouteen liittyv\u00e4t, erityisosaamista vaativat teemat.<\/p>\n<p><strong>Mik\u00e4 on merkitt\u00e4v\u00e4 \/ paras kehitysharppaus, joka alasi koulutuksessa on tehty?<\/strong><\/p>\n<p>Vuoden 2025 alussa voimaan tullut uusi rakentamis- ja alueiden k\u00e4ytt\u00f6laki lis\u00e4\u00e4 tietomalli-\u00a0 ja tietoj\u00e4rjestelm\u00e4pohjaista ty\u00f6skentely\u00e4 sek\u00e4 koneohjauksen osaamistarvetta maarakennusalalla. Kaikki maarakentaminen suunnitelmat ja tieto toteutuksista tallennetaan digij\u00e4rjestelmiin, jotka mahdollistavat k\u00e4ytt\u00f6i\u00e4n ja huoltotarpeen jatkuvan seurannan. My\u00f6s maarakennuksessa syntyv\u00e4\u00e4 hiilijalanj\u00e4lke\u00e4 seurataan.<\/p>\n<p>Viime vuosina yhdess\u00e4 tekem\u00e4mme kehitysty\u00f6n tuloksena maarakennusalan koulutus Ilmajoen kampuksella on t\u00e4ss\u00e4 kehityskulussa vahvasti mukana.<\/p>\n<\/div><\/div><\/div><div class=\"fusion-layout-column fusion_builder_column fusion-builder-column-1 fusion_builder_column_1_2 1_2 fusion-flex-column\" style=\"--awb-bg-size:cover;--awb-width-large:50%;--awb-margin-top-large:0px;--awb-spacing-right-large:3.84%;--awb-margin-bottom-large:20px;--awb-spacing-left-large:3.84%;--awb-width-medium:100%;--awb-order-medium:0;--awb-spacing-right-medium:1.92%;--awb-spacing-left-medium:1.92%;--awb-width-small:100%;--awb-order-small:0;--awb-spacing-right-small:1.92%;--awb-spacing-left-small:1.92%;\"><div class=\"fusion-column-wrapper fusion-column-has-shadow fusion-flex-justify-content-flex-start fusion-content-layout-column\"><div class=\"fusion-image-element \" style=\"--awb-caption-title-font-family:var(--h2_typography-font-family);--awb-caption-title-font-weight:var(--h2_typography-font-weight);--awb-caption-title-font-style:var(--h2_typography-font-style);--awb-caption-title-size:var(--h2_typography-font-size);--awb-caption-title-transform:var(--h2_typography-text-transform);--awb-caption-title-line-height:var(--h2_typography-line-height);--awb-caption-title-letter-spacing:var(--h2_typography-letter-spacing);\"><span class=\" fusion-imageframe imageframe-dropshadow imageframe-1 hover-type-none\" style=\"-webkit-box-shadow: 5px 5px 9px var(--awb-color7);box-shadow: 5px 5px 9px var(--awb-color7);\"><img decoding=\"async\" width=\"3024\" height=\"4032\" title=\"Joonas_Muurim\u00e4ki\" src=\"data:image\/svg+xml,%3Csvg%20xmlns%3D%27http%3A%2F%2Fwww.w3.org%2F2000%2Fsvg%27%20width%3D%273024%27%20height%3D%274032%27%20viewBox%3D%270%200%203024%204032%27%3E%3Crect%20width%3D%273024%27%20height%3D%274032%27%20fill-opacity%3D%220%22%2F%3E%3C%2Fsvg%3E\" data-orig-src=\"https:\/\/tarina.sedu.fi\/wp-content\/uploads\/2025\/06\/Joonas_Muurimaki.jpg\" alt class=\"lazyload img-responsive wp-image-2382\"\/><\/span><\/div><\/div><\/div><\/div><\/div>\n","protected":false},"excerpt":{"rendered":"","protected":false},"author":6,"featured_media":0,"parent":0,"menu_order":0,"comment_status":"closed","ping_status":"closed","template":"","meta":{"footnotes":""},"class_list":["post-2381","page","type-page","status-publish","hentry"],"_links":{"self":[{"href":"https:\/\/tarina.sedu.fi\/index.php\/wp-json\/wp\/v2\/pages\/2381","targetHints":{"allow":["GET"]}}],"collection":[{"href":"https:\/\/tarina.sedu.fi\/index.php\/wp-json\/wp\/v2\/pages"}],"about":[{"href":"https:\/\/tarina.sedu.fi\/index.php\/wp-json\/wp\/v2\/types\/page"}],"author":[{"embeddable":true,"href":"https:\/\/tarina.sedu.fi\/index.php\/wp-json\/wp\/v2\/users\/6"}],"replies":[{"embeddable":true,"href":"https:\/\/tarina.sedu.fi\/index.php\/wp-json\/wp\/v2\/comments?post=2381"}],"version-history":[{"count":2,"href":"https:\/\/tarina.sedu.fi\/index.php\/wp-json\/wp\/v2\/pages\/2381\/revisions"}],"predecessor-version":[{"id":2384,"href":"https:\/\/tarina.sedu.fi\/index.php\/wp-json\/wp\/v2\/pages\/2381\/revisions\/2384"}],"wp:attachment":[{"href":"https:\/\/tarina.sedu.fi\/index.php\/wp-json\/wp\/v2\/media?parent=2381"}],"curies":[{"name":"wp","href":"https:\/\/api.w.org\/{rel}","templated":true}]}}