{"id":2160,"date":"2025-05-27T11:29:09","date_gmt":"2025-05-27T11:29:09","guid":{"rendered":"https:\/\/tarina.sedu.fi\/?page_id=2160"},"modified":"2025-06-05T08:00:59","modified_gmt":"2025-06-05T08:00:59","slug":"maatalous","status":"publish","type":"page","link":"https:\/\/tarina.sedu.fi\/index.php\/maatalous\/","title":{"rendered":"Maatalous"},"content":{"rendered":"<div class=\"fusion-fullwidth fullwidth-box fusion-builder-row-1 fusion-flex-container has-pattern-background has-mask-background nonhundred-percent-fullwidth non-hundred-percent-height-scrolling\" style=\"--awb-border-radius-top-left:0px;--awb-border-radius-top-right:0px;--awb-border-radius-bottom-right:0px;--awb-border-radius-bottom-left:0px;--awb-flex-wrap:wrap;\" ><div class=\"fusion-builder-row fusion-row fusion-flex-align-items-flex-start fusion-flex-content-wrap\" style=\"max-width:1144px;margin-left: calc(-4% \/ 2 );margin-right: calc(-4% \/ 2 );\"><div class=\"fusion-layout-column fusion_builder_column fusion-builder-column-0 fusion_builder_column_1_2 1_2 fusion-flex-column\" style=\"--awb-bg-size:cover;--awb-width-large:50%;--awb-margin-top-large:0px;--awb-spacing-right-large:3.84%;--awb-margin-bottom-large:20px;--awb-spacing-left-large:3.84%;--awb-width-medium:100%;--awb-order-medium:0;--awb-spacing-right-medium:1.92%;--awb-spacing-left-medium:1.92%;--awb-width-small:100%;--awb-order-small:0;--awb-spacing-right-small:1.92%;--awb-spacing-left-small:1.92%;\"><div class=\"fusion-column-wrapper fusion-column-has-shadow fusion-flex-justify-content-flex-start fusion-content-layout-column\"><div class=\"fusion-text fusion-text-1\"><p><span style=\"font-size: 18pt;\"><strong>Irma Uusi-Laitila<\/strong><\/span><\/p>\n<p>Ilmajoen maatalousoppilaitokselle (Sedu Ilmajoki) v. 1994 karjanhoitajaksi<\/p>\n<p>koulutus:<br \/>\nagrologi (YAMK, AMK), Sein\u00e4joen ammattikorkeakoulu<br \/>\nagrologi (opisto), Ilmajoen maatalousoppilaitos<br \/>\nmaatilatekninen koulu, viljelij\u00e4linja (yo), Kauhajoen maatalousoppilaitos<\/p>\n<p><strong>Onnistuminen<\/strong><\/p>\n<p>Seuraamme aktiivisesti toimintaymp\u00e4rist\u00f6ss\u00e4 tapahtuvia muutoksia (esim. tukimuutokset) ja huomioimme ne ketter\u00e4sti koulutussuunnittelussa. Esimerkiksi Nuoren viljelij\u00e4n starttikoulutus, Tilasiemennys- ja Porsaiden kastraatio -koulutukset ovat syntyneet n\u00e4iden havaintojen pohjalta. Koulutukset kiinnostavat hakijoita valtakunnallisesti.<br \/>\nEl\u00e4intenhoidon ammattitutkintoon haimme j\u00e4rjest\u00e4mislupaa, kun tunnettu el\u00e4intenkouluttaja vinkkasi alueella olevan pulaa osaavista el\u00e4intenkouluttajista.<\/p>\n<p>Koen, ett\u00e4 oma taustani ja verkostoni ty\u00f6el\u00e4m\u00e4ss\u00e4 auttaa onnistumaan t\u00e4ss\u00e4 ty\u00f6ss\u00e4. Olen ollut innokas osallistumaan eri sidosryhmien ty\u00f6ryhmiin ja koulutuksiin, miss\u00e4 tulee tutuksi maatalousalan toimijoiden kanssa. Olen ollut mm. Opetushallituksen kutsumana uudistamassa tutkinnon perusteita sek\u00e4 my\u00f6s toimijana kahdessa maatalousalan tutkintotoimikunnassa. Kun verkostot ovat kunnossa, l\u00f6yt\u00e4\u00e4 nopeasti vastauksia ja opiskelijoille mahdollisuuksia p\u00e4\u00e4st\u00e4 eteenp\u00e4in.<\/p>\n<p><strong>Parasta<\/strong><\/p>\n<p>Iloitsin, kun vastuu maidontuotannosta opetusnavetassa siirtyi Vacca Oy:lle. T\u00e4ll\u00e4 yhteisty\u00f6ll\u00e4 turvaamme ajantasaisen toimintaymp\u00e4rist\u00f6n ja -opetuksen tuleville maatalousalan ammattilaisille. Yhden oppimisymp\u00e4rist\u00f6n sijasta saimme periaatteessa kaksi, koska opiskelijamme p\u00e4\u00e4sev\u00e4t osallistumaan arkit\u00f6ihin my\u00f6s Ala-Fossin tilalla. Opetusnavetassa on lypsyrobotti, p\u00e4\u00e4tilalla lypsykaruselli.<\/p>\n<p>Ajankohtainen huoltovarmuuteen liittyv\u00e4 keskustelu on nostanut arvostusta my\u00f6s maatalousalan ammattilaisten tekem\u00e4\u00e4 ty\u00f6t\u00e4 kohtaan. Yh\u00e4 useampi on havahtunut huomaamaan kansallisen maataloustuotannon t\u00e4rkeyden.<\/p>\n<p>T\u00e4lt\u00e4 pohjalta on hyv\u00e4 jatkaa ty\u00f6t\u00e4 osaavien ammattilaisten kanssa 150-vuotiaalla Ilmajoen kampuksella.<\/p>\n<\/div><\/div><\/div><div class=\"fusion-layout-column fusion_builder_column fusion-builder-column-1 fusion_builder_column_1_2 1_2 fusion-flex-column\" style=\"--awb-bg-size:cover;--awb-width-large:50%;--awb-margin-top-large:0px;--awb-spacing-right-large:3.84%;--awb-margin-bottom-large:20px;--awb-spacing-left-large:3.84%;--awb-width-medium:100%;--awb-order-medium:0;--awb-spacing-right-medium:1.92%;--awb-spacing-left-medium:1.92%;--awb-width-small:100%;--awb-order-small:0;--awb-spacing-right-small:1.92%;--awb-spacing-left-small:1.92%;\"><div class=\"fusion-column-wrapper fusion-column-has-shadow fusion-flex-justify-content-flex-start fusion-content-layout-column\"><div class=\"fusion-image-element \" style=\"--awb-caption-title-font-family:var(--h2_typography-font-family);--awb-caption-title-font-weight:var(--h2_typography-font-weight);--awb-caption-title-font-style:var(--h2_typography-font-style);--awb-caption-title-size:var(--h2_typography-font-size);--awb-caption-title-transform:var(--h2_typography-text-transform);--awb-caption-title-line-height:var(--h2_typography-line-height);--awb-caption-title-letter-spacing:var(--h2_typography-letter-spacing);\"><span class=\" fusion-imageframe imageframe-dropshadow imageframe-1 hover-type-none\" style=\"-webkit-box-shadow: 5px 5px 9px var(--awb-color7);box-shadow: 5px 5px 9px var(--awb-color7);\"><img decoding=\"async\" width=\"3024\" height=\"4032\" title=\"Irma_Uusi-Laitila\" src=\"data:image\/svg+xml,%3Csvg%20xmlns%3D%27http%3A%2F%2Fwww.w3.org%2F2000%2Fsvg%27%20width%3D%273024%27%20height%3D%274032%27%20viewBox%3D%270%200%203024%204032%27%3E%3Crect%20width%3D%273024%27%20height%3D%274032%27%20fill-opacity%3D%220%22%2F%3E%3C%2Fsvg%3E\" data-orig-src=\"https:\/\/tarina.sedu.fi\/wp-content\/uploads\/2025\/06\/Irma_Uusi-Laitila.jpg\" alt class=\"lazyload img-responsive wp-image-2319\"\/><\/span><\/div><\/div><\/div><\/div><\/div>\n","protected":false},"excerpt":{"rendered":"","protected":false},"author":6,"featured_media":0,"parent":0,"menu_order":0,"comment_status":"closed","ping_status":"closed","template":"","meta":{"footnotes":""},"class_list":["post-2160","page","type-page","status-publish","hentry"],"_links":{"self":[{"href":"https:\/\/tarina.sedu.fi\/index.php\/wp-json\/wp\/v2\/pages\/2160","targetHints":{"allow":["GET"]}}],"collection":[{"href":"https:\/\/tarina.sedu.fi\/index.php\/wp-json\/wp\/v2\/pages"}],"about":[{"href":"https:\/\/tarina.sedu.fi\/index.php\/wp-json\/wp\/v2\/types\/page"}],"author":[{"embeddable":true,"href":"https:\/\/tarina.sedu.fi\/index.php\/wp-json\/wp\/v2\/users\/6"}],"replies":[{"embeddable":true,"href":"https:\/\/tarina.sedu.fi\/index.php\/wp-json\/wp\/v2\/comments?post=2160"}],"version-history":[{"count":4,"href":"https:\/\/tarina.sedu.fi\/index.php\/wp-json\/wp\/v2\/pages\/2160\/revisions"}],"predecessor-version":[{"id":2320,"href":"https:\/\/tarina.sedu.fi\/index.php\/wp-json\/wp\/v2\/pages\/2160\/revisions\/2320"}],"wp:attachment":[{"href":"https:\/\/tarina.sedu.fi\/index.php\/wp-json\/wp\/v2\/media?parent=2160"}],"curies":[{"name":"wp","href":"https:\/\/api.w.org\/{rel}","templated":true}]}}