{"id":1985,"date":"2025-05-19T13:49:09","date_gmt":"2025-05-19T13:49:09","guid":{"rendered":"https:\/\/tarina.sedu.fi\/?page_id=1985"},"modified":"2025-06-02T07:31:34","modified_gmt":"2025-06-02T07:31:34","slug":"investoinnit","status":"publish","type":"page","link":"https:\/\/tarina.sedu.fi\/index.php\/investoinnit\/","title":{"rendered":"Investoinnit"},"content":{"rendered":"<div class=\"fusion-fullwidth fullwidth-box fusion-builder-row-1 fusion-flex-container has-pattern-background has-mask-background nonhundred-percent-fullwidth non-hundred-percent-height-scrolling\" style=\"--awb-border-radius-top-left:0px;--awb-border-radius-top-right:0px;--awb-border-radius-bottom-right:0px;--awb-border-radius-bottom-left:0px;--awb-flex-wrap:wrap;\" ><div class=\"fusion-builder-row fusion-row fusion-flex-align-items-flex-start fusion-flex-content-wrap\" style=\"max-width:1144px;margin-left: calc(-4% \/ 2 );margin-right: calc(-4% \/ 2 );\"><div class=\"fusion-layout-column fusion_builder_column fusion-builder-column-0 fusion_builder_column_1_6 1_6 fusion-flex-column\" style=\"--awb-bg-size:cover;--awb-width-large:16.666666666667%;--awb-margin-top-large:0px;--awb-spacing-right-large:11.52%;--awb-margin-bottom-large:20px;--awb-spacing-left-large:11.52%;--awb-width-medium:100%;--awb-order-medium:0;--awb-spacing-right-medium:1.92%;--awb-spacing-left-medium:1.92%;--awb-width-small:100%;--awb-order-small:0;--awb-spacing-right-small:1.92%;--awb-spacing-left-small:1.92%;\"><div class=\"fusion-column-wrapper fusion-column-has-shadow fusion-flex-justify-content-flex-start fusion-content-layout-column\"><\/div><\/div><div class=\"fusion-layout-column fusion_builder_column fusion-builder-column-1 fusion_builder_column_3_5 3_5 fusion-flex-column\" style=\"--awb-bg-size:cover;--awb-width-large:60%;--awb-margin-top-large:0px;--awb-spacing-right-large:3.2%;--awb-margin-bottom-large:20px;--awb-spacing-left-large:3.2%;--awb-width-medium:100%;--awb-order-medium:0;--awb-spacing-right-medium:1.92%;--awb-spacing-left-medium:1.92%;--awb-width-small:100%;--awb-order-small:0;--awb-spacing-right-small:1.92%;--awb-spacing-left-small:1.92%;\"><div class=\"fusion-column-wrapper fusion-column-has-shadow fusion-flex-justify-content-flex-start fusion-content-layout-column\"><div class=\"fusion-text fusion-text-1\" style=\"--awb-text-font-family:&quot;Metropolis_regular&quot;;--awb-text-font-style:normal;--awb-text-font-weight:400;\"><h2><span style=\"color: #000000;\"><strong>Sedu korjaa, muuttaa, myy, rakentaa <\/strong><\/span><\/h2>\n<p><strong>100 miljoonan euron investoinnit oppimisymp\u00e4rist\u00f6ihin 2016\u20132028<\/strong><\/p>\n<\/p>\n<div class=\"table-1\">\n<table width=\"100%\">\n<thead>\n<tr>\n<th align=\"left\"><strong>Vuosi<\/strong><\/th>\n<th align=\"left\"><strong>Kohde<\/strong><\/th>\n<\/tr>\n<\/thead>\n<tbody>\n<tr>\n<td align=\"left\">2018<\/td>\n<td align=\"left\">Rengonharju (2,5 milj. \u20ac)<\/td>\n<\/tr>\n<tr>\n<td align=\"left\">2016 &#8211; 2018<\/td>\n<td align=\"left\">Kurikan kampus (33 milj. \u20ac) (kiinteist\u00f6osakeyhti\u00f6 78%)<\/td>\n<\/tr>\n<tr>\n<td align=\"left\">2020<\/td>\n<td align=\"left\">Suupohjantien v\u00e4ist\u00f6tilat<\/td>\n<\/tr>\n<tr>\n<td align=\"left\">2019 &#8211; 2020<\/td>\n<td align=\"left\">Rastaantaival (rakennettu p\u00e4\u00e4osin opiskelijaty\u00f6n\u00e4 v. 1991 \u2013 1995) (6,4 milj. \u20ac)<\/td>\n<\/tr>\n<tr>\n<td align=\"left\">2022<\/td>\n<td align=\"left\">Lapua (1,5 milj. \u20ac)<\/td>\n<\/tr>\n<tr>\n<td align=\"left\">2022<\/td>\n<td align=\"left\">Ilmajoentie (3,0 milj. \u20ac)<\/td>\n<\/tr>\n<tr>\n<td align=\"left\">2024<\/td>\n<td align=\"left\">T\u00f6rn\u00e4v\u00e4ntie, s\u00e4hk\u00f6- ja automaatioalan tilat 2018 \u2013 2019, 2021 \u2013 2022, 2022 \u2013 2024 (19 milj. \u20ac)<\/td>\n<\/tr>\n<tr>\n<td align=\"left\">2023 &#8211; 2025<\/td>\n<td align=\"left\">\u00c4ht\u00e4rin kampus Tuomarniemelle (18 milj. \u20ac)<\/td>\n<\/tr>\n<tr>\n<td align=\"left\">2028<\/td>\n<td align=\"left\">Kirkkokatu, rakentaminen alkaa 8\/2025 (valmistuu 10\/2027, k\u00e4ytt\u00f6\u00f6notto 1\/2028) (n. 30 milj. \u20ac)<\/td>\n<\/tr>\n<\/tbody>\n<\/table>\n<\/div>\n<p>\n<p><strong>Oppimisymp\u00e4rist\u00f6jen uudistaminen vauhdissa <\/strong><\/p>\n<p><strong>Matti Yli-Lahti<\/strong> siirtyi koulutusjohtajan teht\u00e4vist\u00e4 kuntayhtym\u00e4n tekniseksi johtajaksi 1.1.2016.<\/p>\n<blockquote>\n<p>Ehdin pit\u00e4\u00e4 koulua 25 vuotta, ja nyt viimeiset kymmenen vuotta olen saanut tehd\u00e4 t\u00f6it\u00e4 kiinteist\u00f6puolella omalla substanssialalla. Olen saanut toimia saman ty\u00f6nantajan palveluksessa monenlaisissa t\u00f6iss\u00e4. Kun teet\u00e4n oppimisymp\u00e4rist\u00f6j\u00e4, siit\u00e4 etua, ett\u00e4 minulla on kokemusta opetuspuolesta, Matti Yli-Lahti puntaroi.<\/p>\n<\/blockquote>\n<div class=\"fusion-video fusion-youtube\" style=\"--awb-max-width:600px;--awb-max-height:360px;\"><div class=\"video-shortcode\"><lite-youtube videoid=\"fzD9NdNVo3k\" class=\"landscape\" params=\"wmode=transparent&autoplay=1&enablejsapi=1\" title=\"YouTube video player 1\" width=\"600\" height=\"360\" data-thumbnail-size=\"auto\" data-no-cookie=\"on\"><\/lite-youtube><\/div><\/div>\n<p><em>Matti Yli-Lahti kertoo Sedun kampuksien rakentamisista<\/em><\/p>\n<p>Koulutuskuntayhtym\u00e4n yhtym\u00e4valtuusto on p\u00e4\u00e4tt\u00e4nyt v. 2016, ett\u00e4 oppimisymp\u00e4rist\u00f6jen uudistamisen my\u00f6t\u00e4 oppilaitoksen tiloja v\u00e4hennet\u00e4\u00e4n yht. 25%. Toimenpitein\u00e4 ovat olleet vanhojen rakennusten purkaminen, korjaaminen tai myyminen, uusien rakennusten rakentaminen sek\u00e4 vuokratiloista luopuminen. Tilat tulevat lopulta v\u00e4henem\u00e4\u00e4n yli 35% (155 000 m2 &gt; 98 000 m2).<\/p>\n<p>Kuntayhtym\u00e4n johtaja, rehtori <strong>Pasi Artikainen<\/strong> kuvaa koronan tuomaa muutosta jatkuvassa oppimisessa: koulutukset meniv\u00e4t verkkoon. Rastaantaipaleen iltavuorot loppuivat.<\/p>\n<blockquote>\n<p>Nyt neli\u00f6it\u00e4 v\u00e4hennettiin aika paljonkin, jopa 35%. Olisikohan pit\u00e4nyt v\u00e4hent\u00e4\u00e4 viel\u00e4 enemm\u00e4n, h\u00e4n pohtii.<\/p>\n<\/blockquote>\n<p><em>\u00a0<\/em><\/p>\n<p>Ammatillisen koulutuksen rahoituksen leikkaukset vaativat sopeuttamista, mutta vaakakupissa painavat my\u00f6s nuorten palautteet. Opiskelijakunta Fokuksen j\u00e4senet ovat kehuneet Sedun kampuksia viihtyisiksi. Kampuksilla ja oppimisymp\u00e4rist\u00f6ill\u00e4 on merkityst\u00e4 oppimistuloksiin.<\/p>\n<div class=\"fusion-image-element in-legacy-container\" style=\"--awb-caption-title-font-family:var(--h2_typography-font-family);--awb-caption-title-font-weight:var(--h2_typography-font-weight);--awb-caption-title-font-style:var(--h2_typography-font-style);--awb-caption-title-size:var(--h2_typography-font-size);--awb-caption-title-transform:var(--h2_typography-text-transform);--awb-caption-title-line-height:var(--h2_typography-line-height);--awb-caption-title-letter-spacing:var(--h2_typography-letter-spacing);\"><span class=\" fusion-imageframe imageframe-dropshadow imageframe-1 hover-type-none\" style=\"border:5px solid var(--awb-color3);-webkit-box-shadow: 5px 5px 9px var(--awb-color7);box-shadow: 5px 5px 9px var(--awb-color7);\"><img decoding=\"async\" width=\"1920\" height=\"1080\" alt=\"Kurikan kampuksen aula\" title=\"1920 x 1080 1\" src=\"data:image\/svg+xml,%3Csvg%20xmlns%3D%27http%3A%2F%2Fwww.w3.org%2F2000%2Fsvg%27%20width%3D%271920%27%20height%3D%271080%27%20viewBox%3D%270%200%201920%201080%27%3E%3Crect%20width%3D%271920%27%20height%3D%271080%27%20fill-opacity%3D%220%22%2F%3E%3C%2Fsvg%3E\" data-orig-src=\"https:\/\/tarina.sedu.fi\/wp-content\/uploads\/2025\/05\/1920-x-1080-1.jpg\" class=\"lazyload img-responsive wp-image-2106\"\/><\/span><\/div>\n<p><em>Kurikan kampus ja erityisesti sen aula kutsuu my\u00f6s tapahtumiin.<\/em><\/p>\n<blockquote>\n<p>Ajattelen, ett\u00e4 opiskeluajan pit\u00e4\u00e4 olla kokemus, toisen asteen tutkinto tehd\u00e4\u00e4n kerran el\u00e4m\u00e4ss\u00e4, Artikainen sanoo.<\/p>\n<\/blockquote>\n<p>Kampuksilla halutaan olevan muutakin toimintaa; lukio on tullut mukaan, samoin Etel\u00e4-Pohjanmaan opisto ja SeAMK. Kuntayhtym\u00e4n johtaja toivoo muidenkin toimijoiden, ehk\u00e4 yritysten, sijoittuvan kampuksille tulevaisuudessa, ja jakavan kustannustaakkaa.<\/p>\n<p><strong>Kiinteist\u00f6strategia<\/strong><\/p>\n<blockquote>\n<p>Kun katsoo vanhoja p\u00e4\u00e4t\u00f6ksi\u00e4, olen edelleen sit\u00e4 mielt\u00e4, ett\u00e4 on tehty oikeita ja hyvi\u00e4 p\u00e4\u00e4t\u00f6ksi\u00e4. Mutta on ik\u00e4v\u00e4\u00e4, ett\u00e4 meill\u00e4 monet kampukset tulivat elinkaarensa p\u00e4\u00e4h\u00e4n samaan aikaan. Niin en halua jatkossa k\u00e4yv\u00e4n vaan meill\u00e4 on kiinteist\u00f6strategia eli uudistetaan ja pidet\u00e4\u00e4n kunnossa, summaa Pasi Artikainen.<\/p>\n<\/blockquote>\n<p><strong>Mik\u00e4 on koulun k\u00e4ytt\u00f6ik\u00e4?<\/strong><\/p>\n<p>Kirkkokadun koulurakennus oli rakennettu 1960-luvulla. Kurikan kampuksen on luvattu kest\u00e4v\u00e4n perustusten ja rungon osalta 100 vuotta, muilta osin 50 vuotta.<\/p>\n<blockquote>\n<p>Rakennuksen tekninen k\u00e4ytt\u00f6ik\u00e4 viittaa aikaan, jonka tietyn rakennusosan odotetaan kest\u00e4v\u00e4n normaalissa k\u00e4yt\u00f6ss\u00e4 ilman merkitt\u00e4vi\u00e4 korjauksia. Elinkaari puolestaan tarkoittaa rakennuksen koko olemassaoloaikaa suunnittelusta ja rakentamisesta aina purkuun saakka. Rakenteet, siis ter\u00e4kset ja betoni ovat lujuuksiltaan sellaisia, ett\u00e4 ne kest\u00e4v\u00e4t maan alla 100 vuotta, selvent\u00e4\u00e4 Yli-Lahti.<\/p>\n<\/blockquote>\n<p>Rakennuksen elinkaarta saadaan pidetty\u00e4 yll\u00e4 oikea-aikaisilla huolloilla, hyv\u00e4ll\u00e4 siivoustasolla sek\u00e4 oikea-aikaisilla korjauksilla varsinkin silloin, kun ne ovat taloudellisesti perusteltuja.<\/p>\n<blockquote>\n<p>Kirkkokadulla olisi ollut edess\u00e4 isoja korjaus- ja muutost\u00f6it\u00e4, ja korjausaste olisi noussut liian korkealle. Sinneh\u00e4n on nyt tulossa aivan eri alat kuin siell\u00e4 alun perin oli. Lis\u00e4ksi tulevaa k\u00e4ytt\u00f6tarvetta ajatellen olisi j\u00e4\u00e4nyt n. 3000 m<sup>2<\/sup> tarpeetonta tilaa yll\u00e4pidett\u00e4v\u00e4ksi. P\u00e4\u00e4t\u00f6s oli, ett\u00e4 puretaan ja rakennetaan tarpeellinen m\u00e4\u00e4r\u00e4 uutta tilaa, Yli-Lahti sanoo.<\/p>\n<\/blockquote>\n<p>Kirkkokadun kampus on kooltaan 8800 bruttoneli\u00f6t\u00e4 (kaikki tekniset tilat, varastotilat, k\u00e4yt\u00e4v\u00e4tkin mukana), siis 30% pienempi kuin ensimm\u00e4isess\u00e4 suunnitteluvaiheessa. Suupohjantien v\u00e4ist\u00f6tiloissa tilaa on 18\u00a0000 kerrosneli\u00f6t\u00e4: kauppakeskuksessa on laajat k\u00e4yt\u00e4v\u00e4t, ehk\u00e4 hukkatilaakin. T\u00e4m\u00e4 sama joukkue siirtyy Kirkkokadulle huomattavasti tehokkaammin k\u00e4yt\u00f6ss\u00e4 oleviin tiloihin.<\/p>\n<p><strong>Rakentamisen hinta<\/strong><\/p>\n<blockquote>\n<p>Kurikan kampus rakennettiin oivalliseen aikaan. Se maksoi 33 milj. \u20ac, ja jos se teht\u00e4isiin nyt, hinnaksi tulisi ehk\u00e4 n. 45 milj. \u20ac. Rakentaminen kannattaa siis aina, perustelee Matti Yli-Lahti.<\/p>\n<\/blockquote>\n<p><strong>\u00a0<\/strong><\/p>\n<p>Kirkkokatu oli tarkoitus ottaa k\u00e4ytt\u00f6\u00f6n jo syksyll\u00e4 2023, ja kustannustaso oli laskettu ennen Ukrainan sodan syttymist\u00e4. Samasta syyst\u00e4 \u00c4ht\u00e4rin kampukseen jouduttiin tekem\u00e4\u00e4n 800 bruttoneli\u00f6n leikkaus, ja rakentamisvaiheen aloitus siirtyi vuodella.<\/p>\n<p><strong>\u00a0<\/strong><\/p>\n<blockquote>\n<p>Kirkkokadun kustannusarvio rahoituskuluineen on t\u00e4ll\u00e4 hetkell\u00e4 (kev\u00e4\u00e4ll\u00e4 2025) 27,7 Meur (alv 0%). Lis\u00e4ksi hankimme irtokalusteet ja av-laitteet erillishankintana, joten todenn\u00e4k\u00f6isesti loppusumma on 28,5\u201329 milj. \u20ac, Yli-Lahti tiivist\u00e4\u00e4.<\/p>\n<\/blockquote>\n<p>Rakentamisen aikaiset rahoituskulut ovat kuntayhtym\u00e4ss\u00e4 investointikuluina mukana, ja 2,5%:n korko lainoissa on jo vuositasolla merkitt\u00e4v\u00e4 summa.<\/p>\n<\/div><\/div><\/div><\/div><\/div>\n","protected":false},"excerpt":{"rendered":"","protected":false},"author":6,"featured_media":0,"parent":0,"menu_order":0,"comment_status":"closed","ping_status":"closed","template":"","meta":{"footnotes":""},"class_list":["post-1985","page","type-page","status-publish","hentry"],"_links":{"self":[{"href":"https:\/\/tarina.sedu.fi\/index.php\/wp-json\/wp\/v2\/pages\/1985","targetHints":{"allow":["GET"]}}],"collection":[{"href":"https:\/\/tarina.sedu.fi\/index.php\/wp-json\/wp\/v2\/pages"}],"about":[{"href":"https:\/\/tarina.sedu.fi\/index.php\/wp-json\/wp\/v2\/types\/page"}],"author":[{"embeddable":true,"href":"https:\/\/tarina.sedu.fi\/index.php\/wp-json\/wp\/v2\/users\/6"}],"replies":[{"embeddable":true,"href":"https:\/\/tarina.sedu.fi\/index.php\/wp-json\/wp\/v2\/comments?post=1985"}],"version-history":[{"count":17,"href":"https:\/\/tarina.sedu.fi\/index.php\/wp-json\/wp\/v2\/pages\/1985\/revisions"}],"predecessor-version":[{"id":2251,"href":"https:\/\/tarina.sedu.fi\/index.php\/wp-json\/wp\/v2\/pages\/1985\/revisions\/2251"}],"wp:attachment":[{"href":"https:\/\/tarina.sedu.fi\/index.php\/wp-json\/wp\/v2\/media?parent=1985"}],"curies":[{"name":"wp","href":"https:\/\/api.w.org\/{rel}","templated":true}]}}