{"id":1476,"date":"2025-05-12T08:05:34","date_gmt":"2025-05-12T08:05:34","guid":{"rendered":"https:\/\/tarina.sedu.fi\/?page_id=1476"},"modified":"2025-06-05T08:07:11","modified_gmt":"2025-06-05T08:07:11","slug":"metsaala","status":"publish","type":"page","link":"https:\/\/tarina.sedu.fi\/index.php\/metsaala\/","title":{"rendered":"Mets\u00e4ala"},"content":{"rendered":"<div class=\"fusion-fullwidth fullwidth-box fusion-builder-row-1 fusion-flex-container has-pattern-background has-mask-background nonhundred-percent-fullwidth non-hundred-percent-height-scrolling\" style=\"--awb-border-radius-top-left:0px;--awb-border-radius-top-right:0px;--awb-border-radius-bottom-right:0px;--awb-border-radius-bottom-left:0px;--awb-flex-wrap:wrap;\" ><div class=\"fusion-builder-row fusion-row fusion-flex-align-items-flex-start fusion-flex-content-wrap\" style=\"max-width:1144px;margin-left: calc(-4% \/ 2 );margin-right: calc(-4% \/ 2 );\"><div class=\"fusion-layout-column fusion_builder_column fusion-builder-column-0 fusion_builder_column_1_2 1_2 fusion-flex-column\" style=\"--awb-bg-size:cover;--awb-width-large:50%;--awb-margin-top-large:0px;--awb-spacing-right-large:3.84%;--awb-margin-bottom-large:20px;--awb-spacing-left-large:3.84%;--awb-width-medium:100%;--awb-order-medium:0;--awb-spacing-right-medium:1.92%;--awb-spacing-left-medium:1.92%;--awb-width-small:100%;--awb-order-small:0;--awb-spacing-right-small:1.92%;--awb-spacing-left-small:1.92%;\"><div class=\"fusion-column-wrapper fusion-column-has-shadow fusion-flex-justify-content-flex-start fusion-content-layout-column\"><div class=\"fusion-text fusion-text-1\" style=\"--awb-text-font-family:&quot;Metropolis_regular&quot;;--awb-text-font-style:normal;--awb-text-font-weight:400;\"><p><span style=\"font-size: 23px; font-family: Metropolis_regular;\" data-fusion-font=\"true\"><b style=\"font-family: Metropolis_regular;\" data-fusion-font=\"true\">Antti Virkkunen<\/b><\/span><\/p>\n<p style=\"font-family: Metropolis_regular;\" data-fusion-font=\"true\">Seduun v. 2007 mets\u00e4alan opettajaksi, sittemmin my\u00f6s opinto-ohjaaja, tekniikan alojen koulutusvastaava \u00c4ht\u00e4rin Sedussa<\/p>\n<p><b style=\"font-family: Metropolis_regular;\" data-fusion-font=\"true\">koulutus<\/b><span style=\"font-family: Metropolis_regular;\" data-fusion-font=\"true\">: mets\u00e4talousinsin\u00f6\u00f6ri YAMK (Sein\u00e4joen ammattikorkeakoulu) <\/span><\/p>\n<p><b style=\"font-family: Metropolis_regular;\" data-fusion-font=\"true\">Onnistuminen <\/b><\/p>\n<p style=\"font-family: Metropolis_regular;\" data-fusion-font=\"true\">Mets\u00e4alalla on perinteet ammattitaidon SM-kilpailuihin, Taitajiin osallistumisesta. Mets\u00e4koneenk\u00e4ytt\u00f6 tuli n\u00e4yt\u00f6slajina mukaan Sein\u00e4joen Taitajiin vuonna 2004. Itse olen ollut vuodesta 2015 l\u00e4htien niiss\u00e4 mukana. Siit\u00e4 l\u00e4htien meilt\u00e4 on ollut finaalissa edustus Helsinki\u00e4 2017 ja Poria 2022 lukuun ottamatta. V\u00e4lill\u00e4 on tullut menestyst\u00e4 mitalin muodossa: Oulusta 2021 ja Espoosta 2023 hopeaa sek\u00e4 Sein\u00e4joelta 2016, Kuopiosta 2024 pronssia ja loput ovat olleet pistesijoja.<\/p>\n<p style=\"font-family: Metropolis_regular;\" data-fusion-font=\"true\">Finaaliin edet\u00e4\u00e4n paikallisten semifinaalien\u202fkautta. Taitaja-menestys osoittaa, ett\u00e4 ammattitaitoa on saatu siirretty\u00e4 opiskelijoihin; meilt\u00e4 valmistuu todellisia osaajia ja taitajia. Taitaja-kilpailu on kokonaisuudessaan monipuolinen mittari osaamisesta. Teht\u00e4v\u00e4n\u00e4 on\u202fyleens\u00e4 ajaa hakkuukonetta (todenn\u00e4k\u00f6isesti simulaattorilla) ja ajokonetta oikealla koneella. Kilpailutilanteessa on tosi tiukat kriteerit ja virheist\u00e4 rokotetaan, joten painesietokyvyn pit\u00e4\u00e4 olla hyv\u00e4. Huoltoteht\u00e4v\u00e4ss\u00e4 mitataan teknist\u00e4 osaamista. Teoriateht\u00e4v\u00e4ss\u00e4 viel\u00e4 mitataan tietopohjaa niin mets\u00e4nhoidosta kuin metsien k\u00e4sittelyst\u00e4 ja luonnon monimuotoisuudesta sek\u00e4 koneiden tekniikasta. Lis\u00e4ksi mets\u00e4n mittausta ja arviointia mitataan maastossa teht\u00e4v\u00e4ll\u00e4 mets\u00e4taitoteht\u00e4v\u00e4ll\u00e4. N\u00e4ist\u00e4 kaikista kokoontuu maksimi 100 pistett\u00e4, ja kilpailussa on tiivistettyn\u00e4 koko koulutuksen\u202fkeskeinen sis\u00e4lt\u00f6.<\/p>\n<p style=\"font-family: Metropolis_regular;\" data-fusion-font=\"true\">Toiseksi onnistumiseksi nostan mets\u00e4alan p\u00e4\u00e4sy- ja soveltuvuuskokeet. Korona viiv\u00e4stytti niiden k\u00e4ytt\u00f6\u00f6nottoa, ja kev\u00e4\u00e4ll\u00e4 2020 toteutettiin verkkopohjainen p\u00e4\u00e4sy- ja soveltuvuuskoe. Maa- ja mets\u00e4talousministeri\u00f6 yhteisty\u00f6ss\u00e4 Ty\u00f6tehoseuran kanssa aloitti hankkeen, jossa alettiin kehitt\u00e4\u00e4 valtakunnallista koetta. Kuulun hankkeen johtoryhm\u00e4\u00e4n. Nykyinen koe pohjautuu meid\u00e4n p\u00e4\u00e4sy- ja soveltuvuuskokeeseen. Koetta k\u00e4ytet\u00e4\u00e4n t\u00e4ll\u00e4kin hetkell\u00e4 jo yhdess\u00e4toista mets\u00e4konekoulussa. Sit\u00e4 on nyt kehitetty pari vuotta Ty\u00f6tehoseuran johdolla, kehitysty\u00f6 jatkuu edelleen.<\/p>\n<p style=\"font-family: Metropolis_regular;\" data-fusion-font=\"true\">Kokeet ovat t\u00e4rkeit\u00e4, koska ne auttavat arvioimaan, millaiset valmiudet hakijoilla on. Koe on sen verran monivaiheinen, ett\u00e4 se mittaa kiinnostusta alaa kohtaan. Lis\u00e4ksi selvitet\u00e4\u00e4n matemaattista p\u00e4\u00e4ttelykyky\u00e4, hahmottamiskyky\u00e4 ja hienomotoriikkaa, jotka ovat olennaisia hakkuukoneen- tai ajokoneenkuljettajalle.<\/p>\n<p style=\"font-family: Metropolis_regular;\" data-fusion-font=\"true\">Kaikki hakijat haastatellaan, mik\u00e4 auttaa tutustumaan heihin etuk\u00e4teen ja arvioimaan heid\u00e4n taitojaan esitietolomakkeiden ja testien avulla. Testeiss\u00e4 kiinnitet\u00e4\u00e4n huomiota erityisesti matemaattiseen p\u00e4\u00e4ttelykykyyn ja motorisiin taitoihin. Jos pisteet j\u00e4\u00e4v\u00e4t mataliksi, pit\u00e4\u00e4 mietti\u00e4, onko ne motoriset ja kognitiiviset taidot ja hahmottamiskapasiteetti sill\u00e4 tasolla, ett\u00e4 h\u00e4n kykenee tekem\u00e4\u00e4n sit\u00e4 ty\u00f6t\u00e4. Se tarkoittaa enemm\u00e4n harjoittelua, soveltuvuuskoe ei ole karsiva.<\/p>\n<p><b style=\"font-family: Metropolis_regular;\" data-fusion-font=\"true\">Kehitysharppaus <\/b><\/p>\n<p style=\"font-family: Metropolis_regular;\" data-fusion-font=\"true\">Opetuksessa on pyritty lis\u00e4\u00e4m\u00e4\u00e4n j\u00e4rjestelm\u00e4llisyytt\u00e4 sek\u00e4 kone- ett\u00e4 simulaatio-opetuksessa. Erityisesti simulaattoriopetusta olemme lis\u00e4nneet viimeisen viiden vuoden aikana, ja opiskelijat tekev\u00e4t nyky\u00e4\u00e4n enemm\u00e4n simulaatioteht\u00e4vi\u00e4 kuin ennen.<\/p>\n<p style=\"font-family: Metropolis_regular;\" data-fusion-font=\"true\">Lis\u00e4\u00e4ntyneet tuntim\u00e4\u00e4r\u00e4t simulaattorilla n\u00e4kyv\u00e4t positiivisesti maastossa oikealla koneella. Simulaattori antaa pisteet tunteettomasti, mik\u00e4li kriteerit eiv\u00e4t t\u00e4yty, teht\u00e4v\u00e4t pit\u00e4\u00e4 tehd\u00e4 uudestaan. Yritt\u00e4j\u00e4t ovat huomanneet muutoksen; nosturin k\u00e4ytt\u00f6taidot ovat paljon paremmat kuin aikaisemmin.<\/p>\n<p style=\"font-family: Metropolis_regular;\" data-fusion-font=\"true\">Olemme saaneet lis\u00e4tty\u00e4 ja p\u00e4ivitetty\u00e4 simulaattorikalustoa KETKO-hankkeen yhteydess\u00e4. Normaaliopetuksen lis\u00e4ksi meill\u00e4 on vireill\u00e4 hankkeeseen liittyen pari koulutuspilottia Harvestlinen ja Logset-mets\u00e4konevalmistajan kanssa.<\/p>\n<\/div><\/div><\/div><div class=\"fusion-layout-column fusion_builder_column fusion-builder-column-1 fusion_builder_column_1_2 1_2 fusion-flex-column\" style=\"--awb-bg-size:cover;--awb-width-large:50%;--awb-margin-top-large:0px;--awb-spacing-right-large:3.84%;--awb-margin-bottom-large:20px;--awb-spacing-left-large:3.84%;--awb-width-medium:100%;--awb-order-medium:0;--awb-spacing-right-medium:1.92%;--awb-spacing-left-medium:1.92%;--awb-width-small:100%;--awb-order-small:0;--awb-spacing-right-small:1.92%;--awb-spacing-left-small:1.92%;\"><div class=\"fusion-column-wrapper fusion-column-has-shadow fusion-flex-justify-content-flex-start fusion-content-layout-column\"><div class=\"fusion-image-element \" style=\"--awb-caption-title-font-family:var(--h2_typography-font-family);--awb-caption-title-font-weight:var(--h2_typography-font-weight);--awb-caption-title-font-style:var(--h2_typography-font-style);--awb-caption-title-size:var(--h2_typography-font-size);--awb-caption-title-transform:var(--h2_typography-text-transform);--awb-caption-title-line-height:var(--h2_typography-line-height);--awb-caption-title-letter-spacing:var(--h2_typography-letter-spacing);\"><span class=\" fusion-imageframe imageframe-dropshadow imageframe-1 hover-type-none\" style=\"-webkit-box-shadow: 5px 5px 9px var(--awb-color7);box-shadow: 5px 5px 9px var(--awb-color7);\"><img decoding=\"async\" width=\"3024\" height=\"4032\" title=\"Antti Virkkunen\" src=\"data:image\/svg+xml,%3Csvg%20xmlns%3D%27http%3A%2F%2Fwww.w3.org%2F2000%2Fsvg%27%20width%3D%273024%27%20height%3D%274032%27%20viewBox%3D%270%200%203024%204032%27%3E%3Crect%20width%3D%273024%27%20height%3D%274032%27%20fill-opacity%3D%220%22%2F%3E%3C%2Fsvg%3E\" data-orig-src=\"https:\/\/tarina.sedu.fi\/wp-content\/uploads\/2025\/06\/Antti-Virkkunen.jpg\" alt class=\"lazyload img-responsive wp-image-2321\"\/><\/span><\/div><\/div><\/div><\/div><\/div>\n","protected":false},"excerpt":{"rendered":"","protected":false},"author":4,"featured_media":0,"parent":0,"menu_order":0,"comment_status":"closed","ping_status":"closed","template":"","meta":{"footnotes":""},"class_list":["post-1476","page","type-page","status-publish","hentry"],"_links":{"self":[{"href":"https:\/\/tarina.sedu.fi\/index.php\/wp-json\/wp\/v2\/pages\/1476","targetHints":{"allow":["GET"]}}],"collection":[{"href":"https:\/\/tarina.sedu.fi\/index.php\/wp-json\/wp\/v2\/pages"}],"about":[{"href":"https:\/\/tarina.sedu.fi\/index.php\/wp-json\/wp\/v2\/types\/page"}],"author":[{"embeddable":true,"href":"https:\/\/tarina.sedu.fi\/index.php\/wp-json\/wp\/v2\/users\/4"}],"replies":[{"embeddable":true,"href":"https:\/\/tarina.sedu.fi\/index.php\/wp-json\/wp\/v2\/comments?post=1476"}],"version-history":[{"count":5,"href":"https:\/\/tarina.sedu.fi\/index.php\/wp-json\/wp\/v2\/pages\/1476\/revisions"}],"predecessor-version":[{"id":2322,"href":"https:\/\/tarina.sedu.fi\/index.php\/wp-json\/wp\/v2\/pages\/1476\/revisions\/2322"}],"wp:attachment":[{"href":"https:\/\/tarina.sedu.fi\/index.php\/wp-json\/wp\/v2\/media?parent=1476"}],"curies":[{"name":"wp","href":"https:\/\/api.w.org\/{rel}","templated":true}]}}