{"id":1452,"date":"2025-05-08T12:51:16","date_gmt":"2025-05-08T12:51:16","guid":{"rendered":"https:\/\/tarina.sedu.fi\/?page_id=1452"},"modified":"2025-06-06T06:49:11","modified_gmt":"2025-06-06T06:49:11","slug":"vauhdittamo-2","status":"publish","type":"page","link":"https:\/\/tarina.sedu.fi\/index.php\/vauhdittamo-2\/","title":{"rendered":"Vauhdittamo"},"content":{"rendered":"<div class=\"fusion-fullwidth fullwidth-box fusion-builder-row-1 fusion-flex-container has-pattern-background has-mask-background nonhundred-percent-fullwidth non-hundred-percent-height-scrolling\" style=\"--awb-border-radius-top-left:0px;--awb-border-radius-top-right:0px;--awb-border-radius-bottom-right:0px;--awb-border-radius-bottom-left:0px;--awb-flex-wrap:wrap;\" ><div class=\"fusion-builder-row fusion-row fusion-flex-align-items-flex-start fusion-flex-content-wrap\" style=\"max-width:1144px;margin-left: calc(-4% \/ 2 );margin-right: calc(-4% \/ 2 );\"><div class=\"fusion-layout-column fusion_builder_column fusion-builder-column-0 fusion_builder_column_1_2 1_2 fusion-flex-column\" style=\"--awb-bg-size:cover;--awb-width-large:50%;--awb-margin-top-large:0px;--awb-spacing-right-large:3.84%;--awb-margin-bottom-large:20px;--awb-spacing-left-large:3.84%;--awb-width-medium:100%;--awb-order-medium:0;--awb-spacing-right-medium:1.92%;--awb-spacing-left-medium:1.92%;--awb-width-small:100%;--awb-order-small:0;--awb-spacing-right-small:1.92%;--awb-spacing-left-small:1.92%;\"><div class=\"fusion-column-wrapper fusion-column-has-shadow fusion-flex-justify-content-flex-start fusion-content-layout-column\"><div class=\"fusion-text fusion-text-1\" style=\"--awb-text-font-family:&quot;Metropolis_regular&quot;;--awb-text-font-style:normal;--awb-text-font-weight:400;\"><p><b style=\"font-family: Metropolis_regular;\" data-fusion-font=\"true\"><span style=\"font-size: 22px;\" data-fusion-font=\"true\">Taru M\u00e4ki-Kahma<\/span> <\/b><\/p>\n<p style=\"font-family: Metropolis_regular;\" data-fusion-font=\"true\">Seduun v. 2020 erityisopettajaksi Rengonharjulle ja Vaasaan<\/p>\n<p style=\"font-family: Metropolis_regular;\" data-fusion-font=\"true\">koulutus: kasvatustieteen maisteri (KM), erityisluokanopettaja, opinto-ohjaaja<\/p>\n<p><b style=\"font-family: Metropolis_regular;\" data-fusion-font=\"true\">Onnistuminen <\/b><\/p>\n<p style=\"font-family: Metropolis_regular;\" data-fusion-font=\"true\">Aloitin Sedussa nelj\u00e4 ja puoli vuotta sitten erityisopettajana Rengonharjulla ja Vaasassa. Silloin logistiikalla ja maarakennukselle ei ollut omaa erityisopettajaa tonteilla eik\u00e4 Vauhdittamo-toimintaa t\u00e4ss\u00e4 mittakaavassa, mit\u00e4 erityisopettajan palkkaaminen mahdollisti. Opiskelijoilla oli paljon r\u00e4stej\u00e4 yto-oppinnoissa ja opintoja keskeytyi ja viiv\u00e4styi r\u00e4stien vuoksi.<\/p>\n<p style=\"font-family: Metropolis_regular;\" data-fusion-font=\"true\">Kun Vauhdittamo-toiminta starttasi kunnolla, otimme ensimm\u00e4isen vuoden tavoitteeksi, ett\u00e4 kaikki opiskelijat saataisiin valmistumaan aikataulun mukaisesti. Sen vuoden aikana niin kolmasluokkalaiset, jatkuvan haun opiskelijat kuin kaikki ylivuotiset opiskelijat valmistuivat uuden suunnitelmansa mukaan aikataulussa.<\/p>\n<p style=\"font-family: Metropolis_regular;\" data-fusion-font=\"true\">Seuraavalle lukuvuodelle otimme tavoitteeksi, ett\u00e4 kaikkien opiskelijoiden r\u00e4stit saadaan ajan tasalle ja toukokuussa saimmekin iloita siit\u00e4, ett\u00e4 kaikki opiskelijat valmistuivat suunnitelmiensa mukaisesti, eik\u00e4 r\u00e4stej\u00e4 en\u00e4\u00e4 ollut.<\/p>\n<p style=\"font-family: Metropolis_regular;\" data-fusion-font=\"true\">Opiskelijoiden opintojen saaminen ja pit\u00e4minen ajan tasalla on monen ihmisen ty\u00f6n tulosta. Yhteisty\u00f6ll\u00e4 alan opettajien ja opinto-ohjaajien kanssa katsomme, miss\u00e4 asioissa opiskelija tarvitsee viel\u00e4 lis\u00e4\u00e4 harjoitusta, ja ytojen lis\u00e4ksi Vauhdittamossa onkin l\u00e4hes p\u00e4ivitt\u00e4in opiskelijoita tekem\u00e4ss\u00e4 alan teht\u00e4vi\u00e4 ja teoriaharjoituksia. Ilman toimivaa yhteisty\u00f6t\u00e4 Vauhdittamo ei toimisi.<\/p>\n<p><b style=\"font-family: Metropolis_regular;\" data-fusion-font=\"true\">Kehitysharppaus <\/b><\/p>\n<p style=\"font-family: Metropolis_regular;\" data-fusion-font=\"true\">Vauhdittamo-toiminnalla on saatu iso askel opiskelijoiden tukemiseksi tehty\u00e4.<\/p>\n<p style=\"font-family: Metropolis_regular;\" data-fusion-font=\"true\">Olemme saaneet k\u00e4\u00e4nnetty\u00e4 r\u00e4stipajat tuki- ja lis\u00e4opetukseksi ja ennakoivaksi tueksi, jolloin pystymme auttamaan opiskelijoita reaaliajassa. Opiskelijat saavat tulla kysym\u00e4\u00e4n aina, jos tarvitsevat tukea. Lis\u00e4ksi aloitimme koekertaukset reipas vuosi sitten, joten ennen koetta saa tulla aina Vauhdittamoon kertaamaan asioita. N\u00e4ill\u00e4 toimenpiteill\u00e4 olemme saaneet k\u00e4\u00e4nnetty\u00e4 tuen ennakoivaksi tueksi, jolloin opiskelijat saavat my\u00f6s enemm\u00e4n onnistumisen kokemuksia.<\/p>\n<p style=\"font-family: Metropolis_regular;\" data-fusion-font=\"true\">Viimeisen lukuvuoden aikana olemme pit\u00e4neet kiinni toimivista tuen muodoista ja pyrkineet siihen, ett\u00e4 opiskelijat saisivat meill\u00e4 opintoihinsa apua ja tukea matalalla kynnyksell\u00e4 reaaliajassa.\u202f Opiskelijoiden p\u00e4rj\u00e4\u00e4minen ja onnistuminen opinnoissaan ovat meille t\u00e4rkeit\u00e4 asioita ja niihin panostamme.<\/p>\n<p style=\"font-family: Metropolis_regular;\" data-fusion-font=\"true\">Erityisopettajana en voi opettaa ket\u00e4\u00e4n ajamaan rekkaa, eik\u00e4 minulla ole p\u00e4tevyyksi\u00e4 opettaa ammattip\u00e4tevyyksi\u00e4, mutta voin tukea, neuvoa ja ohjata opiskelijoita heid\u00e4n omissa opinnoissaan. Alojen ammatillisten opettajien, opinto-ohjaajien ja yto-opettajien kanssa teht\u00e4v\u00e4t suunnitelmat ja yhteydenpidot jokaisen opiskelijat tukemiseksi opinnoissaan ovat t\u00e4rkeit\u00e4. Meid\u00e4n toimipisteidemme toimiva tuki on t\u00e4ysin hyv\u00e4n yhteisty\u00f6n tulosta.<\/p>\n<\/div><\/div><\/div><div class=\"fusion-layout-column fusion_builder_column fusion-builder-column-1 fusion_builder_column_1_2 1_2 fusion-flex-column\" style=\"--awb-bg-size:cover;--awb-width-large:50%;--awb-margin-top-large:0px;--awb-spacing-right-large:3.84%;--awb-margin-bottom-large:20px;--awb-spacing-left-large:3.84%;--awb-width-medium:100%;--awb-order-medium:0;--awb-spacing-right-medium:1.92%;--awb-spacing-left-medium:1.92%;--awb-width-small:100%;--awb-order-small:0;--awb-spacing-right-small:1.92%;--awb-spacing-left-small:1.92%;\"><div class=\"fusion-column-wrapper fusion-column-has-shadow fusion-flex-justify-content-flex-start fusion-content-layout-column\"><div class=\"fusion-image-element \" style=\"--awb-caption-title-font-family:var(--h2_typography-font-family);--awb-caption-title-font-weight:var(--h2_typography-font-weight);--awb-caption-title-font-style:var(--h2_typography-font-style);--awb-caption-title-size:var(--h2_typography-font-size);--awb-caption-title-transform:var(--h2_typography-text-transform);--awb-caption-title-line-height:var(--h2_typography-line-height);--awb-caption-title-letter-spacing:var(--h2_typography-letter-spacing);\"><span class=\" fusion-imageframe imageframe-dropshadow imageframe-1 hover-type-none\" style=\"-webkit-box-shadow: 5px 5px 9px var(--awb-color7);box-shadow: 5px 5px 9px var(--awb-color7);\"><img decoding=\"async\" width=\"679\" height=\"936\" title=\"Taru Maki-Kahma\" src=\"data:image\/svg+xml,%3Csvg%20xmlns%3D%27http%3A%2F%2Fwww.w3.org%2F2000%2Fsvg%27%20width%3D%27679%27%20height%3D%27936%27%20viewBox%3D%270%200%20679%20936%27%3E%3Crect%20width%3D%27679%27%20height%3D%27936%27%20fill-opacity%3D%220%22%2F%3E%3C%2Fsvg%3E\" data-orig-src=\"https:\/\/tarina.sedu.fi\/wp-content\/uploads\/2025\/06\/Taru-Maki-Kahma.jpeg\" alt class=\"lazyload img-responsive wp-image-2407\"\/><\/span><\/div><\/div><\/div><\/div><\/div>\n","protected":false},"excerpt":{"rendered":"","protected":false},"author":4,"featured_media":0,"parent":0,"menu_order":0,"comment_status":"closed","ping_status":"closed","template":"","meta":{"footnotes":""},"class_list":["post-1452","page","type-page","status-publish","hentry"],"_links":{"self":[{"href":"https:\/\/tarina.sedu.fi\/index.php\/wp-json\/wp\/v2\/pages\/1452","targetHints":{"allow":["GET"]}}],"collection":[{"href":"https:\/\/tarina.sedu.fi\/index.php\/wp-json\/wp\/v2\/pages"}],"about":[{"href":"https:\/\/tarina.sedu.fi\/index.php\/wp-json\/wp\/v2\/types\/page"}],"author":[{"embeddable":true,"href":"https:\/\/tarina.sedu.fi\/index.php\/wp-json\/wp\/v2\/users\/4"}],"replies":[{"embeddable":true,"href":"https:\/\/tarina.sedu.fi\/index.php\/wp-json\/wp\/v2\/comments?post=1452"}],"version-history":[{"count":4,"href":"https:\/\/tarina.sedu.fi\/index.php\/wp-json\/wp\/v2\/pages\/1452\/revisions"}],"predecessor-version":[{"id":2408,"href":"https:\/\/tarina.sedu.fi\/index.php\/wp-json\/wp\/v2\/pages\/1452\/revisions\/2408"}],"wp:attachment":[{"href":"https:\/\/tarina.sedu.fi\/index.php\/wp-json\/wp\/v2\/media?parent=1452"}],"curies":[{"name":"wp","href":"https:\/\/api.w.org\/{rel}","templated":true}]}}