{"id":1436,"date":"2025-05-08T12:41:34","date_gmt":"2025-05-08T12:41:34","guid":{"rendered":"https:\/\/tarina.sedu.fi\/?page_id=1436"},"modified":"2025-06-05T08:33:48","modified_gmt":"2025-06-05T08:33:48","slug":"turvallisuusala","status":"publish","type":"page","link":"https:\/\/tarina.sedu.fi\/index.php\/turvallisuusala\/","title":{"rendered":"turvallisuusala"},"content":{"rendered":"<div class=\"fusion-fullwidth fullwidth-box fusion-builder-row-1 fusion-flex-container has-pattern-background has-mask-background nonhundred-percent-fullwidth non-hundred-percent-height-scrolling\" style=\"--awb-border-radius-top-left:0px;--awb-border-radius-top-right:0px;--awb-border-radius-bottom-right:0px;--awb-border-radius-bottom-left:0px;--awb-flex-wrap:wrap;\" ><div class=\"fusion-builder-row fusion-row fusion-flex-align-items-flex-start fusion-flex-content-wrap\" style=\"max-width:1144px;margin-left: calc(-4% \/ 2 );margin-right: calc(-4% \/ 2 );\"><div class=\"fusion-layout-column fusion_builder_column fusion-builder-column-0 fusion_builder_column_1_2 1_2 fusion-flex-column\" style=\"--awb-bg-size:cover;--awb-width-large:50%;--awb-margin-top-large:0px;--awb-spacing-right-large:3.84%;--awb-margin-bottom-large:20px;--awb-spacing-left-large:3.84%;--awb-width-medium:100%;--awb-order-medium:0;--awb-spacing-right-medium:1.92%;--awb-spacing-left-medium:1.92%;--awb-width-small:100%;--awb-order-small:0;--awb-spacing-right-small:1.92%;--awb-spacing-left-small:1.92%;\"><div class=\"fusion-column-wrapper fusion-column-has-shadow fusion-flex-justify-content-flex-start fusion-content-layout-column\"><div class=\"fusion-text fusion-text-1\" style=\"--awb-text-font-family:&quot;Metropolis_regular&quot;;--awb-text-font-style:normal;--awb-text-font-weight:400;\"><p><b style=\"font-family: Metropolis_regular;\" data-fusion-font=\"true\"><span style=\"font-size: 22px;\" data-fusion-font=\"true\">Joni Lehtinen<\/span> <\/b><\/p>\n<p><b style=\"font-family: Metropolis_regular;\" data-fusion-font=\"true\">Seduun v. 2007, silloiseen Kurikan ammattioppilaitokseen <\/b><\/p>\n<p><b style=\"font-family: Metropolis_regular;\" data-fusion-font=\"true\">Koulutus: Turvallisuusalan AT, Turvallisuusalan EAT, Opettajaopinnot, NTM, muut mm. ty\u00f6turvallisuuteen, s\u00e4teilyturvallisuuteen, riskienhallintaan, yritysturvallisuuteen ja turvallisuusjohtamiseen liittyv\u00e4t koulutuskokonaisuudet<\/b><span style=\"font-family: Metropolis_regular;\" data-fusion-font=\"true\">. <\/span><\/p>\n<p><b style=\"font-family: Metropolis_regular;\" data-fusion-font=\"true\">Miss\u00e4 olet onnistunut? <\/b><\/p>\n<p style=\"font-family: Metropolis_regular;\" data-fusion-font=\"true\">Olen onnistunut saavuttamaan luotettavan, t\u00e4sm\u00e4llisen ja asiantuntevan maineen niin opiskelijoiden, kollegoiden kuin my\u00f6s ty\u00f6el\u00e4m\u00e4n edustajien ja muiden sidosryhmien keskuudessa.<\/p>\n<p style=\"font-family: Metropolis_regular;\" data-fusion-font=\"true\">Sedun opiskelijat valitsivat turvallisuusalan opettaja Joni Lehtisen Sedun vuoden opettajaksi toukokuussa 2024.<\/p>\n<p><b style=\"font-family: Metropolis_regular;\" data-fusion-font=\"true\">Merkitt\u00e4v\u00e4 kehitysharppaus alalla <\/b><\/p>\n<p style=\"font-family: Metropolis_regular;\" data-fusion-font=\"true\">Mielest\u00e4ni merkitt\u00e4vin harppaus on monimuotoisuuden lis\u00e4\u00e4minen AT\/EAT koulutuksiin. Turvallisuusalan EAT menee kokonaan verkossa, ja opiskelijat tulevat eri puolilta maata Ivalosta Lappeenrantaan. Aloitus on nelj\u00e4 kertaa vuodessa, ryhm\u00e4\u00e4n on koko ajan tulossa uusia opiskelijoita.<\/p>\n<p><span style=\"font-family: Metropolis_regular;\" data-fusion-font=\"true\">Vuoden 2025 alusta my\u00f6s Turvallisuusalan AT alkoi monimuotona, ja uusia hakijoita on mukavasti, joten elokuussa t\u00e4m\u00e4kin ryhm\u00e4 on t\u00e4ynn\u00e4. Koulutus kest\u00e4\u00e4 noin vuoden ja uusia opiskelijoita otetaan tammikuussa ja elokuussa.<\/span><\/p>\n<\/div><\/div><\/div><div class=\"fusion-layout-column fusion_builder_column fusion-builder-column-1 fusion_builder_column_1_2 1_2 fusion-flex-column\" style=\"--awb-bg-size:cover;--awb-width-large:50%;--awb-margin-top-large:0px;--awb-spacing-right-large:3.84%;--awb-margin-bottom-large:20px;--awb-spacing-left-large:3.84%;--awb-width-medium:100%;--awb-order-medium:0;--awb-spacing-right-medium:1.92%;--awb-spacing-left-medium:1.92%;--awb-width-small:100%;--awb-order-small:0;--awb-spacing-right-small:1.92%;--awb-spacing-left-small:1.92%;\"><div class=\"fusion-column-wrapper fusion-column-has-shadow fusion-flex-justify-content-flex-start fusion-content-layout-column\"><div class=\"fusion-image-element \" style=\"--awb-caption-title-font-family:var(--h2_typography-font-family);--awb-caption-title-font-weight:var(--h2_typography-font-weight);--awb-caption-title-font-style:var(--h2_typography-font-style);--awb-caption-title-size:var(--h2_typography-font-size);--awb-caption-title-transform:var(--h2_typography-text-transform);--awb-caption-title-line-height:var(--h2_typography-line-height);--awb-caption-title-letter-spacing:var(--h2_typography-letter-spacing);\"><span class=\" fusion-imageframe imageframe-dropshadow imageframe-1 hover-type-none\" style=\"-webkit-box-shadow: 5px 5px 9px var(--awb-color7);box-shadow: 5px 5px 9px var(--awb-color7);\"><img decoding=\"async\" width=\"4284\" height=\"5712\" title=\"Lehtinen_Joni_2\" src=\"data:image\/svg+xml,%3Csvg%20xmlns%3D%27http%3A%2F%2Fwww.w3.org%2F2000%2Fsvg%27%20width%3D%274284%27%20height%3D%275712%27%20viewBox%3D%270%200%204284%205712%27%3E%3Crect%20width%3D%274284%27%20height%3D%275712%27%20fill-opacity%3D%220%22%2F%3E%3C%2Fsvg%3E\" data-orig-src=\"https:\/\/tarina.sedu.fi\/wp-content\/uploads\/2025\/06\/Lehtinen_Joni_2.jpg\" alt class=\"lazyload img-responsive wp-image-2343\"\/><\/span><\/div><\/div><\/div><\/div><\/div>\n","protected":false},"excerpt":{"rendered":"","protected":false},"author":4,"featured_media":0,"parent":0,"menu_order":0,"comment_status":"closed","ping_status":"closed","template":"","meta":{"footnotes":""},"class_list":["post-1436","page","type-page","status-publish","hentry"],"_links":{"self":[{"href":"https:\/\/tarina.sedu.fi\/index.php\/wp-json\/wp\/v2\/pages\/1436","targetHints":{"allow":["GET"]}}],"collection":[{"href":"https:\/\/tarina.sedu.fi\/index.php\/wp-json\/wp\/v2\/pages"}],"about":[{"href":"https:\/\/tarina.sedu.fi\/index.php\/wp-json\/wp\/v2\/types\/page"}],"author":[{"embeddable":true,"href":"https:\/\/tarina.sedu.fi\/index.php\/wp-json\/wp\/v2\/users\/4"}],"replies":[{"embeddable":true,"href":"https:\/\/tarina.sedu.fi\/index.php\/wp-json\/wp\/v2\/comments?post=1436"}],"version-history":[{"count":4,"href":"https:\/\/tarina.sedu.fi\/index.php\/wp-json\/wp\/v2\/pages\/1436\/revisions"}],"predecessor-version":[{"id":2344,"href":"https:\/\/tarina.sedu.fi\/index.php\/wp-json\/wp\/v2\/pages\/1436\/revisions\/2344"}],"wp:attachment":[{"href":"https:\/\/tarina.sedu.fi\/index.php\/wp-json\/wp\/v2\/media?parent=1436"}],"curies":[{"name":"wp","href":"https:\/\/api.w.org\/{rel}","templated":true}]}}