{"id":1425,"date":"2025-05-08T12:35:37","date_gmt":"2025-05-08T12:35:37","guid":{"rendered":"https:\/\/tarina.sedu.fi\/?page_id=1425"},"modified":"2025-06-05T10:20:33","modified_gmt":"2025-06-05T10:20:33","slug":"sahko-ja-automaatioala","status":"publish","type":"page","link":"https:\/\/tarina.sedu.fi\/index.php\/sahko-ja-automaatioala\/","title":{"rendered":"s\u00e4hk\u00f6- ja automaatioala"},"content":{"rendered":"<div class=\"fusion-fullwidth fullwidth-box fusion-builder-row-1 fusion-flex-container has-pattern-background has-mask-background nonhundred-percent-fullwidth non-hundred-percent-height-scrolling\" style=\"--awb-border-radius-top-left:0px;--awb-border-radius-top-right:0px;--awb-border-radius-bottom-right:0px;--awb-border-radius-bottom-left:0px;--awb-flex-wrap:wrap;\" ><div class=\"fusion-builder-row fusion-row fusion-flex-align-items-flex-start fusion-flex-content-wrap\" style=\"max-width:1144px;margin-left: calc(-4% \/ 2 );margin-right: calc(-4% \/ 2 );\"><div class=\"fusion-layout-column fusion_builder_column fusion-builder-column-0 fusion_builder_column_1_2 1_2 fusion-flex-column\" style=\"--awb-bg-size:cover;--awb-width-large:50%;--awb-margin-top-large:0px;--awb-spacing-right-large:3.84%;--awb-margin-bottom-large:20px;--awb-spacing-left-large:3.84%;--awb-width-medium:100%;--awb-order-medium:0;--awb-spacing-right-medium:1.92%;--awb-spacing-left-medium:1.92%;--awb-width-small:100%;--awb-order-small:0;--awb-spacing-right-small:1.92%;--awb-spacing-left-small:1.92%;\"><div class=\"fusion-column-wrapper fusion-column-has-shadow fusion-flex-justify-content-flex-start fusion-content-layout-column\"><div class=\"fusion-text fusion-text-1\" style=\"--awb-text-font-family:&quot;Metropolis_regular&quot;;--awb-text-font-style:normal;--awb-text-font-weight:400;\"><p><b style=\"font-family: Metropolis_regular;\" data-fusion-font=\"true\"><span style=\"font-size: 22px;\" data-fusion-font=\"true\">Lasse Ruotsala<\/span> <\/b><\/p>\n<p><b style=\"font-family: Metropolis_regular;\" data-fusion-font=\"true\">Seduun v. 2013 <\/b><\/p>\n<p><b style=\"font-family: Metropolis_regular;\" data-fusion-font=\"true\">koulutus: insin\u00f6\u00f6ri YAMK (Teknologiaosaamisen johtaminen, Sein\u00e4joen ammattikorkeakoulu), s\u00e4hk\u00f6asentaja (Lapuan ammattioppilaitos) <\/b><\/p>\n<p><b style=\"font-family: Metropolis_regular;\" data-fusion-font=\"true\">Miss\u00e4 olet ammatillisena opettajana onnistunut kenties kollegan \/ kollegojen kanssa? <\/b><\/p>\n<p style=\"font-family: Metropolis_regular;\" data-fusion-font=\"true\">Onneksi t\u00e4h\u00e4n reiluun kymmeneen vuoteen osuu joku onnistuminenkin. Mukavia muistoja on, kun saimme kollegojen kanssa valmennettua Taitaja-voittajan s\u00e4hk\u00f6asennuksessa. Positiivista on ollut my\u00f6s se, ett\u00e4 alan vetovoima ja hakijam\u00e4\u00e4r\u00e4t ovat pysyneet hyvin\u00e4 ja jopa kasvavina, pienevist\u00e4 ik\u00e4luokista huolimatta. \u201dPuskaradiossa\u201d Lapuan s\u00e4hk\u00f6- ja automaatioalalla on positiivinen soundi.<\/p>\n<p><b style=\"font-family: Metropolis_regular;\" data-fusion-font=\"true\">Mik\u00e4 on merkitt\u00e4v\u00e4 \/ paras kehitysharppaus, joka alasi koulutuksessa on tehty? <\/b><\/p>\n<p><span style=\"font-family: Metropolis_regular;\" data-fusion-font=\"true\">Merkitt\u00e4vin harppaus on ollut n\u00e4iden vuosien aikana ammatillisen koulutuksen reformi. Siit\u00e4 voi olla montaa mielt\u00e4, mihin suuntaan harppaus on otettu. Kun tulin 2013 taloon t\u00f6ihin, meill\u00e4 oli s\u00e4hk\u00f6alalla sama opiskelijam\u00e4\u00e4r\u00e4 ja minulla oli nelj\u00e4 kollegaa. Vuosien varrella opiskelijam\u00e4\u00e4r\u00e4 on pysynyt samana mutta kollegat on v\u00e4hentyneet yhteen. Ty\u00f6 on nyky\u00e4\u00e4n hektist\u00e4 ja kehitt\u00e4miselle ja kehittymiselle ei ole en\u00e4\u00e4 aikaa. Toivottavasti ammatilliseen opetukseen annetaan tulevaisuudessa enemm\u00e4n resursseja.<\/span><\/p>\n<\/div><\/div><\/div><div class=\"fusion-layout-column fusion_builder_column fusion-builder-column-1 fusion_builder_column_1_2 1_2 fusion-flex-column\" style=\"--awb-bg-size:cover;--awb-width-large:50%;--awb-margin-top-large:0px;--awb-spacing-right-large:3.84%;--awb-margin-bottom-large:20px;--awb-spacing-left-large:3.84%;--awb-width-medium:100%;--awb-order-medium:0;--awb-spacing-right-medium:1.92%;--awb-spacing-left-medium:1.92%;--awb-width-small:100%;--awb-order-small:0;--awb-spacing-right-small:1.92%;--awb-spacing-left-small:1.92%;\"><div class=\"fusion-column-wrapper fusion-column-has-shadow fusion-flex-justify-content-flex-start fusion-content-layout-column\"><div class=\"fusion-image-element \" style=\"--awb-caption-title-font-family:var(--h2_typography-font-family);--awb-caption-title-font-weight:var(--h2_typography-font-weight);--awb-caption-title-font-style:var(--h2_typography-font-style);--awb-caption-title-size:var(--h2_typography-font-size);--awb-caption-title-transform:var(--h2_typography-text-transform);--awb-caption-title-line-height:var(--h2_typography-line-height);--awb-caption-title-letter-spacing:var(--h2_typography-letter-spacing);\"><span class=\" fusion-imageframe imageframe-dropshadow imageframe-1 hover-type-none\" style=\"-webkit-box-shadow: 5px 5px 9px var(--awb-color7);box-shadow: 5px 5px 9px var(--awb-color7);\"><img decoding=\"async\" width=\"256\" height=\"320\" title=\"Lasse Ruotsala\" src=\"data:image\/svg+xml,%3Csvg%20xmlns%3D%27http%3A%2F%2Fwww.w3.org%2F2000%2Fsvg%27%20width%3D%27256%27%20height%3D%27320%27%20viewBox%3D%270%200%20256%20320%27%3E%3Crect%20width%3D%27256%27%20height%3D%27320%27%20fill-opacity%3D%220%22%2F%3E%3C%2Fsvg%3E\" data-orig-src=\"https:\/\/tarina.sedu.fi\/wp-content\/uploads\/2025\/06\/Lasse-Ruotsala.jpg\" alt class=\"lazyload img-responsive wp-image-2362\"\/><\/span><\/div><\/div><\/div><\/div><\/div>\n","protected":false},"excerpt":{"rendered":"","protected":false},"author":4,"featured_media":0,"parent":0,"menu_order":0,"comment_status":"closed","ping_status":"closed","template":"","meta":{"footnotes":""},"class_list":["post-1425","page","type-page","status-publish","hentry"],"_links":{"self":[{"href":"https:\/\/tarina.sedu.fi\/index.php\/wp-json\/wp\/v2\/pages\/1425","targetHints":{"allow":["GET"]}}],"collection":[{"href":"https:\/\/tarina.sedu.fi\/index.php\/wp-json\/wp\/v2\/pages"}],"about":[{"href":"https:\/\/tarina.sedu.fi\/index.php\/wp-json\/wp\/v2\/types\/page"}],"author":[{"embeddable":true,"href":"https:\/\/tarina.sedu.fi\/index.php\/wp-json\/wp\/v2\/users\/4"}],"replies":[{"embeddable":true,"href":"https:\/\/tarina.sedu.fi\/index.php\/wp-json\/wp\/v2\/comments?post=1425"}],"version-history":[{"count":4,"href":"https:\/\/tarina.sedu.fi\/index.php\/wp-json\/wp\/v2\/pages\/1425\/revisions"}],"predecessor-version":[{"id":2363,"href":"https:\/\/tarina.sedu.fi\/index.php\/wp-json\/wp\/v2\/pages\/1425\/revisions\/2363"}],"wp:attachment":[{"href":"https:\/\/tarina.sedu.fi\/index.php\/wp-json\/wp\/v2\/media?parent=1425"}],"curies":[{"name":"wp","href":"https:\/\/api.w.org\/{rel}","templated":true}]}}