{"id":1407,"date":"2025-05-08T12:05:48","date_gmt":"2025-05-08T12:05:48","guid":{"rendered":"https:\/\/tarina.sedu.fi\/?page_id=1407"},"modified":"2025-06-02T09:12:06","modified_gmt":"2025-06-02T09:12:06","slug":"vhallinto","status":"publish","type":"page","link":"https:\/\/tarina.sedu.fi\/index.php\/liite\/vhallinto\/","title":{"rendered":"LHALLINTO"},"content":{"rendered":"<div class=\"fusion-fullwidth fullwidth-box fusion-builder-row-1 fusion-flex-container has-pattern-background has-mask-background nonhundred-percent-fullwidth non-hundred-percent-height-scrolling\" style=\"--awb-border-radius-top-left:0px;--awb-border-radius-top-right:0px;--awb-border-radius-bottom-right:0px;--awb-border-radius-bottom-left:0px;--awb-flex-wrap:wrap;\" ><div class=\"fusion-builder-row fusion-row fusion-flex-align-items-flex-start fusion-flex-content-wrap\" style=\"max-width:1144px;margin-left: calc(-4% \/ 2 );margin-right: calc(-4% \/ 2 );\"><div class=\"fusion-layout-column fusion_builder_column fusion-builder-column-0 fusion_builder_column_1_1 1_1 fusion-flex-column\" style=\"--awb-bg-size:cover;--awb-width-large:100%;--awb-margin-top-large:0px;--awb-spacing-right-large:1.92%;--awb-margin-bottom-large:20px;--awb-spacing-left-large:1.92%;--awb-width-medium:100%;--awb-order-medium:0;--awb-spacing-right-medium:1.92%;--awb-spacing-left-medium:1.92%;--awb-width-small:100%;--awb-order-small:0;--awb-spacing-right-small:1.92%;--awb-spacing-left-small:1.92%;\"><div class=\"fusion-column-wrapper fusion-column-has-shadow fusion-flex-justify-content-flex-start fusion-content-layout-column\"><div class=\"fusion-text fusion-text-1\"><p style=\"font-size: 33px; font-family: Metropolis_regular;\" data-fusion-font=\"true\"><b style=\"font-size: 33px;\" data-fusion-font=\"true\">Sein\u00e4joen koulutuskuntayhtym\u00e4n luottamushenkil\u00f6t<\/b><\/p>\n<\/div><div class=\"fusion-separator fusion-full-width-sep\" style=\"align-self: center;margin-left: auto;margin-right: auto;width:100%;\"><div class=\"fusion-separator-border sep-shadow\" style=\"--awb-height:20px;--awb-amount:20px;background:radial-gradient(ellipse at 50% -50% , var(--awb-color3) 0px, rgba(255, 255, 255, 0) 80%) repeat scroll 0 0 rgba(0, 0, 0, 0);background:-webkit-radial-gradient(ellipse at 50% -50% , var(--awb-color3) 0px, rgba(255, 255, 255, 0) 80%) repeat scroll 0 0 rgba(0, 0, 0, 0);background:-moz-radial-gradient(ellipse at 50% -50% , var(--awb-color3) 0px, rgba(255, 255, 255, 0) 80%) repeat scroll 0 0 rgba(0, 0, 0, 0);background:-o-radial-gradient(ellipse at 50% -50% , var(--awb-color3) 0px, rgba(255, 255, 255, 0) 80%) repeat scroll 0 0 rgba(0, 0, 0, 0);\"><\/div><\/div><\/div><\/div><div class=\"fusion-layout-column fusion_builder_column fusion-builder-column-1 fusion_builder_column_1_1 1_1 fusion-flex-column\" style=\"--awb-bg-size:cover;--awb-width-large:100%;--awb-margin-top-large:0px;--awb-spacing-right-large:1.92%;--awb-margin-bottom-large:20px;--awb-spacing-left-large:1.92%;--awb-width-medium:100%;--awb-order-medium:0;--awb-spacing-right-medium:1.92%;--awb-spacing-left-medium:1.92%;--awb-width-small:100%;--awb-order-small:0;--awb-spacing-right-small:1.92%;--awb-spacing-left-small:1.92%;\"><div class=\"fusion-column-wrapper fusion-column-has-shadow fusion-flex-justify-content-flex-start fusion-content-layout-column\">\n<div class=\"table-1\">\n<table width=\"100%\">\n<thead>\n<tr>\n<th align=\"left\">1.1.2005 &#8211; 31.12.2008<\/th>\n<\/tr>\n<\/thead>\n<tbody>\n<tr>\n<td align=\"left\">\n<div>\n<p><strong>Yll\u00e4pit\u00e4j\u00e4kunnat<\/strong>: Alavus, Ilmajoki, Isokyr\u00f6, Jalasj\u00e4rvi, Jurva, Kauhajoki, Kauhava, Kuortane, Kurikka, Lapua, Nurmo, Sein\u00e4joki, Ylistaro, \u00c4ht\u00e4ri<\/p>\n<\/div>\n<div><strong>Yhtym\u00e4valtuusto<\/strong><\/div>\n<div>puheenjohtaja Jorma Yli-Suomu, Ilmajoki<\/div>\n<div>ens. varapuheenjohtaja Antero Maunula, Sein\u00e4joki<\/div>\n<div>toinen varapuheenjohtaja Aaro A. Harjunp\u00e4\u00e4, Sein\u00e4joki<\/div>\n<div><strong><br \/>\nYhtym\u00e4hallitus<\/strong><\/div>\n<div>puheenjohtaja Timo Paavola, Sein\u00e4joki<\/div>\n<div>ens. varapuheenjohtaja Heikki Nokso-Koivisto, Kurikka<\/div>\n<div>toinen varapuheenjohtaja Riittaliisa Fills, Sein\u00e4joki<\/div>\n<div><strong><br \/>\nSein\u00e4joen koulutuskeskuksen johtokunta<\/strong><\/div>\n<div>puheenjohtaja Arja Hyyti\u00e4, Sein\u00e4joki<\/div>\n<div>ens. varapuheenjohtaja Jani Karvonen, Sein\u00e4joki<\/div>\n<div>toinen varapuheenjohtaja Jorma Viitam\u00e4ki, Sein\u00e4joki<\/div>\n<div><\/div>\n<\/td>\n<\/tr>\n<\/tbody>\n<\/table>\n<\/div>\n<\/div><\/div><div class=\"fusion-layout-column fusion_builder_column fusion-builder-column-2 fusion_builder_column_1_1 1_1 fusion-flex-column\" style=\"--awb-bg-size:cover;--awb-width-large:100%;--awb-margin-top-large:0px;--awb-spacing-right-large:1.92%;--awb-margin-bottom-large:20px;--awb-spacing-left-large:1.92%;--awb-width-medium:100%;--awb-order-medium:0;--awb-spacing-right-medium:1.92%;--awb-spacing-left-medium:1.92%;--awb-width-small:100%;--awb-order-small:0;--awb-spacing-right-small:1.92%;--awb-spacing-left-small:1.92%;\"><div class=\"fusion-column-wrapper fusion-column-has-shadow fusion-flex-justify-content-flex-start fusion-content-layout-column\">\n<div class=\"table-1\">\n<table width=\"100%\">\n<thead>\n<tr>\n<th align=\"left\">1.1.2009 &#8211; 31.12.2012<\/th>\n<\/tr>\n<\/thead>\n<tbody>\n<tr>\n<td align=\"left\">\n<div><strong>Yll\u00e4pit\u00e4j\u00e4kunnat<\/strong>: Alaj\u00e4rvi, Alavus, Ilmajoki, Isokyr\u00f6, Jalasj\u00e4rvi, Karijoki, Kauhajoki, Kauhava, Kristiinankaupunki, Kuortane, Kurikka, Lapua, Multia, Saarij\u00e4rvi, Sein\u00e4joki, Soini, Teuva, T\u00f6ys\u00e4, Virrat, \u00c4ht\u00e4ri<\/div>\n<div><strong><br \/>\nYhtym\u00e4valtuusto<\/strong><\/div>\n<div>puheenjohtaja Aaro Harjunp\u00e4\u00e4, Sein\u00e4joki<\/div>\n<div>ens. varapuheenjohtaja Antero Maunula, Sein\u00e4joki<\/div>\n<div>toinen varapuheenjohtaja Kirsi Kandolin, Kurikka<\/div>\n<div><strong><br \/>\nYhtym\u00e4hallitus<\/strong><\/div>\n<div>puheenjohtaja Timo Paavola, Sein\u00e4joki<\/div>\n<div>ens. varapuheenjohtaja Reetta Hakala, Kurikka<\/div>\n<div>toinen varapuheenjohtaja Markku Lehtola, Sein\u00e4joki<\/div>\n<div><strong><br \/>\nSein\u00e4joen koulutuskeskuksen johtokunta<\/strong><\/div>\n<div>puheenjohtaja Arja Hyyti\u00e4, Sein\u00e4joki<\/div>\n<div>ens. varapuheenjohtaja Jani Karvonen, Kurikka<\/div>\n<div>toinen varapuheenjohtaja Jani M\u00e4ki-Maunus, Sein\u00e4joki<\/div>\n<\/td>\n<\/tr>\n<\/tbody>\n<\/table>\n<\/div>\n<\/div><\/div><div class=\"fusion-layout-column fusion_builder_column fusion-builder-column-3 fusion_builder_column_1_1 1_1 fusion-flex-column\" style=\"--awb-bg-size:cover;--awb-width-large:100%;--awb-margin-top-large:0px;--awb-spacing-right-large:1.92%;--awb-margin-bottom-large:20px;--awb-spacing-left-large:1.92%;--awb-width-medium:100%;--awb-order-medium:0;--awb-spacing-right-medium:1.92%;--awb-spacing-left-medium:1.92%;--awb-width-small:100%;--awb-order-small:0;--awb-spacing-right-small:1.92%;--awb-spacing-left-small:1.92%;\"><div class=\"fusion-column-wrapper fusion-column-has-shadow fusion-flex-justify-content-flex-start fusion-content-layout-column\">\n<div class=\"table-1\">\n<table width=\"100%\">\n<thead>\n<tr>\n<th align=\"left\">1.1.2013 &#8211; 31.12.2016<\/th>\n<\/tr>\n<\/thead>\n<tbody>\n<tr>\n<td align=\"left\">\n<div><strong>Yll\u00e4pit\u00e4j\u00e4kunnat<\/strong>: Alaj\u00e4rvi, Alavus, Ilmajoki, Isokyr\u00f6, Jalasj\u00e4rvi, Karijoki, Kauhajoki, Kauhava, Kristiinankaupunki, Kuortane, Kurikka, Lapua, Multia, Saarij\u00e4rvi, Sein\u00e4joki, Soini, Teuva, Virrat, \u00c4ht\u00e4ri<\/div>\n<div><strong><br \/>\nYhtym\u00e4valtuusto<\/strong><\/div>\n<div>puheenjohtaja Martti Pajulammi, Sein\u00e4joki<\/div>\n<div>ens. varapuheenjohtaja Markku Koskela, Ilmajoki<\/div>\n<div>toinen varapuheenjohtaja Jukka-Pekka Taivalm\u00e4ki, Kauhajoki<\/div>\n<div><strong><br \/>\nYhtym\u00e4hallitus<\/strong><\/div>\n<div>puheenjohtaja Erkki Honkala, Sein\u00e4joki<\/div>\n<div>ens. varapuheenjohtaja Juhani M\u00e4ki, Kurikka<\/div>\n<div>toinen varapuheenjohtaja Markku Lehtola, Sein\u00e4joki<\/div>\n<\/td>\n<\/tr>\n<\/tbody>\n<\/table>\n<\/div>\n<\/div><\/div><div class=\"fusion-layout-column fusion_builder_column fusion-builder-column-4 fusion_builder_column_1_1 1_1 fusion-flex-column\" style=\"--awb-bg-size:cover;--awb-width-large:100%;--awb-margin-top-large:0px;--awb-spacing-right-large:1.92%;--awb-margin-bottom-large:20px;--awb-spacing-left-large:1.92%;--awb-width-medium:100%;--awb-order-medium:0;--awb-spacing-right-medium:1.92%;--awb-spacing-left-medium:1.92%;--awb-width-small:100%;--awb-order-small:0;--awb-spacing-right-small:1.92%;--awb-spacing-left-small:1.92%;\"><div class=\"fusion-column-wrapper fusion-column-has-shadow fusion-flex-justify-content-flex-start fusion-content-layout-column\">\n<div class=\"table-1\">\n<table width=\"100%\">\n<thead>\n<tr>\n<th align=\"left\">1.1.2017 &#8211; 31.12.2020<\/th>\n<\/tr>\n<\/thead>\n<tbody>\n<tr>\n<td align=\"left\">\n<div><strong>Yll\u00e4pit\u00e4j\u00e4kunnat<\/strong>: Alaj\u00e4rvi, Alavus, Ilmajoki, Isokyr\u00f6, Karijoki, Kauhajoki, Kauhava, Kristiinankaupunki, Kuortane, Kurikka, Lapua, Multia, Sein\u00e4joki, Soini, Teuva, Virrat, \u00c4ht\u00e4ri<\/div>\n<div><strong><br \/>\nYhtym\u00e4valtuusto<\/strong><\/div>\n<div>puheenjohtaja Juhani M\u00e4ki Kurikka 1.1. &#8211; 31.5.2017, puheenjohtaja Martti Pajulammi<\/div>\n<div>ens. varapuheenjohtaja Markku Lehtola, Sein\u00e4joki<\/div>\n<div>toinen varapuheenjohtaja Mikko Aila, Sein\u00e4joki<\/div>\n<div><strong><br \/>\nYhtym\u00e4hallitus<\/strong><\/div>\n<div>puheenjohtaja Jouko Peltonen Sein\u00e4joki 1.1. &#8211; 3.9.2017, puheenjohtaja Erkki Honkala<\/div>\n<div>ens. varapuheenjohtaja Jyrki M\u00e4kynen, Sein\u00e4joki<\/div>\n<div>toinen varapuheenjohtaja Pertti V\u00e4\u00e4n\u00e4nen, Alaj\u00e4rvi<\/div>\n<\/td>\n<\/tr>\n<\/tbody>\n<\/table>\n<\/div>\n<\/div><\/div><div class=\"fusion-layout-column fusion_builder_column fusion-builder-column-5 fusion_builder_column_1_1 1_1 fusion-flex-column\" style=\"--awb-bg-size:cover;--awb-width-large:100%;--awb-margin-top-large:0px;--awb-spacing-right-large:1.92%;--awb-margin-bottom-large:20px;--awb-spacing-left-large:1.92%;--awb-width-medium:100%;--awb-order-medium:0;--awb-spacing-right-medium:1.92%;--awb-spacing-left-medium:1.92%;--awb-width-small:100%;--awb-order-small:0;--awb-spacing-right-small:1.92%;--awb-spacing-left-small:1.92%;\"><div class=\"fusion-column-wrapper fusion-column-has-shadow fusion-flex-justify-content-flex-start fusion-content-layout-column\">\n<div class=\"table-1\">\n<table width=\"100%\">\n<thead>\n<tr>\n<th align=\"left\">1.1.2021 &#8211; 2025<\/th>\n<\/tr>\n<\/thead>\n<tbody>\n<tr>\n<td align=\"left\">\n<div><strong>Yll\u00e4pit\u00e4j\u00e4kunnat<\/strong>: Alaj\u00e4rvi, Alavus, Ilmajoki, Isokyr\u00f6, Karijoki, Kauhajoki, Kauhava, Kristiinankaupunki, Kuortane, Kurikka, Lapua, Multia, Sein\u00e4joki, Soini, Teuva, Virrat, \u00c4ht\u00e4ri<\/div>\n<div><strong><br \/>\nYhtym\u00e4valtuusto<\/strong><\/div>\n<div>puheenjohtaja Mikko Aila, Sein\u00e4joki<\/div>\n<div>ens. varapuheenjohtaja Juhani M\u00e4ki, Kurikka<\/div>\n<div>toinen varapuheenjohtaja Jesse Luhtala, Sein\u00e4joki<\/div>\n<div><strong><br \/>\nYhtym\u00e4hallitus<\/strong><\/div>\n<div>puheenjohtaja Jouko Peltonen, Sein\u00e4joki<\/div>\n<div>ens. varapuheenjohtaja Piia Kattelus-Kilpel\u00e4inen, Sein\u00e4joki<\/div>\n<div>toinen varapuheenjohtaja Eetu Lehtola, Sein\u00e4joki<\/div>\n<\/td>\n<\/tr>\n<\/tbody>\n<\/table>\n<\/div>\n<\/div><\/div><\/div><\/div>\n","protected":false},"excerpt":{"rendered":"","protected":false},"author":3,"featured_media":0,"parent":1398,"menu_order":0,"comment_status":"closed","ping_status":"closed","template":"","meta":{"footnotes":""},"class_list":["post-1407","page","type-page","status-publish","hentry"],"_links":{"self":[{"href":"https:\/\/tarina.sedu.fi\/index.php\/wp-json\/wp\/v2\/pages\/1407","targetHints":{"allow":["GET"]}}],"collection":[{"href":"https:\/\/tarina.sedu.fi\/index.php\/wp-json\/wp\/v2\/pages"}],"about":[{"href":"https:\/\/tarina.sedu.fi\/index.php\/wp-json\/wp\/v2\/types\/page"}],"author":[{"embeddable":true,"href":"https:\/\/tarina.sedu.fi\/index.php\/wp-json\/wp\/v2\/users\/3"}],"replies":[{"embeddable":true,"href":"https:\/\/tarina.sedu.fi\/index.php\/wp-json\/wp\/v2\/comments?post=1407"}],"version-history":[{"count":19,"href":"https:\/\/tarina.sedu.fi\/index.php\/wp-json\/wp\/v2\/pages\/1407\/revisions"}],"predecessor-version":[{"id":1761,"href":"https:\/\/tarina.sedu.fi\/index.php\/wp-json\/wp\/v2\/pages\/1407\/revisions\/1761"}],"up":[{"embeddable":true,"href":"https:\/\/tarina.sedu.fi\/index.php\/wp-json\/wp\/v2\/pages\/1398"}],"wp:attachment":[{"href":"https:\/\/tarina.sedu.fi\/index.php\/wp-json\/wp\/v2\/media?parent=1407"}],"curies":[{"name":"wp","href":"https:\/\/api.w.org\/{rel}","templated":true}]}}