{"id":1405,"date":"2025-05-08T12:05:32","date_gmt":"2025-05-08T12:05:32","guid":{"rendered":"https:\/\/tarina.sedu.fi\/?page_id=1405"},"modified":"2025-06-02T09:11:17","modified_gmt":"2025-06-02T09:11:17","slug":"lhallinto","status":"publish","type":"page","link":"https:\/\/tarina.sedu.fi\/index.php\/liite\/lhallinto\/","title":{"rendered":"VHALLINTO"},"content":{"rendered":"<div class=\"fusion-fullwidth fullwidth-box fusion-builder-row-1 fusion-flex-container has-pattern-background has-mask-background nonhundred-percent-fullwidth non-hundred-percent-height-scrolling\" style=\"--awb-border-radius-top-left:0px;--awb-border-radius-top-right:0px;--awb-border-radius-bottom-right:0px;--awb-border-radius-bottom-left:0px;--awb-flex-wrap:wrap;\" ><div class=\"fusion-builder-row fusion-row fusion-flex-align-items-flex-start fusion-flex-content-wrap\" style=\"max-width:1144px;margin-left: calc(-4% \/ 2 );margin-right: calc(-4% \/ 2 );\"><div class=\"fusion-layout-column fusion_builder_column fusion-builder-column-0 fusion_builder_column_1_1 1_1 fusion-flex-column\" style=\"--awb-bg-size:cover;--awb-width-large:100%;--awb-margin-top-large:0px;--awb-spacing-right-large:1.92%;--awb-margin-bottom-large:20px;--awb-spacing-left-large:1.92%;--awb-width-medium:100%;--awb-order-medium:0;--awb-spacing-right-medium:1.92%;--awb-spacing-left-medium:1.92%;--awb-width-small:100%;--awb-order-small:0;--awb-spacing-right-small:1.92%;--awb-spacing-left-small:1.92%;\"><div class=\"fusion-column-wrapper fusion-column-has-shadow fusion-flex-justify-content-flex-start fusion-content-layout-column\"><div class=\"fusion-text fusion-text-1\"><p style=\"font-size: 33px; font-family: Metropolis_regular;\" data-fusion-font=\"true\"><b>Kuntayhtym\u00e4n johtajat<\/b><\/p>\n<\/div><div class=\"fusion-separator fusion-full-width-sep\" style=\"align-self: center;margin-left: auto;margin-right: auto;width:100%;\"><div class=\"fusion-separator-border sep-shadow\" style=\"--awb-height:20px;--awb-amount:20px;background:radial-gradient(ellipse at 50% -50% , var(--awb-color3) 0px, rgba(255, 255, 255, 0) 80%) repeat scroll 0 0 rgba(0, 0, 0, 0);background:-webkit-radial-gradient(ellipse at 50% -50% , var(--awb-color3) 0px, rgba(255, 255, 255, 0) 80%) repeat scroll 0 0 rgba(0, 0, 0, 0);background:-moz-radial-gradient(ellipse at 50% -50% , var(--awb-color3) 0px, rgba(255, 255, 255, 0) 80%) repeat scroll 0 0 rgba(0, 0, 0, 0);background:-o-radial-gradient(ellipse at 50% -50% , var(--awb-color3) 0px, rgba(255, 255, 255, 0) 80%) repeat scroll 0 0 rgba(0, 0, 0, 0);\"><\/div><\/div><\/div><\/div><div class=\"fusion-layout-column fusion_builder_column fusion-builder-column-1 fusion_builder_column_1_1 1_1 fusion-flex-column\" style=\"--awb-bg-size:cover;--awb-width-large:100%;--awb-margin-top-large:0px;--awb-spacing-right-large:1.92%;--awb-margin-bottom-large:20px;--awb-spacing-left-large:1.92%;--awb-width-medium:100%;--awb-order-medium:0;--awb-spacing-right-medium:1.92%;--awb-spacing-left-medium:1.92%;--awb-width-small:100%;--awb-order-small:0;--awb-spacing-right-small:1.92%;--awb-spacing-left-small:1.92%;\"><div class=\"fusion-column-wrapper fusion-column-has-shadow fusion-flex-justify-content-flex-start fusion-content-layout-column\">\n<div class=\"table-1\">\n<table width=\"100%\">\n<thead>\n<tr>\n<th align=\"left\"><strong>Tapio Varmola<\/strong><\/th>\n<\/tr>\n<\/thead>\n<tbody>\n<tr>\n<td align=\"left\">1992 &#8211; 1995 Sein\u00e4joen va. ammattikorkeakoulun rehtori<br \/>\n1995 &#8211; 2014 Sein\u00e4joen ammattikorkeakoulun rehtori<br \/>\n1995 &#8211; 2004 Sein\u00e4joen ammatillisen korkeakouluopetuksen kuntayhtym\u00e4n johtaja<br \/>\n2005 &#8211; 2013 Sein\u00e4joen koulutuskuntayhtym\u00e4n johtaja<br \/>\n2014 &#8211; 2020 Sein\u00e4joen Ammattikorkeakoulu Oy:n toimitusjohtaja<\/td>\n<\/tr>\n<\/tbody>\n<\/table>\n<\/div>\n<\/div><\/div><div class=\"fusion-layout-column fusion_builder_column fusion-builder-column-2 fusion_builder_column_1_1 1_1 fusion-flex-column\" style=\"--awb-bg-size:cover;--awb-width-large:100%;--awb-margin-top-large:0px;--awb-spacing-right-large:1.92%;--awb-margin-bottom-large:20px;--awb-spacing-left-large:1.92%;--awb-width-medium:100%;--awb-order-medium:0;--awb-spacing-right-medium:1.92%;--awb-spacing-left-medium:1.92%;--awb-width-small:100%;--awb-order-small:0;--awb-spacing-right-small:1.92%;--awb-spacing-left-small:1.92%;\"><div class=\"fusion-column-wrapper fusion-column-has-shadow fusion-flex-justify-content-flex-start fusion-content-layout-column\">\n<div class=\"table-1\">\n<table width=\"100%\">\n<thead>\n<tr>\n<th align=\"left\"><strong>Reija Lepola<\/strong><\/th>\n<\/tr>\n<\/thead>\n<tbody>\n<tr>\n<td align=\"left\">\n<div>2005 &#8211; 2007 Sein\u00e4joen koulutuskeskuksen johtaja<\/div>\n<div>2008 &#8211; 2013 Koulutuskeskus Sedun johtaja<\/div>\n<div>2013 &#8211; 2021 Sein\u00e4joen koulutuskuntayhtym\u00e4n johtaja, rehtori<\/div>\n<div><\/div>\n<div>2008 vuoden ammatillinen rehtori<\/div>\n<div>2017 ammattikasvatusneuvos<\/div>\n<\/td>\n<\/tr>\n<\/tbody>\n<\/table>\n<\/div>\n<\/div><\/div><div class=\"fusion-layout-column fusion_builder_column fusion-builder-column-3 fusion_builder_column_1_1 1_1 fusion-flex-column\" style=\"--awb-bg-size:cover;--awb-width-large:100%;--awb-margin-top-large:0px;--awb-spacing-right-large:1.92%;--awb-margin-bottom-large:20px;--awb-spacing-left-large:1.92%;--awb-width-medium:100%;--awb-order-medium:0;--awb-spacing-right-medium:1.92%;--awb-spacing-left-medium:1.92%;--awb-width-small:100%;--awb-order-small:0;--awb-spacing-right-small:1.92%;--awb-spacing-left-small:1.92%;\"><div class=\"fusion-column-wrapper fusion-column-has-shadow fusion-flex-justify-content-flex-start fusion-content-layout-column\">\n<div class=\"table-1\">\n<table width=\"100%\">\n<thead>\n<tr>\n<th align=\"left\"><strong>Pasi Artikainen<\/strong><\/th>\n<\/tr>\n<\/thead>\n<tbody>\n<tr>\n<td align=\"left\">2005 &#8211; 2007 aikuiskoulutusp\u00e4\u00e4llikk\u00f6<br \/>\n2008 &#8211; 2015 aikuiskoulutusjohtaja, Sedu Aikuiskoulutus, liikelaitos<br \/>\n2016 &#8211; 2017 aikuiskoulutusjohtaja, vararehtori<br \/>\n2018 &#8211; 2021 vararehtori<br \/>\n2021 &#8211; Sein\u00e4joen koulutuskuntayhtym\u00e4n johtaja, rehtori<\/td>\n<\/tr>\n<\/tbody>\n<\/table>\n<\/div>\n<\/div><\/div><\/div><\/div>\n","protected":false},"excerpt":{"rendered":"","protected":false},"author":3,"featured_media":0,"parent":1398,"menu_order":0,"comment_status":"closed","ping_status":"closed","template":"","meta":{"footnotes":""},"class_list":["post-1405","page","type-page","status-publish","hentry"],"_links":{"self":[{"href":"https:\/\/tarina.sedu.fi\/index.php\/wp-json\/wp\/v2\/pages\/1405","targetHints":{"allow":["GET"]}}],"collection":[{"href":"https:\/\/tarina.sedu.fi\/index.php\/wp-json\/wp\/v2\/pages"}],"about":[{"href":"https:\/\/tarina.sedu.fi\/index.php\/wp-json\/wp\/v2\/types\/page"}],"author":[{"embeddable":true,"href":"https:\/\/tarina.sedu.fi\/index.php\/wp-json\/wp\/v2\/users\/3"}],"replies":[{"embeddable":true,"href":"https:\/\/tarina.sedu.fi\/index.php\/wp-json\/wp\/v2\/comments?post=1405"}],"version-history":[{"count":13,"href":"https:\/\/tarina.sedu.fi\/index.php\/wp-json\/wp\/v2\/pages\/1405\/revisions"}],"predecessor-version":[{"id":2201,"href":"https:\/\/tarina.sedu.fi\/index.php\/wp-json\/wp\/v2\/pages\/1405\/revisions\/2201"}],"up":[{"embeddable":true,"href":"https:\/\/tarina.sedu.fi\/index.php\/wp-json\/wp\/v2\/pages\/1398"}],"wp:attachment":[{"href":"https:\/\/tarina.sedu.fi\/index.php\/wp-json\/wp\/v2\/media?parent=1405"}],"curies":[{"name":"wp","href":"https:\/\/api.w.org\/{rel}","templated":true}]}}