{"id":1389,"date":"2025-05-08T08:39:55","date_gmt":"2025-05-08T08:39:55","guid":{"rendered":"https:\/\/tarina.sedu.fi\/?page_id=1389"},"modified":"2025-06-05T08:25:01","modified_gmt":"2025-06-05T08:25:01","slug":"matkailuala","status":"publish","type":"page","link":"https:\/\/tarina.sedu.fi\/index.php\/matkailuala\/","title":{"rendered":"Matkailuala"},"content":{"rendered":"<div class=\"fusion-fullwidth fullwidth-box fusion-builder-row-1 fusion-flex-container has-pattern-background has-mask-background nonhundred-percent-fullwidth non-hundred-percent-height-scrolling\" style=\"--awb-border-radius-top-left:0px;--awb-border-radius-top-right:0px;--awb-border-radius-bottom-right:0px;--awb-border-radius-bottom-left:0px;--awb-flex-wrap:wrap;\" ><div class=\"fusion-builder-row fusion-row fusion-flex-align-items-flex-start fusion-flex-content-wrap\" style=\"max-width:1144px;margin-left: calc(-4% \/ 2 );margin-right: calc(-4% \/ 2 );\"><div class=\"fusion-layout-column fusion_builder_column fusion-builder-column-0 fusion_builder_column_1_2 1_2 fusion-flex-column\" style=\"--awb-bg-size:cover;--awb-width-large:50%;--awb-margin-top-large:0px;--awb-spacing-right-large:3.84%;--awb-margin-bottom-large:20px;--awb-spacing-left-large:3.84%;--awb-width-medium:100%;--awb-order-medium:0;--awb-spacing-right-medium:1.92%;--awb-spacing-left-medium:1.92%;--awb-width-small:100%;--awb-order-small:0;--awb-spacing-right-small:1.92%;--awb-spacing-left-small:1.92%;\"><div class=\"fusion-column-wrapper fusion-column-has-shadow fusion-flex-justify-content-flex-start fusion-content-layout-column\"><div class=\"fusion-text fusion-text-1\" style=\"--awb-text-font-family:&quot;Metropolis_regular&quot;;--awb-text-font-style:normal;--awb-text-font-weight:400;\"><p><span style=\"background-color: rgba(0, 0, 0, 0); font-size: 22px; font-family: Metropolis_regular;\" data-fusion-font=\"true\"><b>Leena Korpi<\/b><\/span><\/p>\n<p><b style=\"font-family: Metropolis_regular;\" data-fusion-font=\"true\">Seduun v. 2006 silloiseen H\u00e4rm\u00e4nmaan ammatti-instituuttiin<\/b><\/p>\n<p><b style=\"font-family: Metropolis_regular;\" data-fusion-font=\"true\">koulutus: restonomi AMK (Sein\u00e4joen ammattikorkeakoulu)<\/b><\/p>\n<p><b style=\"font-family: Metropolis_regular;\" data-fusion-font=\"true\">Onnistuminen<\/b><\/p>\n<p style=\"font-family: Metropolis_regular;\" data-fusion-font=\"true\">Mielest\u00e4ni olen onnistunut opettajana silloin, kun saan opiskelijan innostumaan ja kiinnostumaan alasta. Kun ujosta ja arasta opiskelijasta kuoriutuu rohkea ja toimelias matkailun ammattilainen positiivisen kannustamisen, yhdess\u00e4 tekemisen ja vastuun antamisen my\u00f6t\u00e4. Entisi\u00e4 opiskelijoitani ty\u00f6skentelee esim. asiakaspalveluty\u00f6ss\u00e4 hotelleissa, lentokent\u00e4ll\u00e4, kahviloissa tai ravintoloissa, markkinointiteht\u00e4viss\u00e4, ohjelmapalvelu- ja opasty\u00f6teht\u00e4viss\u00e4 Lapissa, erilaisissa teht\u00e4viss\u00e4 urheiluseuroissa. Ja joku on perustanut oman yrityksen.<\/p>\n<p style=\"font-family: Metropolis_regular;\" data-fusion-font=\"true\">Yrit\u00e4n luoda me-henke\u00e4; teemme opintoja ja k\u00e4yt\u00e4nn\u00f6n harjoituksia tiimin\u00e4 rennossa ja mukavassa ilmapiiriss\u00e4, mutta kuitenkin tunnollisesti ja huolellisesti. T\u00e4h\u00e4n ilmapiiriin auttaa varmaan paljon se, ett\u00e4 opiskelemme suunnitellen ja toteuttaen erilaisia tapahtumia ja ohjelmapalveluja tiimity\u00f6n\u00e4.<\/p>\n<p><b style=\"font-family: Metropolis_regular;\" data-fusion-font=\"true\">Kehitysharppaus<\/b><\/p>\n<p style=\"font-family: Metropolis_regular;\" data-fusion-font=\"true\">Ammatillisen koulutuksen reformin my\u00f6t\u00e4 opiskelija etenee opinnoissaan omaa polkua, ja osaaminen ratkaisee. Ammatillisista opinnoista h\u00e4n voi periaatteessa poimia ne valinnaiset kokonaisuudet, jotka tukevat h\u00e4nen urahaavettaan ja laajennettu ty\u00f6el\u00e4m\u00e4ss\u00e4 oppiminen mahdollistaa t\u00e4m\u00e4n polun toteuttamisen. Toki opiskelijan pit\u00e4\u00e4 olla motivoitunut ja itseohjautuva, ja opettaja tukee.<\/p>\n<\/div><\/div><\/div><div class=\"fusion-layout-column fusion_builder_column fusion-builder-column-1 fusion_builder_column_1_2 1_2 fusion-flex-column\" style=\"--awb-bg-size:cover;--awb-width-large:50%;--awb-margin-top-large:0px;--awb-spacing-right-large:3.84%;--awb-margin-bottom-large:20px;--awb-spacing-left-large:3.84%;--awb-width-medium:100%;--awb-order-medium:0;--awb-spacing-right-medium:1.92%;--awb-spacing-left-medium:1.92%;--awb-width-small:100%;--awb-order-small:0;--awb-spacing-right-small:1.92%;--awb-spacing-left-small:1.92%;\"><div class=\"fusion-column-wrapper fusion-column-has-shadow fusion-flex-justify-content-flex-start fusion-content-layout-column\"><div class=\"fusion-image-element \" style=\"--awb-caption-title-font-family:var(--h2_typography-font-family);--awb-caption-title-font-weight:var(--h2_typography-font-weight);--awb-caption-title-font-style:var(--h2_typography-font-style);--awb-caption-title-size:var(--h2_typography-font-size);--awb-caption-title-transform:var(--h2_typography-text-transform);--awb-caption-title-line-height:var(--h2_typography-line-height);--awb-caption-title-letter-spacing:var(--h2_typography-letter-spacing);\"><span class=\" fusion-imageframe imageframe-dropshadow imageframe-1 hover-type-none\" style=\"-webkit-box-shadow: 5px 5px 9px var(--awb-color7);box-shadow: 5px 5px 9px var(--awb-color7);\"><img decoding=\"async\" width=\"599\" height=\"799\" title=\"Leena Korpi ja P\u00e4ivi Kupari\" src=\"data:image\/svg+xml,%3Csvg%20xmlns%3D%27http%3A%2F%2Fwww.w3.org%2F2000%2Fsvg%27%20width%3D%27599%27%20height%3D%27799%27%20viewBox%3D%270%200%20599%20799%27%3E%3Crect%20width%3D%27599%27%20height%3D%27799%27%20fill-opacity%3D%220%22%2F%3E%3C%2Fsvg%3E\" data-orig-src=\"https:\/\/tarina.sedu.fi\/wp-content\/uploads\/2025\/06\/Leena-Korpi-ja-Paivi-Kupari.jpg\" alt class=\"lazyload img-responsive wp-image-2339\"\/><\/span><\/div><div class=\"fusion-text fusion-text-2\"><p><em>Leena Korpi (vas.) ja P\u00e4ivi Kupari<\/em><\/p>\n<\/div><\/div><\/div><\/div><\/div>\n","protected":false},"excerpt":{"rendered":"","protected":false},"author":4,"featured_media":0,"parent":0,"menu_order":0,"comment_status":"closed","ping_status":"closed","template":"","meta":{"footnotes":""},"class_list":["post-1389","page","type-page","status-publish","hentry"],"_links":{"self":[{"href":"https:\/\/tarina.sedu.fi\/index.php\/wp-json\/wp\/v2\/pages\/1389","targetHints":{"allow":["GET"]}}],"collection":[{"href":"https:\/\/tarina.sedu.fi\/index.php\/wp-json\/wp\/v2\/pages"}],"about":[{"href":"https:\/\/tarina.sedu.fi\/index.php\/wp-json\/wp\/v2\/types\/page"}],"author":[{"embeddable":true,"href":"https:\/\/tarina.sedu.fi\/index.php\/wp-json\/wp\/v2\/users\/4"}],"replies":[{"embeddable":true,"href":"https:\/\/tarina.sedu.fi\/index.php\/wp-json\/wp\/v2\/comments?post=1389"}],"version-history":[{"count":7,"href":"https:\/\/tarina.sedu.fi\/index.php\/wp-json\/wp\/v2\/pages\/1389\/revisions"}],"predecessor-version":[{"id":2340,"href":"https:\/\/tarina.sedu.fi\/index.php\/wp-json\/wp\/v2\/pages\/1389\/revisions\/2340"}],"wp:attachment":[{"href":"https:\/\/tarina.sedu.fi\/index.php\/wp-json\/wp\/v2\/media?parent=1389"}],"curies":[{"name":"wp","href":"https:\/\/api.w.org\/{rel}","templated":true}]}}