{"id":1276,"date":"2025-05-06T08:57:28","date_gmt":"2025-05-06T08:57:28","guid":{"rendered":"https:\/\/tarina.sedu.fi\/?page_id=1276"},"modified":"2025-06-05T19:06:12","modified_gmt":"2025-06-05T19:06:12","slug":"kone-ja-tuotantotekniikka","status":"publish","type":"page","link":"https:\/\/tarina.sedu.fi\/index.php\/kone-ja-tuotantotekniikka\/","title":{"rendered":"Kone- ja Tuotantotekniikka"},"content":{"rendered":"<p><div class=\"fusion-fullwidth fullwidth-box fusion-builder-row-1 fusion-flex-container has-pattern-background has-mask-background nonhundred-percent-fullwidth non-hundred-percent-height-scrolling\" style=\"--awb-border-radius-top-left:0px;--awb-border-radius-top-right:0px;--awb-border-radius-bottom-right:0px;--awb-border-radius-bottom-left:0px;--awb-flex-wrap:wrap;\" ><div class=\"fusion-builder-row fusion-row fusion-flex-align-items-flex-start fusion-flex-content-wrap\" style=\"max-width:1144px;margin-left: calc(-4% \/ 2 );margin-right: calc(-4% \/ 2 );\"><div class=\"fusion-layout-column fusion_builder_column fusion-builder-column-0 fusion_builder_column_1_2 1_2 fusion-flex-column\" style=\"--awb-bg-size:cover;--awb-width-large:50%;--awb-margin-top-large:0px;--awb-spacing-right-large:3.84%;--awb-margin-bottom-large:20px;--awb-spacing-left-large:3.84%;--awb-width-medium:100%;--awb-order-medium:0;--awb-spacing-right-medium:1.92%;--awb-spacing-left-medium:1.92%;--awb-width-small:100%;--awb-order-small:0;--awb-spacing-right-small:1.92%;--awb-spacing-left-small:1.92%;\"><div class=\"fusion-column-wrapper fusion-column-has-shadow fusion-flex-justify-content-flex-start fusion-content-layout-column\"><div class=\"fusion-text fusion-text-1\" style=\"--awb-text-font-family:&quot;Metropolis_regular&quot;;--awb-text-font-style:normal;--awb-text-font-weight:400;\"><p><b style=\"font-size: 22px; font-family: Metropolis_regular;\" data-fusion-font=\"true\">Niko Vuorela<\/b><\/p>\n<p><b style=\"font-family: Metropolis_regular;\" data-fusion-font=\"true\">Seduun v. 2009<\/b><\/p>\n<p><b style=\"font-family: Metropolis_regular;\" data-fusion-font=\"true\">koulutus: konetekniikan insin\u00f6\u00f6ri (Sein\u00e4joen ammattikorkeakoulu), koneistaja (Sein\u00e4joen koulutuskeskus, Sein\u00e4joen ammattioppilaitos)<\/b><\/p>\n<p><b style=\"font-family: Metropolis_regular;\" data-fusion-font=\"true\">Onnistuminen<\/b><\/p>\n<p style=\"font-family: Metropolis_regular;\" data-fusion-font=\"true\">Opetuksen yhdeksi ty\u00f6kaluksi olemme saaneet 3D-tulostimia, joilla saadaan nopeasti piirustuksen kappale k\u00e4teen. Ensin tehd\u00e4\u00e4n kolmiulotteinen malli kappaleesta, tulostetaan kappale muovista, esim. mopoon sylinteri. Kappale k\u00e4dess\u00e4\u00e4n opiskelija tekee ty\u00f6suunnitelman ja koneistaa samanlaisen. Kun oppimisymp\u00e4rist\u00f6\u00e4 on kehitetty ja menetelmi\u00e4 ajanmukaistettu, niin opiskelijat oppivat asioita paljon nopeammin.<\/p>\n<p style=\"font-family: Metropolis_regular;\" data-fusion-font=\"true\">Opettajana saan paljon voimaa siit\u00e4, ett\u00e4 opiskelijat tekev\u00e4t asioita, mit\u00e4 ensimm\u00e4isen vuoden opiskelijat ei aiemmin ikin\u00e4 ole pystyneet tekem\u00e4\u00e4n. Nyt opiskelijat ovat ty\u00f6ns\u00e4 \u00e4\u00e4ress\u00e4 niin tiiviisti, etteiv\u00e4t malta l\u00e4hte\u00e4 tauolle. Opiskelu on mielek\u00e4st\u00e4, kun opiskelija itse koneistaa osan, jota tarvitsee johonkin. Ty\u00f6 innostaa opiskelijaa oppimaan lis\u00e4\u00e4 ja motivoi opiskelijaa suorittamaan opinnot ajallaan.<\/p>\n<p><b style=\"font-family: Metropolis_regular;\" data-fusion-font=\"true\">Parasta<\/b><\/p>\n<p style=\"font-family: Metropolis_regular;\" data-fusion-font=\"true\">Uudet mahtavat tilat, korkeat, isot hallit mallintavat teollisuuden tuotantotiloja. Koneet ja niiden mukaisesti opiskelijat (levysepp\u00e4hitsaajat, koneistajat ja koneasentajat) toimivat omissa ty\u00f6tiloissaan. Ty\u00f6turvallisuus on kohentunut huomattavasti.<\/p>\n<p style=\"font-family: Metropolis_regular;\" data-fusion-font=\"true\">Ja meill\u00e4 on mahtavan ammattitaitoinen tiimi, jossa kaikilla on omat vahvuutensa ja meill\u00e4 on into kehitty\u00e4. T\u00e4st\u00e4 hy\u00f6tyv\u00e4t opiskelijat.<\/p>\n<\/div><\/div><\/div><div class=\"fusion-layout-column fusion_builder_column fusion-builder-column-1 fusion_builder_column_1_2 1_2 fusion-flex-column\" style=\"--awb-bg-size:cover;--awb-width-large:50%;--awb-margin-top-large:0px;--awb-spacing-right-large:3.84%;--awb-margin-bottom-large:20px;--awb-spacing-left-large:3.84%;--awb-width-medium:100%;--awb-order-medium:0;--awb-spacing-right-medium:1.92%;--awb-spacing-left-medium:1.92%;--awb-width-small:100%;--awb-order-small:0;--awb-spacing-right-small:1.92%;--awb-spacing-left-small:1.92%;\"><div class=\"fusion-column-wrapper fusion-column-has-shadow fusion-flex-justify-content-flex-start fusion-content-layout-column\"><div class=\"fusion-image-element \" style=\"--awb-caption-title-font-family:var(--h2_typography-font-family);--awb-caption-title-font-weight:var(--h2_typography-font-weight);--awb-caption-title-font-style:var(--h2_typography-font-style);--awb-caption-title-size:var(--h2_typography-font-size);--awb-caption-title-transform:var(--h2_typography-text-transform);--awb-caption-title-line-height:var(--h2_typography-line-height);--awb-caption-title-letter-spacing:var(--h2_typography-letter-spacing);\"><span class=\" fusion-imageframe imageframe-dropshadow imageframe-1 hover-type-none\" style=\"-webkit-box-shadow: 5px 5px 9px var(--awb-color7);box-shadow: 5px 5px 9px var(--awb-color7);\"><img decoding=\"async\" width=\"4032\" height=\"3024\" title=\"Niko Vuorela\" src=\"data:image\/svg+xml,%3Csvg%20xmlns%3D%27http%3A%2F%2Fwww.w3.org%2F2000%2Fsvg%27%20width%3D%274032%27%20height%3D%273024%27%20viewBox%3D%270%200%204032%203024%27%3E%3Crect%20width%3D%274032%27%20height%3D%273024%27%20fill-opacity%3D%220%22%2F%3E%3C%2Fsvg%3E\" data-orig-src=\"https:\/\/tarina.sedu.fi\/wp-content\/uploads\/2025\/06\/Niko-Vuorela.jpg\" alt class=\"lazyload img-responsive wp-image-2392\"\/><\/span><\/div><\/div><\/div><\/div><\/div><div class=\"fusion-fullwidth fullwidth-box fusion-builder-row-2 fusion-flex-container has-pattern-background has-mask-background nonhundred-percent-fullwidth non-hundred-percent-height-scrolling\" style=\"--awb-border-radius-top-left:0px;--awb-border-radius-top-right:0px;--awb-border-radius-bottom-right:0px;--awb-border-radius-bottom-left:0px;--awb-flex-wrap:wrap;\" ><div class=\"fusion-builder-row fusion-row fusion-flex-align-items-flex-start fusion-flex-content-wrap\" style=\"max-width:1144px;margin-left: calc(-4% \/ 2 );margin-right: calc(-4% \/ 2 );\"><div class=\"fusion-layout-column fusion_builder_column fusion-builder-column-2 fusion_builder_column_1_2 1_2 fusion-flex-column\" style=\"--awb-bg-size:cover;--awb-width-large:50%;--awb-margin-top-large:0px;--awb-spacing-right-large:3.84%;--awb-margin-bottom-large:20px;--awb-spacing-left-large:3.84%;--awb-width-medium:100%;--awb-order-medium:0;--awb-spacing-right-medium:1.92%;--awb-spacing-left-medium:1.92%;--awb-width-small:100%;--awb-order-small:0;--awb-spacing-right-small:1.92%;--awb-spacing-left-small:1.92%;\"><div class=\"fusion-column-wrapper fusion-column-has-shadow fusion-flex-justify-content-flex-start fusion-content-layout-column\"><div class=\"fusion-text fusion-text-2\" style=\"--awb-text-font-family:&quot;Metropolis_regular&quot;;--awb-text-font-style:normal;--awb-text-font-weight:400;\"><p><b data-fusion-font=\"true\"><span style=\"font-size: 22px;\" data-fusion-font=\"true\">Janne Tynj\u00e4l\u00e4<\/span><\/b><\/p>\n<p><strong> <span style=\"background-color: rgba(0, 0, 0, 0);\">Seduun v. 2010<\/span><\/strong><\/p>\n<p><strong>koulutus: kone- ja tuotantotekniikan insin\u00f6\u00f6ri (Sein\u00e4joen ammattikorkeakoulu), CNC-koneistaja (H\u00e4rm\u00e4nmaan ammatti-instituutti)<\/strong><\/p>\n<p><b style=\"font-family: Metropolis_regular; font-size: 22px;\" data-fusion-font=\"true\">Teemu Kujanp\u00e4\u00e4<\/b><\/p>\n<p><strong>Seduun v. 2020<\/strong><\/p>\n<p><strong>koulutus: kone- ja tuotantotekniikan insin\u00f6\u00f6ri (Sein\u00e4joen ammattikorkeakoulu), autonasentaja (Suupohjan ammatti-instituutti)<\/strong><\/p>\n<p style=\"font-family: Metropolis_regular;\" data-fusion-font=\"true\">Meid\u00e4n yhteisty\u00f6 toimii hyvin!<\/p>\n<p><b style=\"font-family: Metropolis_regular;\" data-fusion-font=\"true\">Onnistuminen<\/b><\/p>\n<p style=\"font-family: Metropolis_regular;\" data-fusion-font=\"true\">On rakennettu osaamisala ja koulutus koneasentajaksi ja koneautomaatioasentajaksi<\/p>\n<p style=\"font-family: Metropolis_regular;\" data-fusion-font=\"true\">Digitalisaation my\u00f6t\u00e4 kunnossapidon merkitys on kasvanut, ja huoltopalveluyksik\u00f6ss\u00e4 asentajia tarvitaan. Sedussa koneasentajat ja koneautomaatioasentajat ovat vakiinnuttaneet koulutuksensa. Meilt\u00e4 opiskelijat valmistuu ja p\u00e4\u00e4see t\u00f6ihin eri alojen yrityksiin.<\/p>\n<p style=\"font-family: Metropolis_regular;\" data-fusion-font=\"true\">Kehitet\u00e4\u00e4n koulutusta koko ajan yhteisty\u00f6ss\u00e4 s\u00e4hk\u00f6alan (T\u00f6rn\u00e4v\u00e4ntien kampus) kanssa. Uskon, ett\u00e4 tulevaisuudessa tarve on nimenomaan koneautomaatioasentajille. Opiskelijoiden omat polut toteutuu; asennuksissa tarvitaan hitsausta, toiset valitsevat automaatiota, osa enemm\u00e4n hydrauliikkaa. Ty\u00f6paikat auttavat \/ ohjaavat opiskelijaa valitsemaan omaa polkuaan. Se on rikkaus ja ohjaukselle haaste. Osa l\u00f6yt\u00e4\u00e4 ty\u00f6ss\u00e4oppimispaikkansa itse ja osa k\u00e4ytt\u00e4\u00e4 meid\u00e4n kontakteja.<\/p>\n<p style=\"font-family: Metropolis_regular;\" data-fusion-font=\"true\">Meille hakeutuu tietyntyylisi\u00e4 opiskelijoita, v\u00e4h\u00e4n sellaisia pellepelottomia. He ovat kiinnostuneita alasta, soveltuu t\u00e4h\u00e4n ty\u00f6h\u00f6n.<\/p>\n<p style=\"font-family: Metropolis_regular;\" data-fusion-font=\"true\">Opiskelijat on erilaisia; joku on heikko jossakin mutta yleens\u00e4 jokaisella on vahvuutensa. Haasteita ty\u00f6ss\u00e4 opiskelijoiden kanssa on ollut aina, mutta p\u00e4ivitt\u00e4inen tekeminen kehitt\u00e4\u00e4 opettajan osaamista, ammattitaitoa.<\/p>\n<p style=\"font-family: Metropolis_regular;\" data-fusion-font=\"true\">Kolme pakollista yhteist\u00e4 tutkinnon osaa opintojen alussa, perusteet lastuavasta ty\u00f6st\u00f6st\u00e4 (koneistaja), hitsaus- ja levyt\u00f6ist\u00e4 (levysepp\u00e4hitsaaja) ja asennus ja automaatio (koneasentaja). Kev\u00e4\u00e4ll\u00e4 tiet\u00e4\u00e4 v\u00e4h\u00e4n enemm\u00e4n, kun valitsee ty\u00f6ss\u00e4oppimispaikkaa (5 vko)<\/p>\n<p><b style=\"font-family: Metropolis_regular;\" data-fusion-font=\"true\">Alan kehitysharppaus \u2013 uudet tilat<\/b><\/p>\n<p style=\"font-family: Metropolis_regular;\" data-fusion-font=\"true\">T\u00f6rn\u00e4v\u00e4ntiell\u00e4 l\u00e4hdettiin ihan pienest\u00e4 pajasta, nyt meill\u00e4 on Rastaantaipaleella ihan omat tilat.<\/p>\n<p style=\"font-family: Metropolis_regular;\" data-fusion-font=\"true\">Meill\u00e4 toimitaan ajatellen kest\u00e4v\u00e4\u00e4 kehityst\u00e4 ja talouttakin; meille tuodaan esim. rakennuspuolelta koneita ja laitteita korjattavaksi ja huollettavaksi. Ja luonnollisesti omat koneet huolletaan itse niin pitk\u00e4lle kuin mahdollista.<\/p>\n<\/div><\/div><\/div><div class=\"fusion-layout-column fusion_builder_column fusion-builder-column-3 fusion_builder_column_1_2 1_2 fusion-flex-column\" style=\"--awb-bg-size:cover;--awb-width-large:50%;--awb-margin-top-large:0px;--awb-spacing-right-large:3.84%;--awb-margin-bottom-large:20px;--awb-spacing-left-large:3.84%;--awb-width-medium:100%;--awb-order-medium:0;--awb-spacing-right-medium:1.92%;--awb-spacing-left-medium:1.92%;--awb-width-small:100%;--awb-order-small:0;--awb-spacing-right-small:1.92%;--awb-spacing-left-small:1.92%;\"><div class=\"fusion-column-wrapper fusion-column-has-shadow fusion-flex-justify-content-flex-start fusion-content-layout-column\"><div class=\"fusion-image-element \" style=\"--awb-caption-title-font-family:var(--h2_typography-font-family);--awb-caption-title-font-weight:var(--h2_typography-font-weight);--awb-caption-title-font-style:var(--h2_typography-font-style);--awb-caption-title-size:var(--h2_typography-font-size);--awb-caption-title-transform:var(--h2_typography-text-transform);--awb-caption-title-line-height:var(--h2_typography-line-height);--awb-caption-title-letter-spacing:var(--h2_typography-letter-spacing);\"><span class=\" fusion-imageframe imageframe-dropshadow imageframe-2 hover-type-none\" style=\"-webkit-box-shadow: 5px 5px 9px var(--awb-color7);box-shadow: 5px 5px 9px var(--awb-color7);\"><img decoding=\"async\" width=\"5472\" height=\"3648\" title=\"Janne Tynj\u00e4l\u00e4_Aapo Pasanen__2020-05-28\" src=\"data:image\/svg+xml,%3Csvg%20xmlns%3D%27http%3A%2F%2Fwww.w3.org%2F2000%2Fsvg%27%20width%3D%275472%27%20height%3D%273648%27%20viewBox%3D%270%200%205472%203648%27%3E%3Crect%20width%3D%275472%27%20height%3D%273648%27%20fill-opacity%3D%220%22%2F%3E%3C%2Fsvg%3E\" data-orig-src=\"https:\/\/tarina.sedu.fi\/wp-content\/uploads\/2025\/06\/Janne-Tynjala_Aapo-Pasanen__2020-05-28.jpg\" alt class=\"lazyload img-responsive wp-image-2325\"\/><\/span><\/div><div class=\"fusion-text fusion-text-3\"><p><em>Janne Tynj\u00e4l\u00e4 (oik.) ja koneasentajaksi valmistunut Aapo Pasanen 2020<\/em><\/p>\n<\/div><\/div><\/div><\/div><\/div><div class=\"fusion-fullwidth fullwidth-box fusion-builder-row-3 fusion-flex-container has-pattern-background has-mask-background nonhundred-percent-fullwidth non-hundred-percent-height-scrolling\" style=\"--awb-border-radius-top-left:0px;--awb-border-radius-top-right:0px;--awb-border-radius-bottom-right:0px;--awb-border-radius-bottom-left:0px;--awb-flex-wrap:wrap;\" ><div class=\"fusion-builder-row fusion-row fusion-flex-align-items-flex-start fusion-flex-content-wrap\" style=\"max-width:1144px;margin-left: calc(-4% \/ 2 );margin-right: calc(-4% \/ 2 );\"><div class=\"fusion-layout-column fusion_builder_column fusion-builder-column-4 fusion_builder_column_1_2 1_2 fusion-flex-column\" style=\"--awb-bg-size:cover;--awb-width-large:50%;--awb-margin-top-large:0px;--awb-spacing-right-large:3.84%;--awb-margin-bottom-large:20px;--awb-spacing-left-large:3.84%;--awb-width-medium:100%;--awb-order-medium:0;--awb-spacing-right-medium:1.92%;--awb-spacing-left-medium:1.92%;--awb-width-small:100%;--awb-order-small:0;--awb-spacing-right-small:1.92%;--awb-spacing-left-small:1.92%;\"><div class=\"fusion-column-wrapper fusion-column-has-shadow fusion-flex-justify-content-flex-start fusion-content-layout-column\"><div class=\"fusion-text fusion-text-4\"><\/div><\/div><\/div><div class=\"fusion-layout-column fusion_builder_column fusion-builder-column-5 fusion_builder_column_1_2 1_2 fusion-flex-column\" style=\"--awb-bg-size:cover;--awb-width-large:50%;--awb-margin-top-large:0px;--awb-spacing-right-large:3.84%;--awb-margin-bottom-large:20px;--awb-spacing-left-large:3.84%;--awb-width-medium:100%;--awb-order-medium:0;--awb-spacing-right-medium:1.92%;--awb-spacing-left-medium:1.92%;--awb-width-small:100%;--awb-order-small:0;--awb-spacing-right-small:1.92%;--awb-spacing-left-small:1.92%;\"><div class=\"fusion-column-wrapper fusion-column-has-shadow fusion-flex-justify-content-flex-start fusion-content-layout-column\"><\/div><\/div><\/div><\/div><\/p>\n","protected":false},"excerpt":{"rendered":"","protected":false},"author":4,"featured_media":0,"parent":0,"menu_order":0,"comment_status":"closed","ping_status":"closed","template":"","meta":{"footnotes":""},"class_list":["post-1276","page","type-page","status-publish","hentry"],"_links":{"self":[{"href":"https:\/\/tarina.sedu.fi\/index.php\/wp-json\/wp\/v2\/pages\/1276","targetHints":{"allow":["GET"]}}],"collection":[{"href":"https:\/\/tarina.sedu.fi\/index.php\/wp-json\/wp\/v2\/pages"}],"about":[{"href":"https:\/\/tarina.sedu.fi\/index.php\/wp-json\/wp\/v2\/types\/page"}],"author":[{"embeddable":true,"href":"https:\/\/tarina.sedu.fi\/index.php\/wp-json\/wp\/v2\/users\/4"}],"replies":[{"embeddable":true,"href":"https:\/\/tarina.sedu.fi\/index.php\/wp-json\/wp\/v2\/comments?post=1276"}],"version-history":[{"count":12,"href":"https:\/\/tarina.sedu.fi\/index.php\/wp-json\/wp\/v2\/pages\/1276\/revisions"}],"predecessor-version":[{"id":2394,"href":"https:\/\/tarina.sedu.fi\/index.php\/wp-json\/wp\/v2\/pages\/1276\/revisions\/2394"}],"wp:attachment":[{"href":"https:\/\/tarina.sedu.fi\/index.php\/wp-json\/wp\/v2\/media?parent=1276"}],"curies":[{"name":"wp","href":"https:\/\/api.w.org\/{rel}","templated":true}]}}