{"id":1232,"date":"2025-05-05T19:17:13","date_gmt":"2025-05-05T19:17:13","guid":{"rendered":"https:\/\/tarina.sedu.fi\/?page_id=1232"},"modified":"2025-06-05T08:34:32","modified_gmt":"2025-06-05T08:34:32","slug":"elintarvikeala","status":"publish","type":"page","link":"https:\/\/tarina.sedu.fi\/index.php\/elintarvikeala\/","title":{"rendered":"Elintarvikeala"},"content":{"rendered":"<div class=\"fusion-fullwidth fullwidth-box fusion-builder-row-1 fusion-flex-container has-pattern-background has-mask-background nonhundred-percent-fullwidth non-hundred-percent-height-scrolling\" style=\"--awb-border-radius-top-left:0px;--awb-border-radius-top-right:0px;--awb-border-radius-bottom-right:0px;--awb-border-radius-bottom-left:0px;--awb-flex-wrap:wrap;\" ><div class=\"fusion-builder-row fusion-row fusion-flex-align-items-flex-start fusion-flex-content-wrap\" style=\"max-width:1144px;margin-left: calc(-4% \/ 2 );margin-right: calc(-4% \/ 2 );\"><div class=\"fusion-layout-column fusion_builder_column fusion-builder-column-0 fusion_builder_column_1_2 1_2 fusion-flex-column\" style=\"--awb-bg-size:cover;--awb-width-large:50%;--awb-margin-top-large:0px;--awb-spacing-right-large:3.84%;--awb-margin-bottom-large:20px;--awb-spacing-left-large:3.84%;--awb-width-medium:100%;--awb-order-medium:0;--awb-spacing-right-medium:1.92%;--awb-spacing-left-medium:1.92%;--awb-width-small:100%;--awb-order-small:0;--awb-spacing-right-small:1.92%;--awb-spacing-left-small:1.92%;\"><div class=\"fusion-column-wrapper fusion-column-has-shadow fusion-flex-justify-content-flex-start fusion-content-layout-column\"><div class=\"fusion-text fusion-text-1\" style=\"--awb-text-font-family:&quot;Metropolis_regular&quot;;--awb-text-font-style:normal;--awb-text-font-weight:400;\"><p><strong style=\"font-family: Metropolis_regular; font-size: 20px;\" data-fusion-font=\"true\">Marjo Niskala<\/strong><\/p>\n<p style=\"font-family: Metropolis_regular;\" data-fusion-font=\"true\">Seduun v. 1999 silloiseen Sein\u00e4joen ammattioppilaitokseen<\/p>\n<p style=\"font-family: Metropolis_regular;\" data-fusion-font=\"true\">koulutus: restonomi AMK, elintarvikkeiden valmistaja (Sein\u00e4joen ammattioppilaitos)<\/p>\n<p style=\"font-family: Metropolis_regular;\" data-fusion-font=\"true\"><b>Onnistuminen<\/b><\/p>\n<p style=\"font-family: Metropolis_regular;\" data-fusion-font=\"true\">Yhdess\u00e4 t\u00e4t\u00e4 ty\u00f6t\u00e4 tehd\u00e4\u00e4n ja l\u00e4hity\u00f6piirin puhaltaminen yhteen hiileen on arvokasta ja t\u00e4rke\u00e4\u00e4. Jokaisella on omat vahvuutensa, ja yhdess\u00e4 olemme alamme rautaisia ammattilaisia. Perehdytys ja mentorointi on aina ollut osastomme vahvuus elintarvikealalla, ja se on pelastanut pulasta monta uutta opettajaa.<\/p>\n<p style=\"font-family: Metropolis_regular;\" data-fusion-font=\"true\">Opettajan ty\u00f6 on paljon muutakin kuin opettamista, se on my\u00f6s kasvattamista ja muuta ohjausta. Vuosien ammattitaidolla osaamme n\u00e4hd\u00e4 opiskelijan tilanteen ja pystymme ohjaamaan ja opastamaan h\u00e4nt\u00e4 ihan miss\u00e4 asiassa tahansa, oli se sitten opintoihin tai henkil\u00f6kohtaiseen el\u00e4m\u00e4\u00e4n liittyv\u00e4\u00e4 haastetta.<\/p>\n<p style=\"font-family: Metropolis_regular;\" data-fusion-font=\"true\"><b>Kehitysharppaus<\/b><\/p>\n<p style=\"font-family: Metropolis_regular;\" data-fusion-font=\"true\">Osaamisperusteisuus mahdollistaa jokaisen opiskelijan yksil\u00f6llisen opintopolun suunnittelun ja toteutuksen. Opiskelijan etu edell\u00e4 menn\u00e4\u00e4n, ja osaamisperusteisuudella saamme jokaisesta opiskelijasta h\u00e4nen vahvuutensa hy\u00f6dynnetty\u00e4. Lis\u00e4ksi my\u00f6s opiskelija saa kohdennettua opetusta, ja n\u00e4in ollen kaiken ilon irti opinnoistaan.<\/p>\n<\/div><\/div><\/div><div class=\"fusion-layout-column fusion_builder_column fusion-builder-column-1 fusion_builder_column_1_2 1_2 fusion-flex-column\" style=\"--awb-bg-size:cover;--awb-width-large:50%;--awb-margin-top-large:0px;--awb-spacing-right-large:3.84%;--awb-margin-bottom-large:20px;--awb-spacing-left-large:3.84%;--awb-width-medium:100%;--awb-order-medium:0;--awb-spacing-right-medium:1.92%;--awb-spacing-left-medium:1.92%;--awb-width-small:100%;--awb-order-small:0;--awb-spacing-right-small:1.92%;--awb-spacing-left-small:1.92%;\"><div class=\"fusion-column-wrapper fusion-column-has-shadow fusion-flex-justify-content-flex-start fusion-content-layout-column\"><div class=\"fusion-image-element \" style=\"--awb-caption-title-font-family:var(--h2_typography-font-family);--awb-caption-title-font-weight:var(--h2_typography-font-weight);--awb-caption-title-font-style:var(--h2_typography-font-style);--awb-caption-title-size:var(--h2_typography-font-size);--awb-caption-title-transform:var(--h2_typography-text-transform);--awb-caption-title-line-height:var(--h2_typography-line-height);--awb-caption-title-letter-spacing:var(--h2_typography-letter-spacing);\"><span class=\" fusion-imageframe imageframe-dropshadow imageframe-1 hover-type-none\" style=\"-webkit-box-shadow: 5px 5px 9px var(--awb-color7);box-shadow: 5px 5px 9px var(--awb-color7);\"><img decoding=\"async\" width=\"1500\" height=\"2250\" title=\"Marjo Niskala\" src=\"data:image\/svg+xml,%3Csvg%20xmlns%3D%27http%3A%2F%2Fwww.w3.org%2F2000%2Fsvg%27%20width%3D%271500%27%20height%3D%272250%27%20viewBox%3D%270%200%201500%202250%27%3E%3Crect%20width%3D%271500%27%20height%3D%272250%27%20fill-opacity%3D%220%22%2F%3E%3C%2Fsvg%3E\" data-orig-src=\"https:\/\/tarina.sedu.fi\/wp-content\/uploads\/2025\/06\/Marjo-Niskala.jpg\" alt class=\"lazyload img-responsive wp-image-2345\"\/><\/span><\/div><\/div><\/div><\/div><\/div>\n","protected":false},"excerpt":{"rendered":"","protected":false},"author":2,"featured_media":0,"parent":0,"menu_order":0,"comment_status":"closed","ping_status":"closed","template":"","meta":{"footnotes":""},"class_list":["post-1232","page","type-page","status-publish","hentry"],"_links":{"self":[{"href":"https:\/\/tarina.sedu.fi\/index.php\/wp-json\/wp\/v2\/pages\/1232","targetHints":{"allow":["GET"]}}],"collection":[{"href":"https:\/\/tarina.sedu.fi\/index.php\/wp-json\/wp\/v2\/pages"}],"about":[{"href":"https:\/\/tarina.sedu.fi\/index.php\/wp-json\/wp\/v2\/types\/page"}],"author":[{"embeddable":true,"href":"https:\/\/tarina.sedu.fi\/index.php\/wp-json\/wp\/v2\/users\/2"}],"replies":[{"embeddable":true,"href":"https:\/\/tarina.sedu.fi\/index.php\/wp-json\/wp\/v2\/comments?post=1232"}],"version-history":[{"count":7,"href":"https:\/\/tarina.sedu.fi\/index.php\/wp-json\/wp\/v2\/pages\/1232\/revisions"}],"predecessor-version":[{"id":2346,"href":"https:\/\/tarina.sedu.fi\/index.php\/wp-json\/wp\/v2\/pages\/1232\/revisions\/2346"}],"wp:attachment":[{"href":"https:\/\/tarina.sedu.fi\/index.php\/wp-json\/wp\/v2\/media?parent=1232"}],"curies":[{"name":"wp","href":"https:\/\/api.w.org\/{rel}","templated":true}]}}