{"id":1107,"date":"2025-05-03T23:24:12","date_gmt":"2025-05-03T23:24:12","guid":{"rendered":"https:\/\/tarina.sedu.fi\/?page_id=1107"},"modified":"2025-06-02T20:30:51","modified_gmt":"2025-06-02T20:30:51","slug":"ohjaus","status":"publish","type":"page","link":"https:\/\/tarina.sedu.fi\/index.php\/ohjaus\/","title":{"rendered":"OHJAUS"},"content":{"rendered":"<div class=\"fusion-fullwidth fullwidth-box fusion-builder-row-1 fusion-flex-container has-pattern-background has-mask-background nonhundred-percent-fullwidth non-hundred-percent-height-scrolling\" style=\"--awb-border-radius-top-left:0px;--awb-border-radius-top-right:0px;--awb-border-radius-bottom-right:0px;--awb-border-radius-bottom-left:0px;--awb-flex-wrap:wrap;\" ><div class=\"fusion-builder-row fusion-row fusion-flex-align-items-flex-start fusion-flex-content-wrap\" style=\"max-width:1144px;margin-left: calc(-4% \/ 2 );margin-right: calc(-4% \/ 2 );\"><div class=\"fusion-layout-column fusion_builder_column fusion-builder-column-0 fusion_builder_column_1_6 1_6 fusion-flex-column\" style=\"--awb-bg-size:cover;--awb-width-large:16.666666666667%;--awb-margin-top-large:0px;--awb-spacing-right-large:11.52%;--awb-margin-bottom-large:20px;--awb-spacing-left-large:11.52%;--awb-width-medium:100%;--awb-order-medium:0;--awb-spacing-right-medium:1.92%;--awb-spacing-left-medium:1.92%;--awb-width-small:100%;--awb-order-small:0;--awb-spacing-right-small:1.92%;--awb-spacing-left-small:1.92%;\"><div class=\"fusion-column-wrapper fusion-column-has-shadow fusion-flex-justify-content-flex-start fusion-content-layout-column\"><\/div><\/div><div class=\"fusion-layout-column fusion_builder_column fusion-builder-column-1 fusion_builder_column_3_5 3_5 fusion-flex-column\" style=\"--awb-bg-size:cover;--awb-width-large:60%;--awb-margin-top-large:0px;--awb-spacing-right-large:3.2%;--awb-margin-bottom-large:20px;--awb-spacing-left-large:3.2%;--awb-width-medium:100%;--awb-order-medium:0;--awb-spacing-right-medium:1.92%;--awb-spacing-left-medium:1.92%;--awb-width-small:100%;--awb-order-small:0;--awb-spacing-right-small:1.92%;--awb-spacing-left-small:1.92%;\"><div class=\"fusion-column-wrapper fusion-column-has-shadow fusion-flex-justify-content-flex-start fusion-content-layout-column\"><div class=\"fusion-text fusion-text-1\"><h2><span style=\"color: #000000;\"><strong>Opiskelijan omat polut \u2013 opettajan uudet roolit<\/strong><\/span><\/h2>\n<\/div><div class=\"fusion-text fusion-text-2\" style=\"--awb-text-font-family:&quot;Metropolis_regular&quot;;--awb-text-font-style:normal;--awb-text-font-weight:400;\"><div class=\"fusion-video fusion-youtube\" style=\"--awb-max-width:600px;--awb-max-height:360px;\"><div class=\"video-shortcode\"><lite-youtube videoid=\"z73QPN8S7P0\" class=\"landscape\" params=\"wmode=transparent&autoplay=1&enablejsapi=1\" title=\"YouTube video player 1\" width=\"600\" height=\"360\" data-thumbnail-size=\"auto\" data-no-cookie=\"on\"><\/lite-youtube><\/div><\/div>\n<p><em>Videolla vararehtori <strong>Hellevi Lassila<\/strong> kertoo mm. miten Sedu tukee opiskelijoiden kehityst\u00e4 hyviksi yhteiskunnan j\u00e4seniksi.<\/em><\/p>\n<p>HOKS, henkil\u00f6kohtainen osaamisen kehitt\u00e4missuunnitelma tarkoittaa, ett\u00e4 opiskelijan osaaminen tunnistetaan ja tunnustetaan; jos h\u00e4n jo osaa asian, h\u00e4n n\u00e4ytt\u00e4\u00e4 osaamisensa. Jokainen etenee oman suunnitelmansa mukaan. Yh\u00e4 enemm\u00e4n kannustetaan siihen, ett\u00e4 rakennetaan tutkinto omista tavoitteista k\u00e4sin. Tutkintoon voi sis\u00e4llytt\u00e4\u00e4 osia toisesta tutkinnosta.<\/p>\n<p>HOKSissa (HOKS-keskustelussa) voidaan sopia my\u00f6s ty\u00f6valtaisesta opiskelusta, esim. mitk\u00e4 tutkinnon osat opiskelija opiskelee ty\u00f6el\u00e4m\u00e4ss\u00e4. Oppiminen on ammatillisessa koulutuksessa ollut jo pitk\u00e4\u00e4n yhteisty\u00f6t\u00e4 ty\u00f6el\u00e4m\u00e4n kanssa.<\/p>\n<blockquote>\n<p>Ammatillisen koulutuksen tarjoamaa osaamista pystyt\u00e4\u00e4n hyvin huonosti koneilla, roboteilla tai teko\u00e4lyll\u00e4 korvaamaan. T\u00e4\u00e4ll\u00e4 tarvitaan ihmist\u00e4 ja tarvitaan ne k\u00e4dentaidot, jotka puolestaan tarvitsevat harjoitusta. Vain tekem\u00e4ll\u00e4 taidot kohenevat, vararehtori Hellevi Lassila muistuttaa.<\/p>\n<\/blockquote>\n<p><strong>Reagointinopeus<\/strong><\/p>\n<p>Kuinka nopeasti tulee uusi tutkinto, jos tulee uusi ammatti?<\/p>\n<blockquote>\n<p>En\u00e4\u00e4 ei tarvita uusia tutkintoja vaan voimme yhdistell\u00e4 eri tutkintojen osista ty\u00f6el\u00e4m\u00e4n tarpeisiin sopivan kokonaisuuden, Lassila painottaa.<\/p>\n<\/blockquote>\n<p><strong>Kaksi tutkintoa tai v\u00e4yl\u00e4opinnot<\/strong><\/p>\n<p>Osa perustutkinto-opiskelijoista on hyvin tavoitteellisia opintojen alusta l\u00e4htien. He haluavat edet\u00e4 ammatillista polkua korkeakouluopintoihin, jolloin heill\u00e4 on v\u00e4hint\u00e4\u00e4n kaksi vaihtoehtoa: kaksoistutkinto tai v\u00e4yl\u00e4opinnot. He voivat opiskella ammatillisen tutkinnon ja ylioppilastutkinnon. Osan yhteisist\u00e4 tutkinnon osista (YTO-opinnot) he suorittavat lukiossa, joka selke\u00e4sti valmistaa korkeakouluopintoihin.<\/p>\n<p>V\u00e4yl\u00e4opinnot (ensin siltaopinnot) on syksyst\u00e4 2018 alkaen ollut suora reitti Sedusta Sein\u00e4joen ammattikorkeakouluun ilman p\u00e4\u00e4sykokeita, kunhan suorittaa tietyn m\u00e4\u00e4r\u00e4n opintopisteit\u00e4. Vuoteen 2025 saakka v\u00e4yl\u00e4opinnot ovat johtaneet aina saman alan korkeakouluopintoihin. Jatkossa Sedun opiskelijalla on mahdollisuus jatkaa mihin tahansa ammattikorkeakoulututkintoon SeAMKissa, esim. sosiaali- ja terveysalan tutkinnosta voi jatkaa tradenomiopintoihin.<\/p>\n<p>Kahden tutkinnon tekij\u00f6it\u00e4 Sedussa on vuosittain yli 200, ja v\u00e4yl\u00e4opintojen opiskelijoita yli 100.<\/p>\n<p><strong>Urheilijaura jatkuu, kansainv\u00e4listymist\u00e4 tuetaan<\/strong><\/p>\n<p>Sedulla on urheilijoiden ammatillisen koulutuksen teht\u00e4v\u00e4 j\u00e4rjest\u00e4misluvassa, ja Sedu kuuluu urheiluakatemiaverkostoon. Sedussa tavoitteellinen akatemiaurheilija p\u00e4\u00e4see lajiharjoituksiin p\u00e4iv\u00e4ll\u00e4kin osana opintojaan.<\/p>\n<p>Kansainv\u00e4lisyydest\u00e4, kielist\u00e4, ty\u00f6skentelyst\u00e4 ulkomailla kiinnostunut opiskelija voi p\u00e4\u00e4st\u00e4 kansainv\u00e4liseen ty\u00f6ss\u00e4oppimiseen. Kulttuurien kohtaamiseen ja kielitaidon kohentamiseen tarjoutuu mahdollisuus ihan Sedussakin kansainv\u00e4lisi\u00e4 vieraita tutoroimalla tai osallistumalla hankkeisiin. Module IT -hankkeessa opetuskeitti\u00f6ss\u00e4 tehtiin ruokaa, tekeminen striimattiin vuorop\u00e4ivin Ranskasta, Italiasta, Hollannista ja Suomesta muihin osallistuviin kouluihin.<\/p>\n<\/div><div class=\"fusion-slider-sc\"><div class=\"fusion-flexslider-loading flexslider flexslider-hover-type-liftup\" data-slideshow_autoplay=\"1\" data-slideshow_smooth_height=\"0\" data-slideshow_speed=\"10000\" style=\"max-width:100%;height:100%;\"><ul class=\"slides\"><li class=\"video\"><div class=\"full-video\"><div class=\"fusion-video fusion-youtube\" style=\"--awb-max-width:600px;--awb-max-height:360px;\"><div class=\"video-shortcode\"><lite-youtube videoid=\"cTbHDtZlK8U\" class=\"landscape\" params=\"wmode=transparent&autoplay=1&enablejsapi=1\" title=\"YouTube video player 2\" width=\"600\" height=\"360\" data-thumbnail-size=\"auto\" data-no-cookie=\"on\"><\/lite-youtube><\/div><\/div><\/div><\/li><li class=\"video\"><div class=\"full-video\"><div class=\"fusion-video fusion-youtube\" style=\"--awb-max-width:600px;--awb-max-height:360px;\"><div class=\"video-shortcode\"><lite-youtube videoid=\"tZXwATz6PsQ\" class=\"landscape\" params=\"wmode=transparent&autoplay=1&enablejsapi=1\" title=\"YouTube video player 3\" width=\"600\" height=\"360\" data-thumbnail-size=\"auto\" data-no-cookie=\"on\"><\/lite-youtube><\/div><\/div><\/div><\/li><li class=\"video\"><div class=\"full-video\"><div class=\"fusion-video fusion-youtube\" style=\"--awb-max-width:600px;--awb-max-height:360px;\"><div class=\"video-shortcode\"><lite-youtube videoid=\"AHRnrlhsskc\" class=\"landscape\" params=\"wmode=transparent&autoplay=1&enablejsapi=1\" title=\"YouTube video player 4\" width=\"600\" height=\"360\" data-thumbnail-size=\"auto\" data-no-cookie=\"on\"><\/lite-youtube><\/div><\/div><\/div><\/li><\/ul><\/div><\/div><div class=\"fusion-text fusion-text-3\"><p><em>Videoilla vararehtori <strong>Hellevi Lassila<\/strong> kertoo hyvinvoinnin eteen teht\u00e4v\u00e4st\u00e4 ty\u00f6st\u00e4 Sedussa sek\u00e4 mik\u00e4 on Amiskoutsi. Lis\u00e4ksi <strong>Reija Lepola<\/strong> kertoo ohjauksen ja yksil\u00f6llisten opintopolkujen merkityksest\u00e4 opiskelijalle.<\/em><\/p>\n<\/div><div class=\"fusion-text fusion-text-4\"><p><strong>Ohjauksesta valmentamiseen <\/strong><\/p>\n<p>Opiskelija asettaa omat tavoitteensa, ja jokaisen kanssa tehd\u00e4\u00e4n henkil\u00f6kohtainen opiskelusuunnitelma. Sit\u00e4 p\u00e4ivitet\u00e4\u00e4n opiskelun edetess\u00e4, v\u00e4hint\u00e4\u00e4n puolen vuoden v\u00e4lein. Sedussa jokaisella opiskelijalla on vastuuohjaaja, joka k\u00e4y opiskelijan kanssa HOKS-keskustelut. Vastuuohjaajalla on valmentajan roolinsa my\u00f6s ty\u00f6el\u00e4m\u00e4ss\u00e4 oppimisen paikkoja valittaessa.<\/p>\n<p>Haasteellisiin nivelvaiheisiin, joko koulutukseen hakeutumiseen tai ty\u00f6llistymiseen, on kehitetty matalan kynnyksen palveluja, esim. Ohjaamo-toiminta.<\/p>\n<p>Opettajien avuksi tuli 2010-luvulla ammattiohjaajia; alan ammattihenkil\u00f6 toimii opettajan apuna k\u00e4yt\u00e4nn\u00f6n ty\u00f6teht\u00e4vien harjoittelussa. Osa opiskelijoista tarvitsee enemm\u00e4n ohjausta.<\/p>\n<blockquote>\n<p>Ammatillisessa koulutuksessa t\u00e4rkeint\u00e4 on, ett\u00e4 opiskelijaa tuetaan niin, ett\u00e4 h\u00e4n saavuttaa ammattitaitovaatimukset, Lassila painottaa.<\/p>\n<\/blockquote>\n<p><strong>Tukea tarvitsevat<\/strong><\/p>\n<blockquote>\n<p>Ammatillisen koulutuksen rikkaus on se, ett\u00e4 meille tulee hyvin erilaisia opiskelijoita. On opiskelijoita, joille teoriaopinnot ovat vaikeita mutta jotka loistavat ty\u00f6salissa ja k\u00e4yt\u00e4nn\u00f6n t\u00f6iss\u00e4. Ja sitten voi olla p\u00e4invastoin. Meill\u00e4 on huippuja, kuten tieto- ja viestint\u00e4tekniikan perustutkinnon 17-vuotiaana suorittanut nuori, joka palkattiin insin\u00f6\u00f6ritasoiseen teht\u00e4v\u00e4\u00e4n, koska h\u00e4n oli my\u00f6s vapaa-ajallaan kasvattanut osaamistaan. Mutta meill\u00e4 on my\u00f6s opiskelijoita, jotka tarvitsevat paljon apua ja tukea ammattitaitovaatimusten saavuttamiseksi, vararehtori Hellevi Lassila sanoo.<\/p>\n<p>Oppimisen tuen uudistus tulee voimaan 1.8.2026. Se edellytt\u00e4\u00e4, ett\u00e4 kaikkien tulee saada oppimiseen oikea-aikaisesti sit\u00e4 tukea, mit\u00e4 he tarvitsevat ammattitaitovaatimusten tai kielitaidon tai YTO-opintojen tavoitteiden saavuttamiseksi, Lassila jatkaa.<\/p>\n<\/blockquote>\n<p>Ohjaaminen on muuttunut eritt\u00e4in paljon laajennetun oppivelvollisuuden my\u00f6t\u00e4 (v. 2021). Nivelvaiheessa perusasteen kanssa tulee lakis\u00e4\u00e4teisesti vaihtaa tarpeellisia tietoja. Jos opiskelijalla on perusasteella ollut erityisi\u00e4 tukitoimia, tieto v\u00e4litet\u00e4\u00e4n toiselle asteelle ja Sedussa jatketaan siit\u00e4.<\/p>\n<p>Sedussa on joka kampuksella erva-vastaava (erityisen tuen vastaava), joka yhteisty\u00f6ss\u00e4 vastuuohjaajan kanssa valmistelee erityisen tuen suunnitelman. Suunnitelmaan kirjataan opiskelijan tarvitsemat tukitoimet, ja suunnitelmaa yll\u00e4pidet\u00e4\u00e4n koko ajan.<\/p>\n<p><strong>Vauhdittamo<\/strong><\/p>\n<p>Jos opinnot eiv\u00e4t etene, tukea annetaan Vauhdittamosta. Ohjausta tarvitaan ammatillisten sis\u00e4lt\u00f6jen lis\u00e4ksi yleissivist\u00e4viin yhteisiin tutkinnon osiin (YTO). Sedun jokaiselle kampukselle on perustettu Vauhdittamo, jossa ammattiohjaaja tai korona-ajan my\u00f6t\u00e4 my\u00f6s erityisopettaja tukee opiskelijaa oikea-aikaisesti. Opettajat laativat aina materiaalin, jota Vauhdittamoissa k\u00e4ytet\u00e4\u00e4n.<\/p>\n<div class=\"fusion-image-element in-legacy-container\" style=\"--awb-caption-title-font-family:var(--h2_typography-font-family);--awb-caption-title-font-weight:var(--h2_typography-font-weight);--awb-caption-title-font-style:var(--h2_typography-font-style);--awb-caption-title-size:var(--h2_typography-font-size);--awb-caption-title-transform:var(--h2_typography-text-transform);--awb-caption-title-line-height:var(--h2_typography-line-height);--awb-caption-title-letter-spacing:var(--h2_typography-letter-spacing);\"><span class=\" fusion-imageframe imageframe-dropshadow imageframe-1 hover-type-none\" style=\"-webkit-box-shadow: 5px 5px 9px var(--awb-color7);box-shadow: 5px 5px 9px var(--awb-color7);\"><img decoding=\"async\" width=\"1920\" height=\"1080\" title=\"1920 x 1080 IMG_8881\" src=\"data:image\/svg+xml,%3Csvg%20xmlns%3D%27http%3A%2F%2Fwww.w3.org%2F2000%2Fsvg%27%20width%3D%271920%27%20height%3D%271080%27%20viewBox%3D%270%200%201920%201080%27%3E%3Crect%20width%3D%271920%27%20height%3D%271080%27%20fill-opacity%3D%220%22%2F%3E%3C%2Fsvg%3E\" data-orig-src=\"https:\/\/tarina.sedu.fi\/wp-content\/uploads\/2025\/05\/1920-x-1080-IMG_8881.jpg\" alt class=\"lazyload img-responsive wp-image-1553\"\/><\/span><\/div>\n<p style=\"font-size: 13px; font-family: Metropolis_regular;\" data-fusion-font=\"true\"><span style=\"font-size: 12pt;\"><i>Vauhdittamossa erityisopettaja Elina Kuusisaari ja rakennusalan opiskelija Vili Per\u00e4aho. <\/i><\/span><\/p>\n<p>Vauhdittamo on Sedussa kehittynyt Jeesitupa-toiminnasta. EP:n Pajoilta urille -hankkeessa kokeiltiin my\u00f6s Kes\u00e4Jeesi\u00e4 v. 2010 ja 2011.<\/p>\n<blockquote>\n<p>Mutta jos havaitaan, ett\u00e4 alavalinta ei ole oikea, niin Sedussa Tuva (Tutkintokoulutukseen valmentava koulutus) ottaa vastaan. Sinne menn\u00e4\u00e4n etsim\u00e4\u00e4n sit\u00e4 uutta alaa ja vahvistamaan opiskeluvalmiuksia, jotta opinnot l\u00e4htisiv\u00e4t sujumaan. Tuvasta siirryt\u00e4\u00e4n aina suorittamaan toisen asteen tutkinto, Lassila kuvaa.<\/p>\n<\/blockquote>\n<h2><strong>Opettaja \u2013 onnistuminen ja kehitysharppaus<\/strong><\/h2>\n<p><strong><em>Susanna Peuralahti<\/em><\/strong><\/p>\n<p><em>Seduun v. 2004, silloiseen Kauhajoen koti- ja laitostalousoppilaitokseen<br \/>\n<\/em><em>Koulutus: sairaanhoitaja, terveystieteiden maisteri (TtM)<\/em><\/p>\n<blockquote>\n<p><em>Opettajana koen huippuhetki\u00e4, kun menen ty\u00f6paikoille ohjausk\u00e4ynneille. Tapaan siell\u00e4 niit\u00e4 ihmisi\u00e4 t\u00f6iss\u00e4\u00e4n, jotka ovat t\u00e4\u00e4ll\u00e4 Sedussa olleet nuoria, ehk\u00e4 ep\u00e4varmoja opiskelijoita. Ty\u00f6paikalla n\u00e4en, kuinka ammatillisesti he ohjaavat nykyist\u00e4 opiskelijaani. Opiskelijan arvioinnissa he tuovat esiin hyvin kypsi\u00e4 ajatuksia. Se on tosi hieno tunne. Ympyr\u00e4 sulkeutuu.<\/em><\/p>\n<p><strong><em>Kehitysharppaus<\/em><\/strong><\/p>\n<p><em>T\u00e4n\u00e4 p\u00e4iv\u00e4n\u00e4 aivan aidosti tehd\u00e4\u00e4n t\u00e4ysin yksil\u00f6llisi\u00e4 opinpolkuja. Olen ollut 20 vuotta opettajana, ja t\u00e4m\u00e4 on aidosti muuttunut viimeisen viiden vuoden aikana.<\/em><\/p>\n<p><em>J\u00e4ykk\u00e4 byrokratia on v\u00e4istynyt. Kun muistelee 20 vuotta taaksep\u00e4in, niin oli erikoista, jos joku teki esimerkiksi kes\u00e4ll\u00e4 ty\u00f6ss\u00e4oppimisjakson. T\u00e4n\u00e4 p\u00e4iv\u00e4n\u00e4 se on t\u00e4ysin arkea. Jokaiselle yksil\u00f6llisesti; joku tekee oppisopimuksena, joku aloittaa ensin koulutussopimuksella ja kahden viikon j\u00e4lkeen siit\u00e4 tehd\u00e4\u00e4nkin oppisopimus.<\/em><\/p>\n<p><em>Yksi edistysaskel tai -loikka oli digitalisaatio. Se auttaa meit\u00e4 ty\u00f6ss\u00e4: meill\u00e4 on hyv\u00e4t Moodle-pohjat, joiden avulla pystyy ohjaamaan jonkin verran itseopiskelua. Moodle on iso tuki ja materiaalipankki, mutta siell\u00e4 my\u00f6s tehd\u00e4\u00e4n suorituksia. Se antaa opiskelijalle mahdollisuuden edet\u00e4 omaa polkua.<\/em><\/p>\n<p><em>Kaikissa Sedun sote-opetuspisteiss\u00e4 sis\u00e4ll\u00f6t ovat linjassa, ja opiskelija pystyy esimerkiksi siirtym\u00e4\u00e4n yksik\u00f6st\u00e4 toiseen. Opiskelijat vertaavat materiaaleja, sis\u00e4lt\u00f6j\u00e4 ja kaikkea toimintaa yksik\u00f6iden v\u00e4lill\u00e4. On t\u00e4rke\u00e4\u00e4, ett\u00e4 sis\u00e4ll\u00f6t ovat yhdenmukaisia.<\/em><\/p>\n<\/blockquote>\n<h2><strong>Alumni \u2013 t\u00e4rkein oppi Sedusta<\/strong><\/h2>\n<p><strong><em>Matias Haapaniemi<\/em><\/strong><em>, datanomi ja ylioppilas v. 2019, nyt consigliere, partner, Above IT<\/em><\/p>\n<blockquote>\n<p><em>T\u00e4rkeimm\u00e4t taidot, mitk\u00e4 sain Sedun datanomiopinnoista oli ty\u00f6el\u00e4m\u00e4taidot ja esiintymistaidot. Teknisi\u00e4 taitoja pystyy hankkimaan mist\u00e4 tahansa j\u00e4lkik\u00e4teen mutta ty\u00f6el\u00e4m\u00e4taidot ja esiintymistaidot on aivan pakko olla IT-alalla. Me toimitaan koko ajan asiakasrajapinnassa. Pit\u00e4\u00e4 pysty\u00e4 esiintym\u00e4\u00e4n vakuuttavasti ja asiantuntevasti.<\/em><\/p>\n<\/blockquote>\n<\/div><\/div><\/div><\/div><\/div>\n","protected":false},"excerpt":{"rendered":"","protected":false},"author":2,"featured_media":0,"parent":0,"menu_order":0,"comment_status":"closed","ping_status":"closed","template":"","meta":{"footnotes":""},"class_list":["post-1107","page","type-page","status-publish","hentry"],"_links":{"self":[{"href":"https:\/\/tarina.sedu.fi\/index.php\/wp-json\/wp\/v2\/pages\/1107","targetHints":{"allow":["GET"]}}],"collection":[{"href":"https:\/\/tarina.sedu.fi\/index.php\/wp-json\/wp\/v2\/pages"}],"about":[{"href":"https:\/\/tarina.sedu.fi\/index.php\/wp-json\/wp\/v2\/types\/page"}],"author":[{"embeddable":true,"href":"https:\/\/tarina.sedu.fi\/index.php\/wp-json\/wp\/v2\/users\/2"}],"replies":[{"embeddable":true,"href":"https:\/\/tarina.sedu.fi\/index.php\/wp-json\/wp\/v2\/comments?post=1107"}],"version-history":[{"count":25,"href":"https:\/\/tarina.sedu.fi\/index.php\/wp-json\/wp\/v2\/pages\/1107\/revisions"}],"predecessor-version":[{"id":2300,"href":"https:\/\/tarina.sedu.fi\/index.php\/wp-json\/wp\/v2\/pages\/1107\/revisions\/2300"}],"wp:attachment":[{"href":"https:\/\/tarina.sedu.fi\/index.php\/wp-json\/wp\/v2\/media?parent=1107"}],"curies":[{"name":"wp","href":"https:\/\/api.w.org\/{rel}","templated":true}]}}