{"id":1105,"date":"2025-05-03T23:23:55","date_gmt":"2025-05-03T23:23:55","guid":{"rendered":"https:\/\/tarina.sedu.fi\/?page_id=1105"},"modified":"2025-06-02T07:26:33","modified_gmt":"2025-06-02T07:26:33","slug":"education","status":"publish","type":"page","link":"https:\/\/tarina.sedu.fi\/index.php\/education\/","title":{"rendered":"EDUCATION"},"content":{"rendered":"<div class=\"fusion-fullwidth fullwidth-box fusion-builder-row-1 fusion-flex-container has-pattern-background has-mask-background nonhundred-percent-fullwidth non-hundred-percent-height-scrolling\" style=\"--awb-border-radius-top-left:0px;--awb-border-radius-top-right:0px;--awb-border-radius-bottom-right:0px;--awb-border-radius-bottom-left:0px;--awb-flex-wrap:wrap;\" ><div class=\"fusion-builder-row fusion-row fusion-flex-align-items-flex-start fusion-flex-content-wrap\" style=\"max-width:1144px;margin-left: calc(-4% \/ 2 );margin-right: calc(-4% \/ 2 );\"><div class=\"fusion-layout-column fusion_builder_column fusion-builder-column-0 fusion_builder_column_1_6 1_6 fusion-flex-column\" style=\"--awb-bg-size:cover;--awb-width-large:16.666666666667%;--awb-margin-top-large:0px;--awb-spacing-right-large:11.52%;--awb-margin-bottom-large:20px;--awb-spacing-left-large:11.52%;--awb-width-medium:100%;--awb-order-medium:0;--awb-spacing-right-medium:1.92%;--awb-spacing-left-medium:1.92%;--awb-width-small:100%;--awb-order-small:0;--awb-spacing-right-small:1.92%;--awb-spacing-left-small:1.92%;\"><div class=\"fusion-column-wrapper fusion-column-has-shadow fusion-flex-justify-content-flex-start fusion-content-layout-column\"><\/div><\/div><div class=\"fusion-layout-column fusion_builder_column fusion-builder-column-1 fusion_builder_column_3_5 3_5 fusion-flex-column\" style=\"--awb-bg-size:cover;--awb-width-large:60%;--awb-margin-top-large:0px;--awb-spacing-right-large:3.2%;--awb-margin-bottom-large:20px;--awb-spacing-left-large:3.2%;--awb-width-medium:100%;--awb-order-medium:0;--awb-spacing-right-medium:1.92%;--awb-spacing-left-medium:1.92%;--awb-width-small:100%;--awb-order-small:0;--awb-spacing-right-small:1.92%;--awb-spacing-left-small:1.92%;\"><div class=\"fusion-column-wrapper fusion-column-has-shadow fusion-flex-justify-content-flex-start fusion-content-layout-column\"><div class=\"fusion-text fusion-text-1\"><h2><strong><span style=\"color: #000000;\">Sedu Education Oy ja koulutuskauppa \u2013 alueen ty\u00f6el\u00e4m\u00e4\u00e4 varten<\/span><\/strong><\/h2>\n<\/div><div class=\"fusion-text fusion-text-2\" style=\"--awb-text-font-family:&quot;Metropolis_regular&quot;;--awb-text-font-style:normal;--awb-text-font-weight:400;\"><blockquote>\n<p>Sedu Education Oy (per. 1.11.2016) on Sein\u00e4joen koulutuskuntayhtym\u00e4 Sedun tyt\u00e4ryhti\u00f6, joka toteuttaa t\u00e4ydennys- ja lis\u00e4koulutusta maksullisena palvelutoimintana. Yhti\u00f6n toimintaan ei siis k\u00e4ytet\u00e4 julkista rahoitusta. Toimitusjohtaja <strong>Joona Aro<\/strong>.<\/p>\n<p><a href=\"https:\/\/koulutuskauppa.sedu.fi\/fi\">https:\/\/koulutuskauppa.sedu.fi\/fi<\/a><\/p>\n<\/blockquote>\n<p>Sedu Education Oy palvelee alueen yrityksi\u00e4 ja ihmisi\u00e4. Asiakkaina on paljon teollisuusyrityksi\u00e4 mutta my\u00f6s sosiaali- ja terveysalalle toteutetaan paljon r\u00e4\u00e4t\u00e4l\u00f6ityj\u00e4 t\u00e4ydennyskoulutuksia.<\/p>\n<p>Yhti\u00f6 tuottaa koulutustarjottimelle koulutuksia, joita t\u00e4\u00e4ll\u00e4 tarvitaan, hyvin laajasti eri aloille, k\u00e4yt\u00e4nn\u00f6ss\u00e4 kaikille Sedun kouluttamille aloille.<\/p>\n<blockquote>\n<p>Lis\u00e4ksi meill\u00e4 on yhteisty\u00f6kumppaneita, joiden kautta pystyt\u00e4\u00e4n viel\u00e4 laajentamaan alojen tarjontaa. Haluamme palvella yrityksi\u00e4 ja niiden kaikkia ty\u00f6ntekij\u00e4ryhmi\u00e4 tuotannon ty\u00f6ntekij\u00f6ist\u00e4 keskijohtoon ja ylimp\u00e4\u00e4n johtoon mukaan luettuna talous- ja HR-palvelut, toimitusjohtaja Joona Aro kuvaa.<\/p>\n<\/blockquote>\n<p>Koulutukset ovat tavallisesti muutamista tunnista muutamiin p\u00e4iviin, harvoin on yli viikon mittaisia koulutuksia. Rekrytointikoulutuksen kestot ovat normaalisti muutamia kuukausia. Kielikoulutuksia ty\u00f6nantaja on hankkinut ty\u00f6ntekij\u00f6illeen esim. puoleksi vuodeksi, kerran viikossa.<\/p>\n<p>Rekrytointiin liittyv\u00e4t koulutukset ovat Sedu Education Oy:lle t\u00e4rkeit\u00e4, niin Etel\u00e4-Pohjanmaalla kuin kansainv\u00e4lisesti. Kun ty\u00f6voimaa halutaan ulkomailta Suomeen, Sedu Education Oy tuottaa my\u00f6s ammattitaidon ja soveltuvuuden testauspalveluja l\u00e4ht\u00f6maassa. Kun ty\u00f6voimatarve on suuri, tuloksekas vaihtoehto on etsi\u00e4 sopivia henkil\u00f6it\u00e4 (esim. henkil\u00f6st\u00f6palveluyrityksen avulla) ja kouluttaa heille tarvittavat taidot ty\u00f6h\u00f6n.<\/p>\n<p><strong>Sedu Akatemia yritysten kumppanina<\/strong><\/p>\n<p>Sedu Akatemiassa tehd\u00e4\u00e4n yrityskohtaisia osaamisen kehitt\u00e4missuunnitelmia.<\/p>\n<blockquote>\n<p>Yrityksist\u00e4 tulee pitki\u00e4 listoja koulutustarpeista. Usein samoja tarpeita on muissakin yrityksiss\u00e4, joten suunnittelemme soveltuvat koulutukset ja tuotamme ne koulutustarjottimelle, Aro kertoo.<\/p>\n<\/blockquote>\n<p>Jokainen yritys tai yksityishenkil\u00f6 voi ostaa koulutuksia koulutuskaupasta <a href=\"https:\/\/koulutuskauppa.sedu.fi\/fi\">https:\/\/koulutuskauppa.sedu.fi\/fi<\/a><\/p>\n<p>Sedu Education Oy:ss\u00e4 tehtiin v. 2024 toista tuhatta erilaista korttikoulutusta. Sedulla on mm. eri aloille r\u00e4\u00e4t\u00e4l\u00f6idyt ensiapukortit: hitsaavassa teollisuudessa pit\u00e4\u00e4 osata toimia palovammojen kanssa, s\u00e4rm\u00e4yksess\u00e4 puristus- tai viiltohaavat ovat mahdollisia. Ty\u00f6ntekij\u00e4lle lakis\u00e4\u00e4teinen koulutus muuttuukin oikeasti kiinnostavaksi. H\u00e4n suorittaa velvoitteensa mutta hy\u00f6tyy enemm\u00e4n.<\/p>\n<p>Yhti\u00f6 on palautteiden perusteella onnistunut hyvin. Viime vuonna palautekyselyyn vastasi yli 1700 henkil\u00f6\u00e4 (opiskelijavirta l\u00e4hes 4000 henkil\u00f6\u00e4), ja palaute oli eritt\u00e4in hyv\u00e4\u00e4: 4,6 \u2013 4,8 (max 5, tavoitetaso 4,3).<\/p>\n<p><strong><div class=\"fusion-video fusion-youtube\" style=\"--awb-max-width:600px;--awb-max-height:360px;\"><div class=\"video-shortcode\"><lite-youtube videoid=\"EiS5CDpOUq4\" class=\"landscape\" params=\"wmode=transparent&autoplay=1&enablejsapi=1\" title=\"YouTube video player 1\" width=\"600\" height=\"360\" data-thumbnail-size=\"auto\" data-no-cookie=\"on\"><\/lite-youtube><\/div><\/div>\u00a0<\/strong><em>Toimitusjohtaja Joona Aro kertoo videolla mm. koulutusviennist\u00e4.<\/em><\/p>\n<p><strong>AIKAJANA<\/strong><\/p>\n<p><strong>2025 <\/strong>Uusi koulutuskauppa on kaikkien saatavilla <strong><a href=\"https:\/\/koulutuskauppa.sedu.fi\/fi\">koulutuskauppa.sedu.fi<\/a><\/strong><\/p>\n<p><strong>2024 <\/strong>Sedu Education Oy sertifioi ISO9001 laatuj\u00e4rjestelm\u00e4n, hakee Suomen Vahvimmat Platina sertifikaatin vuosilta 2018-2024. Suomen kielen ja kotoutumisen koulutuksissa on enn\u00e4tysm\u00e4\u00e4r\u00e4 opiskelijoita. Yhti\u00f6 tekee Into Sein\u00e4joelle ja Etel\u00e4-Pohjanmaan liitolle selvityksen \u00c4lyk\u00e4s vihre\u00e4 kasvu \u2013 selvitys teollisuuden osaamistarpeista.<\/p>\n<p><strong>2023<\/strong> Henkil\u00f6st\u00f6m\u00e4\u00e4r\u00e4 nousee uuteen enn\u00e4tykseen ja yhti\u00f6ss\u00e4 on parhaimmillaan t\u00f6iss\u00e4 30 henkil\u00f6\u00e4. Suomeen saapuu t\u00f6ihin ensimm\u00e4inen Sedu Education Oy:n suomen kielen kouluttama hoitajaryhm\u00e4 Vietnamista.<\/p>\n<p><strong>2022 <\/strong>Sedu Education Oy aloittaa rekrytoinnin tukipalvelut Vietnamissa testaamalla hoitajien soveltuvuutta Suomeen ja tekem\u00e4ll\u00e4 henkil\u00f6arviointia ty\u00f6nantajalle. Ukrainalaisia saapuu paljon Etel\u00e4-Pohjanmaalle ja yhti\u00f6 on mukana suunnittelemassa palveluita heille.<\/p>\n<p><strong>2021 <\/strong>Yhti\u00f6 toteuttaa Opetushallituksen hankkeen, jonka avulla koulutettiin kymmeni\u00e4 ammatillisen koulutuksen opettajia robotiikkaan.<\/p>\n<p><strong>2020<\/strong> Yhti\u00f6 suunnittelee uuden Caruna Akatemia konseptin yhteisty\u00f6ss\u00e4 Baronan kanssa. Verkonrakentajia koulutetaan Carunan urakoitsijoiden tarpeisiin.<\/p>\n<p><strong>2019<\/strong> Sedu Eductionille muodostetaan oma hallinto ja johtoryhm\u00e4. Toiminta kehittyy omaksi kokonaisuudekseen.<\/p>\n<p><strong>2018<\/strong> vuonna tehd\u00e4\u00e4n paljon erilaisia rekrytointikoulutuksia. Yhti\u00f6 suunnittelee toteutuksia eri henkil\u00f6st\u00f6palveluyritysten ja suoraan yritysten kanssa.<\/p>\n<p><strong>2017<\/strong> Lapualla toteutetaan Uudenkaupungin Autotehtaalle 40 robottiprosessihoitajan rekrytointikoulutukset. Koulutusyhteisty\u00f6t\u00e4 laajennetaan vanhan Vaasan l\u00e4\u00e4nin alueelle Lakeuden kutsu -rekrytointihankinnan kautta. Sedu Education ja Baronan (Opteam) Metallimestarit yhteisty\u00f6n kautta ty\u00f6llistyy toistasataa tekij\u00e4\u00e4 Etel\u00e4-Pohjanmaan alueelle.<\/p>\n<p><strong>1.1.2017<\/strong> kuntalain muutoksen ja kilpailuneutraliteetin vuoksi Sedun maksullinen palvelutoiminta yhti\u00f6itet\u00e4\u00e4n ja Sedu Education Oy aloittaa toimintansa.<\/p>\n<p><strong>2016<\/strong> Metallimestari-koulutus yhteisty\u00f6ss\u00e4 Opteamin ja Etel\u00e4-Pohjanmaan TE-toimiston kanssa tuottaa hyvi\u00e4 tuloksia; robotiikka, s\u00e4rm\u00e4ys ja levyty\u00f6t, koneistus ja korkeapainehitsaus<\/p>\n<p><strong>2008<\/strong> Sedu Aikuiskoulutus kunnallinen liikelaitos (opiskelijavirta 5600\/vuosi)<\/p>\n<ul>\n<li>ammatillinen aikuiskoulutus tuottaa koulutus- ja kehitt\u00e4mispalveluja alueen yritysten liiketoiminnan kohentamiseksi<\/li>\n<li>2008 \u201dTy\u00f6per\u00e4inen maahanmuutto on ehk\u00e4 huomisen mahdollisuus\u201d, metallialan tekij\u00f6it\u00e4 Ven\u00e4j\u00e4lt\u00e4 Uljanovskista (Sedun yhteisty\u00f6oppilaitos)<\/li>\n<li>syksyll\u00e4 2008 metallialalle koulutetaan 10 vietnamilaishitsaria<\/li>\n<\/ul>\n<p><strong>Koulutus r\u00e4\u00e4t\u00e4l\u00f6id\u00e4\u00e4n asiakkaalle<\/strong><\/p>\n<div class=\"fusion-image-element in-legacy-container\" style=\"--awb-caption-title-font-family:var(--h2_typography-font-family);--awb-caption-title-font-weight:var(--h2_typography-font-weight);--awb-caption-title-font-style:var(--h2_typography-font-style);--awb-caption-title-size:var(--h2_typography-font-size);--awb-caption-title-transform:var(--h2_typography-text-transform);--awb-caption-title-line-height:var(--h2_typography-line-height);--awb-caption-title-letter-spacing:var(--h2_typography-letter-spacing);\"><span class=\" fusion-imageframe imageframe-dropshadow imageframe-1 hover-type-none\" style=\"-webkit-box-shadow: 5px 5px 9px var(--awb-color7);box-shadow: 5px 5px 9px var(--awb-color7);\"><img decoding=\"async\" width=\"5472\" height=\"3648\" title=\"Joona Aro_82I4630\" src=\"data:image\/svg+xml,%3Csvg%20xmlns%3D%27http%3A%2F%2Fwww.w3.org%2F2000%2Fsvg%27%20width%3D%275472%27%20height%3D%273648%27%20viewBox%3D%270%200%205472%203648%27%3E%3Crect%20width%3D%275472%27%20height%3D%273648%27%20fill-opacity%3D%220%22%2F%3E%3C%2Fsvg%3E\" data-orig-src=\"https:\/\/tarina.sedu.fi\/wp-content\/uploads\/2025\/05\/Joona-Aro_82I4630.jpg\" alt class=\"lazyload img-responsive wp-image-2053\"\/><\/span><\/div>\n<p><em>Toimitusjohtaja Joona Aro johdatti seurueensa tutustumaan robotiikan mahdollisuuksia Lapualla.<\/em><\/p>\n<p>Sedu Education Oy j\u00e4rjest\u00e4\u00e4 r\u00e4\u00e4t\u00e4l\u00f6ityj\u00e4 koulutuksia tiettyyn ty\u00f6teht\u00e4v\u00e4\u00e4n, laatuun liittyvi\u00e4 koulutuksia ja perinteisi\u00e4 korttikoulutuksia. Kun koulutus liittyy ammatilliseen osaamiseen, p\u00e4iv\u00e4nkin koulutuksella tekemist\u00e4 voidaan tehostaa ja laatua nostaa, esimerkiksi kun on rekrytoitu uusia henkil\u00f6it\u00e4. Koulutus v\u00e4hent\u00e4\u00e4 virheit\u00e4, materiaalih\u00e4vikki\u00e4. Yrityksill\u00e4 on tuotannollinen tai taloudellinen tarve koulutukselle, ja toisaalta lain tai asetuksen muuttuessa Sedu Education Oy tarjoaa apua p\u00e4tevyyksien saavuttamiseksi.<\/p>\n<p>Esimerkkin\u00e4 Joona Aro kertoo yrityksest\u00e4, jolla oli kriittinen hitsattava tuote ja haasteita hitsauskoneen s\u00e4\u00e4d\u00f6n tai parametrien kanssa.<\/p>\n<blockquote>\n<p>P\u00e4iv\u00e4n ajan meid\u00e4n kouluttajamme perehdytti n\u00e4ihin ja tuotteen laatu parani merkitt\u00e4v\u00e4sti, joten yritys saavutti aidosti kilpailuetua, Aro kuvaa.<\/p>\n<\/blockquote>\n<p>Sedu Education Oy on Sedun tyt\u00e4ryhti\u00f6, jonka teht\u00e4v\u00e4n\u00e4 on kehitt\u00e4\u00e4 alueen yritysten osaamista r\u00e4\u00e4t\u00e4l\u00f6idyill\u00e4 koulutuksilla, joista ei synny tutkintoa. Yhti\u00f6st\u00e4 puhutaan my\u00f6s Sedu Akatemiana. Se tekee yrityksille kokonaisvaltaisia osaamisenkehitt\u00e4missuunnitelmia osaksi laatuj\u00e4rjestelm\u00e4\u00e4. Akatemia toteuttaa paljon l\u00e4hikoulutuksia, usein yrityksen tiloissa. Verkossa koulutetaan, silloin kun se on mahdollista, ja esim. suomen kielen koulutuksia j\u00e4rjestet\u00e4\u00e4n Teamsin kautta kohdemaahan. Helpoin tapa kehitt\u00e4\u00e4 yrityksen osaamista on <strong><a href=\"https:\/\/koulutuskauppa.sedu.fi\/fi\">koulutuskauppa.sedu.fi<\/a><\/strong><\/p>\n<\/div><\/div><\/div><\/div><\/div>\n","protected":false},"excerpt":{"rendered":"","protected":false},"author":2,"featured_media":0,"parent":0,"menu_order":0,"comment_status":"closed","ping_status":"closed","template":"","meta":{"footnotes":""},"class_list":["post-1105","page","type-page","status-publish","hentry"],"_links":{"self":[{"href":"https:\/\/tarina.sedu.fi\/index.php\/wp-json\/wp\/v2\/pages\/1105","targetHints":{"allow":["GET"]}}],"collection":[{"href":"https:\/\/tarina.sedu.fi\/index.php\/wp-json\/wp\/v2\/pages"}],"about":[{"href":"https:\/\/tarina.sedu.fi\/index.php\/wp-json\/wp\/v2\/types\/page"}],"author":[{"embeddable":true,"href":"https:\/\/tarina.sedu.fi\/index.php\/wp-json\/wp\/v2\/users\/2"}],"replies":[{"embeddable":true,"href":"https:\/\/tarina.sedu.fi\/index.php\/wp-json\/wp\/v2\/comments?post=1105"}],"version-history":[{"count":23,"href":"https:\/\/tarina.sedu.fi\/index.php\/wp-json\/wp\/v2\/pages\/1105\/revisions"}],"predecessor-version":[{"id":2249,"href":"https:\/\/tarina.sedu.fi\/index.php\/wp-json\/wp\/v2\/pages\/1105\/revisions\/2249"}],"wp:attachment":[{"href":"https:\/\/tarina.sedu.fi\/index.php\/wp-json\/wp\/v2\/media?parent=1105"}],"curies":[{"name":"wp","href":"https:\/\/api.w.org\/{rel}","templated":true}]}}