{"id":1103,"date":"2025-05-03T23:23:39","date_gmt":"2025-05-03T23:23:39","guid":{"rendered":"https:\/\/tarina.sedu.fi\/?page_id=1103"},"modified":"2025-06-02T07:25:34","modified_gmt":"2025-06-02T07:25:34","slug":"oppisopimus","status":"publish","type":"page","link":"https:\/\/tarina.sedu.fi\/index.php\/oppisopimus\/","title":{"rendered":"OPPISOPIMUS"},"content":{"rendered":"<div class=\"fusion-fullwidth fullwidth-box fusion-builder-row-1 fusion-flex-container has-pattern-background has-mask-background nonhundred-percent-fullwidth non-hundred-percent-height-scrolling\" style=\"--awb-border-radius-top-left:0px;--awb-border-radius-top-right:0px;--awb-border-radius-bottom-right:0px;--awb-border-radius-bottom-left:0px;--awb-flex-wrap:wrap;\" ><div class=\"fusion-builder-row fusion-row fusion-flex-align-items-flex-start fusion-flex-content-wrap\" style=\"max-width:1144px;margin-left: calc(-4% \/ 2 );margin-right: calc(-4% \/ 2 );\"><div class=\"fusion-layout-column fusion_builder_column fusion-builder-column-0 fusion_builder_column_1_6 1_6 fusion-flex-column\" style=\"--awb-bg-size:cover;--awb-width-large:16.666666666667%;--awb-margin-top-large:0px;--awb-spacing-right-large:11.52%;--awb-margin-bottom-large:20px;--awb-spacing-left-large:11.52%;--awb-width-medium:100%;--awb-order-medium:0;--awb-spacing-right-medium:1.92%;--awb-spacing-left-medium:1.92%;--awb-width-small:100%;--awb-order-small:0;--awb-spacing-right-small:1.92%;--awb-spacing-left-small:1.92%;\"><div class=\"fusion-column-wrapper fusion-column-has-shadow fusion-flex-justify-content-flex-start fusion-content-layout-column\"><\/div><\/div><div class=\"fusion-layout-column fusion_builder_column fusion-builder-column-1 fusion_builder_column_3_5 3_5 fusion-flex-column\" style=\"--awb-bg-size:cover;--awb-width-large:60%;--awb-margin-top-large:0px;--awb-spacing-right-large:3.2%;--awb-margin-bottom-large:20px;--awb-spacing-left-large:3.2%;--awb-width-medium:100%;--awb-order-medium:0;--awb-spacing-right-medium:1.92%;--awb-spacing-left-medium:1.92%;--awb-width-small:100%;--awb-order-small:0;--awb-spacing-right-small:1.92%;--awb-spacing-left-small:1.92%;\"><div class=\"fusion-column-wrapper fusion-column-has-shadow fusion-flex-justify-content-flex-start fusion-content-layout-column\"><div class=\"fusion-separator fusion-full-width-sep\" style=\"align-self: center;margin-left: auto;margin-right: auto;width:100%;\"><div class=\"fusion-separator-border sep-shadow\" style=\"--awb-height:20px;--awb-amount:20px;background:radial-gradient(ellipse at 50% -50% , var(--awb-color3) 0px, rgba(255, 255, 255, 0) 80%) repeat scroll 0 0 rgba(0, 0, 0, 0);background:-webkit-radial-gradient(ellipse at 50% -50% , var(--awb-color3) 0px, rgba(255, 255, 255, 0) 80%) repeat scroll 0 0 rgba(0, 0, 0, 0);background:-moz-radial-gradient(ellipse at 50% -50% , var(--awb-color3) 0px, rgba(255, 255, 255, 0) 80%) repeat scroll 0 0 rgba(0, 0, 0, 0);background:-o-radial-gradient(ellipse at 50% -50% , var(--awb-color3) 0px, rgba(255, 255, 255, 0) 80%) repeat scroll 0 0 rgba(0, 0, 0, 0);\"><\/div><\/div><div class=\"fusion-text fusion-text-1\"><h2><strong><span style=\"color: #000000;\">Oppisopimusten suosio kasvaa<\/span><\/strong><\/h2>\n<\/div><div class=\"fusion-video fusion-youtube\" style=\"--awb-max-width:600px;--awb-max-height:360px;\"><div class=\"video-shortcode\"><lite-youtube videoid=\"Uf55i74pD_s\" class=\"landscape\" params=\"wmode=transparent&autoplay=1&enablejsapi=1\" title=\"YouTube video player 1\" width=\"600\" height=\"360\" data-thumbnail-size=\"auto\" data-no-cookie=\"on\"><\/lite-youtube><\/div><\/div><div class=\"fusion-text fusion-text-2\" style=\"--awb-text-font-family:&quot;Metropolis_regular&quot;;--awb-text-font-style:normal;--awb-text-font-weight:400;\"><p><span style=\"font-size: 12pt;\"><em>Yrityspalvelup\u00e4\u00e4llikk\u00f6 <strong>Satu Ahopelto<\/strong> kertoo videolla, miten oppisopimuksesta hy\u00f6tyv\u00e4t niin opiskelija kuin ty\u00f6nantajakin.<\/em><\/span><\/p>\n<p><div class=\"fusion-image-element in-legacy-container\" style=\"--awb-caption-title-font-family:var(--h2_typography-font-family);--awb-caption-title-font-weight:var(--h2_typography-font-weight);--awb-caption-title-font-style:var(--h2_typography-font-style);--awb-caption-title-size:var(--h2_typography-font-size);--awb-caption-title-transform:var(--h2_typography-text-transform);--awb-caption-title-line-height:var(--h2_typography-line-height);--awb-caption-title-letter-spacing:var(--h2_typography-letter-spacing);\"><span class=\" fusion-imageframe imageframe-dropshadow imageframe-1 hover-type-none\" style=\"-webkit-box-shadow: 5px 5px 9px var(--awb-color7);box-shadow: 5px 5px 9px var(--awb-color7);\"><img decoding=\"async\" width=\"1280\" height=\"720\" title=\"Pohja\" src=\"data:image\/svg+xml,%3Csvg%20xmlns%3D%27http%3A%2F%2Fwww.w3.org%2F2000%2Fsvg%27%20width%3D%271280%27%20height%3D%27720%27%20viewBox%3D%270%200%201280%20720%27%3E%3Crect%20width%3D%271280%27%20height%3D%27720%27%20fill-opacity%3D%220%22%2F%3E%3C%2Fsvg%3E\" data-orig-src=\"https:\/\/tarina.sedu.fi\/wp-content\/uploads\/2025\/05\/Pohja.jpg\" alt class=\"lazyload img-responsive wp-image-1920\"\/><\/span><\/div>\n<BR><\/p>\n<p>FAKTAT oppisopimuksesta<\/p>\n<ul>\n<li>osaaminen hankitaan p\u00e4\u00e4asiassa ty\u00f6paikalla, t\u00e4ydennet\u00e4\u00e4n opintoja oppilaitoksessa ja\/tai verkossa<\/li>\n<li>ty\u00f6paikalla on riitt\u00e4v\u00e4sti tuotanto- ja palvelutoimintaa sek\u00e4 tarpeelliset ty\u00f6v\u00e4lineet<\/li>\n<li>tavoitteena olevan tutkinnon tai sen osan\/osien mukaisia ty\u00f6teht\u00e4vi\u00e4 tehd\u00e4\u00e4n v\u00e4hint\u00e4\u00e4n 25 h\/vko<\/li>\n<li>opiskelija on ty\u00f6suhteessa (m\u00e4\u00e4r\u00e4aikainen ty\u00f6sopimus) ja saa ty\u00f6- ja virkaehtosopimuksen mukaista palkkaa<\/li>\n<li>ty\u00f6paikalla opiskelijaa ohjaa vastuullinen ty\u00f6paikkaohjaaja<\/li>\n<li>osaaminen osoitetaan ty\u00f6paikalla n\u00e4yt\u00f6ill\u00e4 k\u00e4yt\u00e4nn\u00f6n ty\u00f6teht\u00e4viss\u00e4<\/li>\n<li>kaikki v\u00e4hint\u00e4\u00e4n 15-vuotiaat voivat opiskella oppisopimuksella<\/li>\n<li>opiskelija etsii p\u00e4\u00e4s\u00e4\u00e4nt\u00f6isesti itse oppisopimusty\u00f6paikan<\/li>\n<li>my\u00f6s yritt\u00e4j\u00e4 voi kehitt\u00e4\u00e4 osaamistaan oppisopimuksella<\/li>\n<\/ul>\n<p>Laki ja asetus ammatillisesta koulutuksesta s\u00e4\u00e4telev\u00e4t oppisopimusta, ja osaltaan my\u00f6s ty\u00f6sopimuslaki.<\/p>\n<p><strong>Joustava<\/strong><\/p>\n<p>Opiskelija voi siirty\u00e4 opiskelemaan joustavasti oppisopimuksella esim. ty\u00f6el\u00e4m\u00e4ss\u00e4 oppimisjakson tai kes\u00e4t\u00f6iden ajaksi ja palata takaisin opiskelemaan oppilaitosymp\u00e4rist\u00f6ss\u00e4. Jos sopiva ty\u00f6el\u00e4m\u00e4ss\u00e4 oppimispaikka l\u00f6ytyy, opiskelija voi siirty\u00e4 tekem\u00e4\u00e4n tutkinnon loppuun oppisopimuksella, my\u00f6s ty\u00f6voimakoulutuksessa. T\u00e4m\u00e4 on my\u00f6s ty\u00f6nantajalle hyv\u00e4 mahdollisuus sitouttaa hyv\u00e4t opiskelijat yritykseen jo opintojen aikana.<\/p>\n<p><strong>Yksil\u00f6llinen<\/strong><\/p>\n<p>Oppisopimus suunnitellaan yksil\u00f6llisesti kunkin opiskelijan henkil\u00f6kohtaisen osaamisen kehitt\u00e4missuunnitelman (HOKS) mukaisesti ja mahdollinen aiemmin hankittu osaaminen otetaan huomioon.<\/p>\n<p>Opiskelijan opintoja suunniteltaessa voidaan ottaa huomioon my\u00f6s ty\u00f6nantajan tarpeet esimerkiksi valinnaisten tutkinnon osien kohdalla. Oppisopimuksen pituus m\u00e4\u00e4r\u00e4ytyy oppimistavoitteiden mukaan. Ammatti- ja erikoisammattitutkinnot suoritetaan keskim\u00e4\u00e4rin vuodessa, perustutkinnotkin usein parissa vuodessa. Kun tarvittava osaaminen on hankittu, opiskelija ohjataan n\u00e4ytt\u00f6\u00f6n. Oppisopimuksella voi opiskella tarvittaessa vain yhden tutkinnon osan tai yhdist\u00e4\u00e4 tutkinnon osia eri tutkinnoista<\/p>\n<p><strong>K<\/strong><strong>ustannustehokas<\/strong><\/p>\n<p>Oppisopimus on maksuton niin opiskelijalle kuin ty\u00f6nantajallekin. Ty\u00f6nantaja maksaa vain palkkakulut. Yritykselle maksetaan perustutkintoa suorittavista oppisopimusopiskelijoista koulutuskorvausta.<\/p>\n<blockquote>\n<p><em>Yhteisty\u00f6t\u00e4 tekev\u00e4t ihmiset. Niin Sedunkin kanssa. T\u00e4ysin kriittist\u00e4 onnistumiselle on ollut helppous ja mutkattomuus toimia Sedun asiantuntijoiden kanssa. Yhteisty\u00f6 on ollut hyv\u00e4 combo suunnitelmallisuutta sek\u00e4 nopeita ratkaisuja tuleviin haasteisiin. <strong>Kaija Ketola-Annala, henkil\u00f6st\u00f6n kehitt\u00e4misp\u00e4\u00e4llikk\u00f6, Atria<\/strong><\/em><\/p>\n<\/blockquote>\n<p><strong>TAUSTA<\/strong><\/p>\n<p>2000-luvun alussa Sein\u00e4joen ammattioppilaitoksen kuntayhtym\u00e4 yll\u00e4piti Etel\u00e4-Pohjanmaan oppisopimuskeskusta, ja vuosittain solmittiin n. 500 oppisopimusta. Esimerkiksi vuonna 2007 oppisopimuksella opiskeli 865 opiskelijaa 27 ammattialalta, ja ty\u00f6nantajia oli l\u00e4hes 300.<\/p>\n<div class=\"fusion-image-element in-legacy-container\" style=\"--awb-caption-title-font-family:var(--h2_typography-font-family);--awb-caption-title-font-weight:var(--h2_typography-font-weight);--awb-caption-title-font-style:var(--h2_typography-font-style);--awb-caption-title-size:var(--h2_typography-font-size);--awb-caption-title-transform:var(--h2_typography-text-transform);--awb-caption-title-line-height:var(--h2_typography-line-height);--awb-caption-title-letter-spacing:var(--h2_typography-letter-spacing);\"><span class=\" fusion-imageframe imageframe-dropshadow imageframe-2 hover-type-none\" style=\"-webkit-box-shadow: 5px 5px 9px var(--awb-color7);box-shadow: 5px 5px 9px var(--awb-color7);\"><img decoding=\"async\" width=\"1920\" height=\"1080\" title=\"1920 x 1080 Artikainen_Lassila_Ahopelto_Lepola3_17.11.2017\" src=\"data:image\/svg+xml,%3Csvg%20xmlns%3D%27http%3A%2F%2Fwww.w3.org%2F2000%2Fsvg%27%20width%3D%271920%27%20height%3D%271080%27%20viewBox%3D%270%200%201920%201080%27%3E%3Crect%20width%3D%271920%27%20height%3D%271080%27%20fill-opacity%3D%220%22%2F%3E%3C%2Fsvg%3E\" data-orig-src=\"https:\/\/tarina.sedu.fi\/wp-content\/uploads\/2025\/05\/1920-x-1080-Artikainen_Lassila_Ahopelto_Lepola3_17.11.2017.jpg\" alt class=\"lazyload img-responsive wp-image-2049\"\/><\/span><\/div>\n<p><em>Vuosi 2017: yrityspalvelup\u00e4\u00e4llikk\u00f6 Satu Ahopelto keskustelussa johdon kanssa. Kuvassa vararehtorit Pasi Artikainen ja Hellevi Lassila sek\u00e4 kuntayhtym\u00e4n johtaja Reija Lepola.<\/em><\/p>\n<\/div><\/div><\/div><\/div><\/div>\n","protected":false},"excerpt":{"rendered":"","protected":false},"author":2,"featured_media":0,"parent":0,"menu_order":0,"comment_status":"closed","ping_status":"closed","template":"","meta":{"footnotes":""},"class_list":["post-1103","page","type-page","status-publish","hentry"],"_links":{"self":[{"href":"https:\/\/tarina.sedu.fi\/index.php\/wp-json\/wp\/v2\/pages\/1103","targetHints":{"allow":["GET"]}}],"collection":[{"href":"https:\/\/tarina.sedu.fi\/index.php\/wp-json\/wp\/v2\/pages"}],"about":[{"href":"https:\/\/tarina.sedu.fi\/index.php\/wp-json\/wp\/v2\/types\/page"}],"author":[{"embeddable":true,"href":"https:\/\/tarina.sedu.fi\/index.php\/wp-json\/wp\/v2\/users\/2"}],"replies":[{"embeddable":true,"href":"https:\/\/tarina.sedu.fi\/index.php\/wp-json\/wp\/v2\/comments?post=1103"}],"version-history":[{"count":60,"href":"https:\/\/tarina.sedu.fi\/index.php\/wp-json\/wp\/v2\/pages\/1103\/revisions"}],"predecessor-version":[{"id":2248,"href":"https:\/\/tarina.sedu.fi\/index.php\/wp-json\/wp\/v2\/pages\/1103\/revisions\/2248"}],"wp:attachment":[{"href":"https:\/\/tarina.sedu.fi\/index.php\/wp-json\/wp\/v2\/media?parent=1103"}],"curies":[{"name":"wp","href":"https:\/\/api.w.org\/{rel}","templated":true}]}}