{"id":1097,"date":"2025-05-03T23:22:51","date_gmt":"2025-05-03T23:22:51","guid":{"rendered":"https:\/\/tarina.sedu.fi\/?page_id=1097"},"modified":"2025-06-02T07:23:25","modified_gmt":"2025-06-02T07:23:25","slug":"tehtava","status":"publish","type":"page","link":"https:\/\/tarina.sedu.fi\/index.php\/tehtava\/","title":{"rendered":"TEHTAVA"},"content":{"rendered":"<div class=\"fusion-fullwidth fullwidth-box fusion-builder-row-1 fusion-flex-container has-pattern-background has-mask-background nonhundred-percent-fullwidth non-hundred-percent-height-scrolling\" style=\"--awb-border-radius-top-left:0px;--awb-border-radius-top-right:0px;--awb-border-radius-bottom-right:0px;--awb-border-radius-bottom-left:0px;--awb-flex-wrap:wrap;\" ><div class=\"fusion-builder-row fusion-row fusion-flex-align-items-flex-start fusion-flex-content-wrap\" style=\"max-width:1144px;margin-left: calc(-4% \/ 2 );margin-right: calc(-4% \/ 2 );\"><div class=\"fusion-layout-column fusion_builder_column fusion-builder-column-0 fusion_builder_column_1_6 1_6 fusion-flex-column\" style=\"--awb-bg-size:cover;--awb-width-large:16.666666666667%;--awb-margin-top-large:0px;--awb-spacing-right-large:11.52%;--awb-margin-bottom-large:20px;--awb-spacing-left-large:11.52%;--awb-width-medium:100%;--awb-order-medium:0;--awb-spacing-right-medium:1.92%;--awb-spacing-left-medium:1.92%;--awb-width-small:100%;--awb-order-small:0;--awb-spacing-right-small:1.92%;--awb-spacing-left-small:1.92%;\"><div class=\"fusion-column-wrapper fusion-column-has-shadow fusion-flex-justify-content-flex-start fusion-content-layout-column\"><\/div><\/div><div class=\"fusion-layout-column fusion_builder_column fusion-builder-column-1 fusion_builder_column_3_5 3_5 fusion-flex-column\" style=\"--awb-bg-size:cover;--awb-width-large:60%;--awb-margin-top-large:0px;--awb-spacing-right-large:3.2%;--awb-margin-bottom-large:20px;--awb-spacing-left-large:3.2%;--awb-width-medium:100%;--awb-order-medium:0;--awb-spacing-right-medium:1.92%;--awb-spacing-left-medium:1.92%;--awb-width-small:100%;--awb-order-small:0;--awb-spacing-right-small:1.92%;--awb-spacing-left-small:1.92%;\"><div class=\"fusion-column-wrapper fusion-column-has-shadow fusion-flex-justify-content-flex-start fusion-content-layout-column\"><div class=\"fusion-text fusion-text-1\"><h2><strong><span style=\"color: #000000;\">Sedun perusteht\u00e4v\u00e4<\/span><\/strong><\/h2>\n<\/div><div class=\"fusion-text fusion-text-2\" style=\"--awb-text-transform:var(--awb-typography4-text-transform);--awb-text-font-family:var(--awb-typography4-font-family);--awb-text-font-weight:var(--awb-typography4-font-weight);--awb-text-font-style:var(--awb-typography4-font-style);\"><p><strong>Strategiaan Sedun perusteht\u00e4v\u00e4ksi on kirjattu kouluttaa ammattiosaajia, kehitt\u00e4\u00e4 alueen ty\u00f6- ja elinkeinoel\u00e4m\u00e4\u00e4, edist\u00e4\u00e4 yritt\u00e4jyytt\u00e4. Miten Sedu on onnistunut perusteht\u00e4v\u00e4ss\u00e4\u00e4n?<\/strong><\/p>\n<blockquote>\n<p>Onhan Sedu onnistunut. Kun tavoitteet on strategiaan kirjattu ja niit\u00e4 on puolueettomasti ulkoisesti arvioitu, ja Sedu on jopa valtakunnallisesti palkittu hyv\u00e4st\u00e4 toiminnasta. Silloin pit\u00e4\u00e4 my\u00f6s itse uskoa, ett\u00e4 on onnistuttu, vastaa <strong>Reija Lepola<\/strong> ja painottaa, miten hyvin opiskelijat saavat ty\u00f6paikalla oppimisen paikkoja.<\/p>\n<p>Vuonna 2004 yhdistymisen kynnyksell\u00e4 monialaisten suurten koulutuksen j\u00e4rjest\u00e4jien ryhm\u00e4ss\u00e4 saavutimme kaksoisvoiton, kun Sedun edelt\u00e4j\u00e4 oli ykk\u00f6nen ja silloinen Sein\u00e4joen ammattioppilaitos kakkonen, muistuttaa Lepola.<\/p>\n<\/blockquote>\n<div class=\"fusion-video fusion-youtube\" style=\"--awb-max-width:600px;--awb-max-height:360px;\"><div class=\"video-shortcode\"><lite-youtube videoid=\"1ctaYVjdthw\" class=\"landscape\" params=\"wmode=transparent&autoplay=1&enablejsapi=1\" title=\"YouTube video player 1\" width=\"600\" height=\"360\" data-thumbnail-size=\"auto\" data-no-cookie=\"on\"><\/lite-youtube><\/div><\/div>\n<p><span style=\"font-size: 12pt;\"><em><strong>Tapio Varmola<\/strong> ja <strong>Jouko Peltonen<\/strong> kertovat, miten Sedu on onnistunut perusteht\u00e4v\u00e4ss\u00e4\u00e4n.<\/em><\/span><\/p>\n<p>Vuonna 2013 Sedu palkittiin laatupalkinnolla, teemana yritt\u00e4jyys. Sedussa koulutukseen saattoi liitt\u00e4\u00e4 esim. osia Yritt\u00e4jien ammattitutkinnosta, oli alettu toteuttaa Yritt\u00e4jyyskasvatuskonferenssia, jonka j\u00e4rjestelyiss\u00e4 alueen yrityksill\u00e4 oli merkitt\u00e4v\u00e4 osuus. Osuuskuntatoiminta oli p\u00e4\u00e4ssyt alkuun, oli kes\u00e4pajoja ja Nuori Yritt\u00e4jyys -toimintaa. Vuonna 2018 laatupalkinnossa teemana oli opiskelija- ja henkil\u00f6st\u00f6hyvinvointi, ja kilpailuun osallistuttiin keskell\u00e4 reformin myllerryksi\u00e4.<\/p>\n<div class=\"fusion-image-element in-legacy-container\" style=\"--awb-caption-title-font-family:var(--h2_typography-font-family);--awb-caption-title-font-weight:var(--h2_typography-font-weight);--awb-caption-title-font-style:var(--h2_typography-font-style);--awb-caption-title-size:var(--h2_typography-font-size);--awb-caption-title-transform:var(--h2_typography-text-transform);--awb-caption-title-line-height:var(--h2_typography-line-height);--awb-caption-title-letter-spacing:var(--h2_typography-letter-spacing);\"><span class=\" fusion-imageframe imageframe-dropshadow imageframe-1 hover-type-none\" style=\"-webkit-box-shadow: 5px 5px 9px var(--awb-color7);box-shadow: 5px 5px 9px var(--awb-color7);\"><img decoding=\"async\" width=\"1920\" height=\"1080\" title=\"1920 x 1080 EPY_SeduYhteistyo_MG_9181\" src=\"data:image\/svg+xml,%3Csvg%20xmlns%3D%27http%3A%2F%2Fwww.w3.org%2F2000%2Fsvg%27%20width%3D%271920%27%20height%3D%271080%27%20viewBox%3D%270%200%201920%201080%27%3E%3Crect%20width%3D%271920%27%20height%3D%271080%27%20fill-opacity%3D%220%22%2F%3E%3C%2Fsvg%3E\" data-orig-src=\"https:\/\/tarina.sedu.fi\/wp-content\/uploads\/2025\/05\/1920-x-1080-EPY_SeduYhteistyo_MG_9181-1.jpg\" alt class=\"lazyload img-responsive wp-image-1936\"\/><\/span><\/div>\n<p style=\"font-size: 13px; font-family: Metropolis_regular;\" data-fusion-font=\"true\"><span style=\"font-size: 12pt;\"><i>Sedu allekirjoitti yhteisty\u00f6sopimuksen Etel\u00e4-Pohjanmaan Yritt\u00e4jien kanssa v. 2008. Kuvassa toiminnanjohtaja Anne Katajam\u00e4ki, johtaja Reija Lepola ja aikuiskoulutusjohtaja Pasi Artikainen. <\/i><\/span><\/p>\n<p><strong>\u00a0<\/strong><\/p>\n<p><strong>Vastuullinen maakunnallinen toimija<\/strong><\/p>\n<p>Kuntayhtym\u00e4n johtaja, rehtori <strong>Pasi Artikaisen<\/strong> n\u00e4kemys on, ett\u00e4 Sedu on maakunnallisena toimijana toiminut vastuullisesti ja saavuttanut luottamusta; koulutusta on koottu maltilla. Koulutusta on saatavilla laajasti Etel\u00e4-Pohjanmaalla verrattuna monen muun maakunnan voimakkaisiin keskittymiin. Maakunnallisuus on valittu Sedun linjaksi perustamisesta v. 2005 l\u00e4htien.<\/p>\n<blockquote>\n<p><em>Monipuoliset koulutusmahdollisuudet sek\u00e4 aito halu kehitt\u00e4\u00e4 opetusta vastaamaan ty\u00f6el\u00e4m\u00e4n tarpeita on Sedun vahvuus. Ketteryys niiss\u00e4 tilanteissa, kun sit\u00e4 on tarvittu. Sedun asiantuntijoilla on my\u00f6s ajantasainen tieto tutkintovaatimuksista ja tulevaisuuden muutoksista.<\/em><\/p>\n<p><em>Halu hy\u00f6dynt\u00e4\u00e4 ty\u00f6el\u00e4m\u00e4yhteyksi\u00e4 aidosti kuuntelemalla terveisi\u00e4 ja ajankohtaisia tarpeita. <\/em><\/p>\n<p><em>Yhdess\u00e4 on ratkaistu monta haastetta. <strong>Kaija Ketola-Annala, henkil\u00f6st\u00f6n kehitt\u00e4misp\u00e4\u00e4llikk\u00f6, Atria<\/strong><\/em><\/p>\n<\/blockquote>\n<blockquote>\n<p><em>Sein\u00e4joen kaupunki on vuoden 2025 alusta vastannut ty\u00f6llisyyspalvelujen j\u00e4rjest\u00e4misest\u00e4. Jo t\u00e4t\u00e4 ennen on kaupunki ollut mukana mm. ty\u00f6llisyyden kuntakokeilussa ja ollut aktiivisena toimijana niin ty\u00f6llist\u00e4j\u00e4n\u00e4 kuin eri ty\u00f6llisyystoimien rahoittajana.<\/em><\/p>\n<p><em>Sedu on Sein\u00e4joen kaupungille luotettu, aktiivinen ja uudistuva kumppani ty\u00f6llisyyden hoidossa. Sedu on ollut mukana kehitt\u00e4m\u00e4ss\u00e4 ty\u00f6llisyyden alueellista ekosysteemi\u00e4 ja oppilaitosten teht\u00e4vi\u00e4 t\u00e4m\u00e4n kokonaisuuden osana. Sedu ja sen henkil\u00f6st\u00f6 on kehitt\u00e4mishakuista ja avoin yhteisiin kehitt\u00e4mishankkeisiin. <strong>Erkki V\u00e4lim\u00e4ki, elinvoimajohtaja, Sein\u00e4joen kaupunki<\/strong><\/em><\/p>\n<\/blockquote>\n<p><strong>Kehitt\u00e4j\u00e4 valtakunnan tasolla<\/strong><\/p>\n<p>Sedun alusta alkaen kuntayhtym\u00e4n johto linjasi, ett\u00e4 Sedu haluaa olla kehitt\u00e4m\u00e4ss\u00e4 koko Suomen ammatillista koulutusta.<\/p>\n<blockquote>\n<p>Tapio Varmolan sanoin valtakunnan politiikkaan vaikutetaan, kun istutaan oikeissa p\u00f6ydiss\u00e4. Reija Lepola osallistui kansainv\u00e4liseen toimintaan n\u00e4kyv\u00e4sti ECVET-ty\u00f6ss\u00e4 ja toimi my\u00f6s SAJOn (Suomen Ammattikoulutuksen Johtajat SAJO ry) puheenjohtajana. Edelleen me osallistumme ty\u00f6ryhmiin, kannamme vastuumme hankkeissa ja olemme ministeri\u00f6n silmiss\u00e4 luotettava ja asiantunteva toimija, Artikainen kuvaa.<\/p>\n<\/blockquote>\n<p><strong>Opiskelijoita ja ty\u00f6el\u00e4m\u00e4\u00e4 ajatellen<\/strong><\/p>\n<div class=\"fusion-image-element in-legacy-container\" style=\"--awb-caption-title-font-family:var(--h2_typography-font-family);--awb-caption-title-font-weight:var(--h2_typography-font-weight);--awb-caption-title-font-style:var(--h2_typography-font-style);--awb-caption-title-size:var(--h2_typography-font-size);--awb-caption-title-transform:var(--h2_typography-text-transform);--awb-caption-title-line-height:var(--h2_typography-line-height);--awb-caption-title-letter-spacing:var(--h2_typography-letter-spacing);\"><span class=\" fusion-imageframe imageframe-dropshadow imageframe-2 hover-type-none\" style=\"-webkit-box-shadow: 5px 5px 9px var(--awb-color7);box-shadow: 5px 5px 9px var(--awb-color7);\"><img decoding=\"async\" width=\"1920\" height=\"1080\" title=\"1920 x 1080 rakennusala-kuva\" src=\"data:image\/svg+xml,%3Csvg%20xmlns%3D%27http%3A%2F%2Fwww.w3.org%2F2000%2Fsvg%27%20width%3D%271920%27%20height%3D%271080%27%20viewBox%3D%270%200%201920%201080%27%3E%3Crect%20width%3D%271920%27%20height%3D%271080%27%20fill-opacity%3D%220%22%2F%3E%3C%2Fsvg%3E\" data-orig-src=\"https:\/\/tarina.sedu.fi\/wp-content\/uploads\/2025\/05\/1920-x-1080-rakennusala-kuva-1.jpg\" alt class=\"lazyload img-responsive wp-image-1939\"\/><\/span><\/div>\n<blockquote>\n<p>Onhan Sedu onnistunut perusteht\u00e4v\u00e4ss\u00e4\u00e4n. Koulutus on kehittynyt, koneita ja laitteita on uudistettu, koulutussuuntia on muutettu tarpeen mukaisesti, tiloja on korjattu ja uusia rakennettu. Kun Jurvan toimipisteen lakkauttamisesta p\u00e4\u00e4tettiin, samalla aloitettiin Kurikan kampusalueen valmistelu yhdess\u00e4 Kurikan kaupungin kanssa. Onhan Kurikan kampus Etel\u00e4-Pohjanmaan parahin koulu, ainakin viel\u00e4, yhtym\u00e4valtuuston puheenjohtaja (2017\u20132021), varapuheenjohtaja (2021\u20132025) <strong>Juhani M\u00e4ki<\/strong> sanailee ylpe\u00e4n\u00e4.<\/p>\n<p>Ammatillisesta koulutuksesta ei tule valmiita ammattilaisia vaan koulutuksessa hankitaan hyv\u00e4t valmiudet ottaa tietoa vastaan, opitaan ty\u00f6el\u00e4m\u00e4taitoja. Yritysten osuutta tarvitaan perehdytyksess\u00e4 ja koulutuksessa. Koulutuskuntayhtym\u00e4 on onnistunut hyvin teht\u00e4v\u00e4ss\u00e4\u00e4n mutta valtakunnan p\u00e4\u00e4tt\u00e4jien pit\u00e4isi paljon enemm\u00e4n kuulla opettajia, painottaa <strong>Jorma Yli-Suomu<\/strong>.<\/p>\n<p>Ilahduttavaa on, ett\u00e4 jo vuonna 2008 todettiin, ett\u00e4 koulussa pysyt\u00e4\u00e4n muuta maata paremmin ja trendi on jatkunut. Se ei ole tullut itsest\u00e4\u00e4n. Erilaisin opiskelijahuollollisin toimin ja mm. valmistavalla \/ valmentavalla koulutuksella on tuettu opiskelijoiden hyvinvointia ja ty\u00f6kyky\u00e4. Erityist\u00e4 tukea tarvitsevien opiskelijoiden m\u00e4\u00e4r\u00e4 on kasvanut, ja heid\u00e4n parhaakseen on kehitetty tukitoimia, kuvaa <strong>Arja Hyyti\u00e4<\/strong>.<\/p>\n<\/blockquote>\n<p>Arja Hyyti\u00e4 nostaa esiin yhteis\u00f6lliset onnistumisen kokemukset, joita sedulaiset ovat saaneet j\u00e4rjest\u00e4m\u00e4ll\u00e4 isoja tapahtumia ja osallistumalla ammattiin opiskelevien Taitaja- ja SAKUstars-kilpailuihin. Niiss\u00e4 menestyminen on h\u00e4nen mukaansa oivallinen osoitus opetuksen tasosta, opettajien aktiivisuudesta ja ennen kaikkea opiskelijoiden m\u00e4\u00e4r\u00e4tietoisesta toiminnasta.<\/p>\n<\/div><\/div><\/div><\/div><\/div>\n","protected":false},"excerpt":{"rendered":"","protected":false},"author":2,"featured_media":0,"parent":0,"menu_order":0,"comment_status":"closed","ping_status":"closed","template":"","meta":{"footnotes":""},"class_list":["post-1097","page","type-page","status-publish","hentry"],"_links":{"self":[{"href":"https:\/\/tarina.sedu.fi\/index.php\/wp-json\/wp\/v2\/pages\/1097","targetHints":{"allow":["GET"]}}],"collection":[{"href":"https:\/\/tarina.sedu.fi\/index.php\/wp-json\/wp\/v2\/pages"}],"about":[{"href":"https:\/\/tarina.sedu.fi\/index.php\/wp-json\/wp\/v2\/types\/page"}],"author":[{"embeddable":true,"href":"https:\/\/tarina.sedu.fi\/index.php\/wp-json\/wp\/v2\/users\/2"}],"replies":[{"embeddable":true,"href":"https:\/\/tarina.sedu.fi\/index.php\/wp-json\/wp\/v2\/comments?post=1097"}],"version-history":[{"count":25,"href":"https:\/\/tarina.sedu.fi\/index.php\/wp-json\/wp\/v2\/pages\/1097\/revisions"}],"predecessor-version":[{"id":2247,"href":"https:\/\/tarina.sedu.fi\/index.php\/wp-json\/wp\/v2\/pages\/1097\/revisions\/2247"}],"wp:attachment":[{"href":"https:\/\/tarina.sedu.fi\/index.php\/wp-json\/wp\/v2\/media?parent=1097"}],"curies":[{"name":"wp","href":"https:\/\/api.w.org\/{rel}","templated":true}]}}